{"id":59,"date":"2014-12-03T16:24:32","date_gmt":"2014-12-03T16:24:32","guid":{"rendered":"http:\/\/www.tropiko.eu\/cz\/?post_type=product&#038;p=59"},"modified":"2025-02-28T13:48:44","modified_gmt":"2025-02-28T13:48:44","slug":"tropiko-420","status":"publish","type":"product","link":"https:\/\/www.tropiko.pl\/pl\/produkt\/tropiko-420\/","title":{"rendered":"TROPIKO 420"},"content":{"rendered":"<p>Sezonowe zadaszenie do okr\u0105g\u0142ego basenu. \u015arednica 420 cm dachowe.<br \/>\nNa basenu obudowa zatopiony do 370 cm \u015brednicy i rundy powy\u017cej basenu ziemi.<br \/>\nAluminiowa konstrukcja pokryta jest foli\u0105. \u0141atwy w obs\u0142udze, otwarte na 100%.<\/p>\n<p>Zadaszenie Tropika \u015brednica 420 cm<br \/>\n\u015arednica zadaszenia na ziemi jest maks. 4,2 m, wysoko\u015b\u0107 2,1 m.<\/p>\n<p><strong>Polecamy:<\/strong><br \/>\nw ziemi baseny \u015brednica 370 cm<br \/>\ndla powy\u017cszych basen\u00f3w naziemnych zgodnie z tabel\u0105 (takich jak baseny wysoko\u015bci 78 cm nad ziemi\u0105 o \u015brednicy maks. 370 cm.).<\/p>\n<p><strong>Czas dostawy:<\/strong><br \/>\nWyprawa do 3 dni po potwierdzeniu zam\u00f3wienia.<\/p>\n<p><strong>Dostawa:<\/strong><br \/>\nTowar wysy\u0142any przewo\u017anika kurierskiej, bez instalacji.<\/p>\n<p><strong>Gwarancja:<\/strong><br \/>\n24 miesi\u0119cy.<\/p>\n<p><strong>Pakowanie:<\/strong><br \/>\nKarton 190 cm x 53 cm x 25 cm, waga 35 kg.<\/p>\n<p>Instrukcje instalacji, karta gwarancyjna oraz instrukcja obs\u0142ugi do pobrania w formacie <a href=\"https:\/\/www.tropiko.pl\/pl\/wp-content\/uploads\/TROPIKO-zarucni_list_2021-PL.pdf\">PDF<\/a>.<br \/>\n<a href=\"https:\/\/www.tropiko.pl\/pl\/montaz-zadaszenia\/\">Procedura instalacji<\/a>.<br \/>\n<a href=\"https:\/\/www.tropiko.pl\/pl\/pytania-i-odpowiedzi\/\">Pytania i odpowiedzi<\/a> dotycz\u0105ce zadasze\u0144 basenowych TROPIKO.<\/p>\n<p>Wyprodukowano w Republice Czeskiej.<br \/>\n<a href=\"https:\/\/www.tropiko.pl\/pl\/czesci-zamienne\/\">Wszystkie cz\u0119\u015bci zamienne<\/a> s\u0105 dost\u0119pne.<\/p>\n","protected":false},"excerpt":{"rendered":"<p>Sezonowe zadaszenie do okr\u0105g\u0142ego basenu. \u015arednica 420 cm dachowe.<br \/>\nNa basenu obudowa zatopiony do 370 cm \u015brednicy i rundy powy\u017cej basenu ziemi.<br \/>\nAluminiowa konstrukcja pokryta jest foli\u0105. \u0141atwy w obs\u0142udze, otwarte na 100%.<\/p>\n","protected":false},"featured_media":118,"template":"","meta":[],"product_brand":[39],"product_cat":[9],"product_tag":[17,23,18,16,15,14,19,21,41,22,12,13,11],"class_list":{"0":"post-59","1":"product","2":"type-product","3":"status-publish","4":"has-post-thumbnail","6":"product_brand-tropiko","7":"product_cat-tropiko","8":"product_tag-azuro","9":"product_tag-florida","10":"product_tag-hawai","11":"product_tag-kruhovy-bazen","12":"product_tag-kulate-zastreseni","13":"product_tag-nadzemni-bazen","14":"product_tag-orlando","15":"product_tag-tampa","16":"product_tag-tropiko-420","17":"product_tag-wehncke","18":"product_tag-zakryti-bazenu","19":"product_tag-zapusteny-bazen","20":"product_tag-zastreseni-bazenu","21":"product_shipping_class-zdarma","23":"first","24":"instock","25":"taxable","26":"shipping-taxable","27":"purchasable","28":"product-type-simple"},"yoast_head":"<!-- This site is optimized with the Yoast SEO plugin v26.8-RC7 - https:\/\/yoast.com\/product\/yoast-seo-wordpress\/ -->\n<title>TROPIKO 420 &#8211; TROPIKO Polska<\/title>\n<meta name=\"robots\" content=\"index, follow, max-snippet:-1, max-image-preview:large, max-video-preview:-1\" \/>\n<link rel=\"canonical\" href=\"https:\/\/www.tropiko.pl\/pl\/produkt\/tropiko-420\/\" \/>\n<meta property=\"og:locale\" content=\"pl_PL\" \/>\n<meta property=\"og:type\" content=\"article\" \/>\n<meta property=\"og:title\" content=\"TROPIKO 420 &#8211; TROPIKO Polska\" \/>\n<meta property=\"og:description\" content=\"Sezonowe zadaszenie do okr\u0105g\u0142ego basenu. \u015arednica 420 cm dachowe. Na basenu obudowa zatopiony do 370 cm \u015brednicy i rundy powy\u017cej basenu ziemi. Aluminiowa konstrukcja pokryta jest foli\u0105. \u0141atwy w obs\u0142udze, otwarte na 100%.\" \/>\n<meta property=\"og:url\" content=\"https:\/\/www.tropiko.pl\/pl\/produkt\/tropiko-420\/\" \/>\n<meta property=\"og:site_name\" content=\"TROPIKO Polska\" \/>\n<meta property=\"article:publisher\" content=\"https:\/\/www.facebook.com\/TROPIKO.eu\" \/>\n<meta property=\"article:modified_time\" content=\"2025-02-28T13:48:44+00:00\" \/>\n<meta property=\"og:image\" content=\"https:\/\/www.tropiko.pl\/pl\/wp-content\/uploads\/tropiko-30.jpg\" \/>\n\t<meta property=\"og:image:width\" content=\"1200\" \/>\n\t<meta property=\"og:image:height\" content=\"702\" \/>\n\t<meta property=\"og:image:type\" content=\"image\/jpeg\" \/>\n<meta name=\"twitter:card\" content=\"summary_large_image\" \/>\n<meta name=\"twitter:label1\" content=\"Szacowany czas czytania\" \/>\n\t<meta name=\"twitter:data1\" content=\"2 minuty\" \/>\n<script type=\"application\/ld+json\" class=\"yoast-schema-graph\">{\"@context\":\"https:\/\/schema.org\",\"@graph\":[{\"@type\":\"WebPage\",\"@id\":\"https:\/\/www.tropiko.pl\/pl\/produkt\/tropiko-420\/\",\"url\":\"https:\/\/www.tropiko.pl\/pl\/produkt\/tropiko-420\/\",\"name\":\"TROPIKO 420 &#8211; TROPIKO Polska\",\"isPartOf\":{\"@id\":\"https:\/\/www.tropiko.pl\/pl\/#website\"},\"primaryImageOfPage\":{\"@id\":\"https:\/\/www.tropiko.pl\/pl\/produkt\/tropiko-420\/#primaryimage\"},\"image\":{\"@id\":\"https:\/\/www.tropiko.pl\/pl\/produkt\/tropiko-420\/#primaryimage\"},\"thumbnailUrl\":\"https:\/\/www.tropiko.pl\/pl\/wp-content\/uploads\/tropiko-30.jpg\",\"datePublished\":\"2014-12-03T16:24:32+00:00\",\"dateModified\":\"2025-02-28T13:48:44+00:00\",\"breadcrumb\":{\"@id\":\"https:\/\/www.tropiko.pl\/pl\/produkt\/tropiko-420\/#breadcrumb\"},\"inLanguage\":\"pl-PL\",\"potentialAction\":[{\"@type\":\"ReadAction\",\"target\":[\"https:\/\/www.tropiko.pl\/pl\/produkt\/tropiko-420\/\"]}]},{\"@type\":\"ImageObject\",\"inLanguage\":\"pl-PL\",\"@id\":\"https:\/\/www.tropiko.pl\/pl\/produkt\/tropiko-420\/#primaryimage\",\"url\":\"https:\/\/www.tropiko.pl\/pl\/wp-content\/uploads\/tropiko-30.jpg\",\"contentUrl\":\"https:\/\/www.tropiko.pl\/pl\/wp-content\/uploads\/tropiko-30.jpg\",\"width\":1200,\"height\":702,\"caption\":\"Zadaszenie na basen TROPIKO. Pokrycie basenu dla d\u0142u\u017cszych k\u0105pieli, ciep\u0142y basen i czysta woda jako azuro. Do naziemnych i zag\u0142\u0119bionych okr\u0105g\u0142ych basen\u00f3w ogrodowych.\"},{\"@type\":\"BreadcrumbList\",\"@id\":\"https:\/\/www.tropiko.pl\/pl\/produkt\/tropiko-420\/#breadcrumb\",\"itemListElement\":[{\"@type\":\"ListItem\",\"position\":1,\"name\":\"Dom\u016f\",\"item\":\"https:\/\/www.tropiko.pl\/pl\/\"},{\"@type\":\"ListItem\",\"position\":2,\"name\":\"sklep\",\"item\":\"https:\/\/www.tropiko.pl\/pl\/sklep\/\"},{\"@type\":\"ListItem\",\"position\":3,\"name\":\"TROPIKO 420\"}]},{\"@type\":\"WebSite\",\"@id\":\"https:\/\/www.tropiko.pl\/pl\/#website\",\"url\":\"https:\/\/www.tropiko.pl\/pl\/\",\"name\":\"TROPIKO Polska\",\"description\":\"\",\"publisher\":{\"@id\":\"https:\/\/www.tropiko.pl\/pl\/#organization\"},\"potentialAction\":[{\"@type\":\"SearchAction\",\"target\":{\"@type\":\"EntryPoint\",\"urlTemplate\":\"https:\/\/www.tropiko.pl\/pl\/?s={search_term_string}\"},\"query-input\":{\"@type\":\"PropertyValueSpecification\",\"valueRequired\":true,\"valueName\":\"search_term_string\"}}],\"inLanguage\":\"pl-PL\"},{\"@type\":\"Organization\",\"@id\":\"https:\/\/www.tropiko.pl\/pl\/#organization\",\"name\":\"TROPIKO Polska\",\"url\":\"https:\/\/www.tropiko.pl\/pl\/\",\"logo\":{\"@type\":\"ImageObject\",\"inLanguage\":\"pl-PL\",\"@id\":\"https:\/\/www.tropiko.pl\/pl\/#\/schema\/logo\/image\/\",\"url\":\"https:\/\/www.tropiko.pl\/pl\/wp-content\/uploads\/tropiko-logo2023-04.png\",\"contentUrl\":\"https:\/\/www.tropiko.pl\/pl\/wp-content\/uploads\/tropiko-logo2023-04.png\",\"width\":1680,\"height\":1080,\"caption\":\"TROPIKO Polska\"},\"image\":{\"@id\":\"https:\/\/www.tropiko.pl\/pl\/#\/schema\/logo\/image\/\"},\"sameAs\":[\"https:\/\/www.facebook.com\/TROPIKO.eu\"]}]}<\/script>\n<!-- \/ Yoast SEO plugin. -->","yoast_head_json":{"title":"TROPIKO 420 &#8211; TROPIKO Polska","robots":{"index":"index","follow":"follow","max-snippet":"max-snippet:-1","max-image-preview":"max-image-preview:large","max-video-preview":"max-video-preview:-1"},"canonical":"https:\/\/www.tropiko.pl\/pl\/produkt\/tropiko-420\/","og_locale":"pl_PL","og_type":"article","og_title":"TROPIKO 420 &#8211; TROPIKO Polska","og_description":"Sezonowe zadaszenie do okr\u0105g\u0142ego basenu. \u015arednica 420 cm dachowe. Na basenu obudowa zatopiony do 370 cm \u015brednicy i rundy powy\u017cej basenu ziemi. Aluminiowa konstrukcja pokryta jest foli\u0105. \u0141atwy w obs\u0142udze, otwarte na 100%.","og_url":"https:\/\/www.tropiko.pl\/pl\/produkt\/tropiko-420\/","og_site_name":"TROPIKO Polska","article_publisher":"https:\/\/www.facebook.com\/TROPIKO.eu","article_modified_time":"2025-02-28T13:48:44+00:00","og_image":[{"width":1200,"height":702,"url":"https:\/\/www.tropiko.pl\/pl\/wp-content\/uploads\/tropiko-30.jpg","type":"image\/jpeg"}],"twitter_card":"summary_large_image","twitter_misc":{"Szacowany czas czytania":"2 minuty"},"schema":{"@context":"https:\/\/schema.org","@graph":[{"@type":"WebPage","@id":"https:\/\/www.tropiko.pl\/pl\/produkt\/tropiko-420\/","url":"https:\/\/www.tropiko.pl\/pl\/produkt\/tropiko-420\/","name":"TROPIKO 420 &#8211; TROPIKO Polska","isPartOf":{"@id":"https:\/\/www.tropiko.pl\/pl\/#website"},"primaryImageOfPage":{"@id":"https:\/\/www.tropiko.pl\/pl\/produkt\/tropiko-420\/#primaryimage"},"image":{"@id":"https:\/\/www.tropiko.pl\/pl\/produkt\/tropiko-420\/#primaryimage"},"thumbnailUrl":"https:\/\/www.tropiko.pl\/pl\/wp-content\/uploads\/tropiko-30.jpg","datePublished":"2014-12-03T16:24:32+00:00","dateModified":"2025-02-28T13:48:44+00:00","breadcrumb":{"@id":"https:\/\/www.tropiko.pl\/pl\/produkt\/tropiko-420\/#breadcrumb"},"inLanguage":"pl-PL","potentialAction":[{"@type":"ReadAction","target":["https:\/\/www.tropiko.pl\/pl\/produkt\/tropiko-420\/"]}]},{"@type":"ImageObject","inLanguage":"pl-PL","@id":"https:\/\/www.tropiko.pl\/pl\/produkt\/tropiko-420\/#primaryimage","url":"https:\/\/www.tropiko.pl\/pl\/wp-content\/uploads\/tropiko-30.jpg","contentUrl":"https:\/\/www.tropiko.pl\/pl\/wp-content\/uploads\/tropiko-30.jpg","width":1200,"height":702,"caption":"Zadaszenie na basen TROPIKO. Pokrycie basenu dla d\u0142u\u017cszych k\u0105pieli, ciep\u0142y basen i czysta woda jako azuro. Do naziemnych i zag\u0142\u0119bionych okr\u0105g\u0142ych basen\u00f3w ogrodowych."},{"@type":"BreadcrumbList","@id":"https:\/\/www.tropiko.pl\/pl\/produkt\/tropiko-420\/#breadcrumb","itemListElement":[{"@type":"ListItem","position":1,"name":"Dom\u016f","item":"https:\/\/www.tropiko.pl\/pl\/"},{"@type":"ListItem","position":2,"name":"sklep","item":"https:\/\/www.tropiko.pl\/pl\/sklep\/"},{"@type":"ListItem","position":3,"name":"TROPIKO 420"}]},{"@type":"WebSite","@id":"https:\/\/www.tropiko.pl\/pl\/#website","url":"https:\/\/www.tropiko.pl\/pl\/","name":"TROPIKO Polska","description":"","publisher":{"@id":"https:\/\/www.tropiko.pl\/pl\/#organization"},"potentialAction":[{"@type":"SearchAction","target":{"@type":"EntryPoint","urlTemplate":"https:\/\/www.tropiko.pl\/pl\/?s={search_term_string}"},"query-input":{"@type":"PropertyValueSpecification","valueRequired":true,"valueName":"search_term_string"}}],"inLanguage":"pl-PL"},{"@type":"Organization","@id":"https:\/\/www.tropiko.pl\/pl\/#organization","name":"TROPIKO Polska","url":"https:\/\/www.tropiko.pl\/pl\/","logo":{"@type":"ImageObject","inLanguage":"pl-PL","@id":"https:\/\/www.tropiko.pl\/pl\/#\/schema\/logo\/image\/","url":"https:\/\/www.tropiko.pl\/pl\/wp-content\/uploads\/tropiko-logo2023-04.png","contentUrl":"https:\/\/www.tropiko.pl\/pl\/wp-content\/uploads\/tropiko-logo2023-04.png","width":1680,"height":1080,"caption":"TROPIKO Polska"},"image":{"@id":"https:\/\/www.tropiko.pl\/pl\/#\/schema\/logo\/image\/"},"sameAs":["https:\/\/www.facebook.com\/TROPIKO.eu"]}]}},"_links":{"self":[{"href":"https:\/\/www.tropiko.pl\/pl\/wp-json\/wp\/v2\/product\/59","targetHints":{"allow":["GET"]}}],"collection":[{"href":"https:\/\/www.tropiko.pl\/pl\/wp-json\/wp\/v2\/product"}],"about":[{"href":"https:\/\/www.tropiko.pl\/pl\/wp-json\/wp\/v2\/types\/product"}],"wp:featuredmedia":[{"embeddable":true,"href":"https:\/\/www.tropiko.pl\/pl\/wp-json\/wp\/v2\/media\/118"}],"wp:attachment":[{"href":"https:\/\/www.tropiko.pl\/pl\/wp-json\/wp\/v2\/media?parent=59"}],"wp:term":[{"taxonomy":"product_brand","embeddable":true,"href":"https:\/\/www.tropiko.pl\/pl\/wp-json\/wp\/v2\/product_brand?post=59"},{"taxonomy":"product_cat","embeddable":true,"href":"https:\/\/www.tropiko.pl\/pl\/wp-json\/wp\/v2\/product_cat?post=59"},{"taxonomy":"product_tag","embeddable":true,"href":"https:\/\/www.tropiko.pl\/pl\/wp-json\/wp\/v2\/product_tag?post=59"}],"curies":[{"name":"wp","href":"https:\/\/api.w.org\/{rel}","templated":true}]}}