{"id":449,"date":"2024-03-13T16:01:19","date_gmt":"2024-03-13T16:01:19","guid":{"rendered":"https:\/\/www.tropiko.pl\/pl\/?post_type=product&#038;p=449"},"modified":"2025-02-28T13:44:13","modified_gmt":"2025-02-28T13:44:13","slug":"folia-zastepcza-tropiko-500-przezroczysta","status":"publish","type":"product","link":"https:\/\/www.tropiko.pl\/pl\/produkt\/folia-zastepcza-tropiko-500-przezroczysta\/","title":{"rendered":"folia zast\u0119pcza TROPIKO 500 przezroczysta"},"content":{"rendered":"<p>Zapasowa plandeka do przykrycia basenu TROPIKO 500 przezroczysta<br \/>\nMateria\u0142 arkusza: przezroczysta folia.<br \/>\nOpakowanie nie zawiera konstrukcji aluminiowej.<br \/>\nJe\u015bli nie jeste\u015b pewien rozmiaru zadaszenia basenu, skontaktuj si\u0119 z nami <a href=\"mailto:sprzedaz@tropiko.pl\">mailowo<\/a>.<\/p>\n<p><strong>Czas dostawy:<\/strong><br \/>\nWyprawa do 3 dni po potwierdzeniu zam\u00f3wienia.<\/p>\n<p><strong>Dostawa:<\/strong><br \/>\nTowar wysy\u0142any przewo\u017anika kurierskiej, bez instalacji.<\/p>\n<p><strong>Gwarancja:<\/strong><br \/>\n24 miesi\u0119cy.<\/p>\n<p><strong>Pakowanie:<\/strong><br \/>\nKarton 100 cm x 53 cm x 25 cm, waga 16 kg.<\/p>\n<p>Instrukcje instalacji, karta gwarancyjna oraz instrukcja obs\u0142ugi do pobrania w formacie <a href=\"https:\/\/www.tropiko.pl\/pl\/wp-content\/uploads\/TROPIKO-zarucni_list_2021-PL.pdf\">PDF<\/a>.<\/p>\n","protected":false},"excerpt":{"rendered":"<p>Zapasowa plandeka do przykrycia basenu TROPIKO 500 przezroczysta<br \/>\nMateria\u0142 arkusza: przezroczysta folia.<br \/>\nOpakowanie nie zawiera konstrukcji aluminiowej.<br \/>\nJe\u015bli nie jeste\u015b pewien rozmiaru zadaszenia basenu, skontaktuj si\u0119 z nami <a href=\"mailto:sprzedaz@tropiko.pl\">mailowo<\/a>.<\/p>\n","protected":false},"featured_media":414,"template":"","meta":[],"product_brand":[39],"product_cat":[38],"product_tag":[],"class_list":{"0":"post-449","1":"product","2":"type-product","3":"status-publish","4":"has-post-thumbnail","6":"product_brand-tropiko","7":"product_cat-folia-zastepcza-tropiko","8":"product_shipping_class-zdarma","10":"first","11":"instock","12":"taxable","13":"shipping-taxable","14":"purchasable","15":"product-type-simple"},"yoast_head":"<!-- This site is optimized with the Yoast SEO plugin v27.4 - https:\/\/yoast.com\/product\/yoast-seo-wordpress\/ -->\n<title>folia zast\u0119pcza TROPIKO 500 przezroczysta &#8211; TROPIKO Polska<\/title>\n<meta name=\"robots\" content=\"index, follow, max-snippet:-1, max-image-preview:large, max-video-preview:-1\" \/>\n<link rel=\"canonical\" href=\"https:\/\/www.tropiko.pl\/pl\/produkt\/folia-zastepcza-tropiko-500-przezroczysta\/\" \/>\n<meta property=\"og:locale\" content=\"pl_PL\" \/>\n<meta property=\"og:type\" content=\"article\" \/>\n<meta property=\"og:title\" content=\"folia zast\u0119pcza TROPIKO 500 przezroczysta &#8211; TROPIKO Polska\" \/>\n<meta property=\"og:description\" content=\"Zapasowa plandeka do przykrycia basenu TROPIKO 500 przezroczysta Materia\u0142 arkusza: przezroczysta folia. Opakowanie nie zawiera konstrukcji aluminiowej. Je\u015bli nie jeste\u015b pewien rozmiaru zadaszenia basenu, skontaktuj si\u0119 z nami mailowo.\" \/>\n<meta property=\"og:url\" content=\"https:\/\/www.tropiko.pl\/pl\/produkt\/folia-zastepcza-tropiko-500-przezroczysta\/\" \/>\n<meta property=\"og:site_name\" content=\"TROPIKO Polska\" \/>\n<meta property=\"article:publisher\" content=\"https:\/\/www.facebook.com\/TROPIKO.eu\" \/>\n<meta property=\"article:modified_time\" content=\"2025-02-28T13:44:13+00:00\" \/>\n<meta property=\"og:image\" content=\"https:\/\/www.tropiko.pl\/pl\/wp-content\/uploads\/tropiko-transparent-04.jpg\" \/>\n\t<meta property=\"og:image:width\" content=\"1200\" \/>\n\t<meta property=\"og:image:height\" content=\"827\" \/>\n\t<meta property=\"og:image:type\" content=\"image\/jpeg\" \/>\n<meta name=\"twitter:card\" content=\"summary_large_image\" \/>\n<meta name=\"twitter:label1\" content=\"Szacowany czas czytania\" \/>\n\t<meta name=\"twitter:data1\" content=\"1 minuta\" \/>\n<script type=\"application\/ld+json\" class=\"yoast-schema-graph\">{\"@context\":\"https:\\\/\\\/schema.org\",\"@graph\":[{\"@type\":\"WebPage\",\"@id\":\"https:\\\/\\\/www.tropiko.pl\\\/pl\\\/produkt\\\/folia-zastepcza-tropiko-500-przezroczysta\\\/\",\"url\":\"https:\\\/\\\/www.tropiko.pl\\\/pl\\\/produkt\\\/folia-zastepcza-tropiko-500-przezroczysta\\\/\",\"name\":\"folia zast\u0119pcza TROPIKO 500 przezroczysta &#8211; TROPIKO Polska\",\"isPartOf\":{\"@id\":\"https:\\\/\\\/www.tropiko.pl\\\/pl\\\/#website\"},\"primaryImageOfPage\":{\"@id\":\"https:\\\/\\\/www.tropiko.pl\\\/pl\\\/produkt\\\/folia-zastepcza-tropiko-500-przezroczysta\\\/#primaryimage\"},\"image\":{\"@id\":\"https:\\\/\\\/www.tropiko.pl\\\/pl\\\/produkt\\\/folia-zastepcza-tropiko-500-przezroczysta\\\/#primaryimage\"},\"thumbnailUrl\":\"https:\\\/\\\/www.tropiko.pl\\\/pl\\\/wp-content\\\/uploads\\\/tropiko-transparent-04.jpg\",\"datePublished\":\"2024-03-13T16:01:19+00:00\",\"dateModified\":\"2025-02-28T13:44:13+00:00\",\"breadcrumb\":{\"@id\":\"https:\\\/\\\/www.tropiko.pl\\\/pl\\\/produkt\\\/folia-zastepcza-tropiko-500-przezroczysta\\\/#breadcrumb\"},\"inLanguage\":\"pl-PL\",\"potentialAction\":[{\"@type\":\"ReadAction\",\"target\":[\"https:\\\/\\\/www.tropiko.pl\\\/pl\\\/produkt\\\/folia-zastepcza-tropiko-500-przezroczysta\\\/\"]}]},{\"@type\":\"ImageObject\",\"inLanguage\":\"pl-PL\",\"@id\":\"https:\\\/\\\/www.tropiko.pl\\\/pl\\\/produkt\\\/folia-zastepcza-tropiko-500-przezroczysta\\\/#primaryimage\",\"url\":\"https:\\\/\\\/www.tropiko.pl\\\/pl\\\/wp-content\\\/uploads\\\/tropiko-transparent-04.jpg\",\"contentUrl\":\"https:\\\/\\\/www.tropiko.pl\\\/pl\\\/wp-content\\\/uploads\\\/tropiko-transparent-04.jpg\",\"width\":1200,\"height\":827},{\"@type\":\"BreadcrumbList\",\"@id\":\"https:\\\/\\\/www.tropiko.pl\\\/pl\\\/produkt\\\/folia-zastepcza-tropiko-500-przezroczysta\\\/#breadcrumb\",\"itemListElement\":[{\"@type\":\"ListItem\",\"position\":1,\"name\":\"Dom\u016f\",\"item\":\"https:\\\/\\\/www.tropiko.pl\\\/pl\\\/\"},{\"@type\":\"ListItem\",\"position\":2,\"name\":\"sklep\",\"item\":\"https:\\\/\\\/www.tropiko.pl\\\/pl\\\/sklep\\\/\"},{\"@type\":\"ListItem\",\"position\":3,\"name\":\"folia zast\u0119pcza TROPIKO 500 przezroczysta\"}]},{\"@type\":\"WebSite\",\"@id\":\"https:\\\/\\\/www.tropiko.pl\\\/pl\\\/#website\",\"url\":\"https:\\\/\\\/www.tropiko.pl\\\/pl\\\/\",\"name\":\"TROPIKO Polska\",\"description\":\"\",\"publisher\":{\"@id\":\"https:\\\/\\\/www.tropiko.pl\\\/pl\\\/#organization\"},\"potentialAction\":[{\"@type\":\"SearchAction\",\"target\":{\"@type\":\"EntryPoint\",\"urlTemplate\":\"https:\\\/\\\/www.tropiko.pl\\\/pl\\\/?s={search_term_string}\"},\"query-input\":{\"@type\":\"PropertyValueSpecification\",\"valueRequired\":true,\"valueName\":\"search_term_string\"}}],\"inLanguage\":\"pl-PL\"},{\"@type\":\"Organization\",\"@id\":\"https:\\\/\\\/www.tropiko.pl\\\/pl\\\/#organization\",\"name\":\"TROPIKO Polska\",\"url\":\"https:\\\/\\\/www.tropiko.pl\\\/pl\\\/\",\"logo\":{\"@type\":\"ImageObject\",\"inLanguage\":\"pl-PL\",\"@id\":\"https:\\\/\\\/www.tropiko.pl\\\/pl\\\/#\\\/schema\\\/logo\\\/image\\\/\",\"url\":\"https:\\\/\\\/www.tropiko.pl\\\/pl\\\/wp-content\\\/uploads\\\/tropiko-logo2023-04.png\",\"contentUrl\":\"https:\\\/\\\/www.tropiko.pl\\\/pl\\\/wp-content\\\/uploads\\\/tropiko-logo2023-04.png\",\"width\":1680,\"height\":1080,\"caption\":\"TROPIKO Polska\"},\"image\":{\"@id\":\"https:\\\/\\\/www.tropiko.pl\\\/pl\\\/#\\\/schema\\\/logo\\\/image\\\/\"},\"sameAs\":[\"https:\\\/\\\/www.facebook.com\\\/TROPIKO.eu\"]}]}<\/script>\n<!-- \/ Yoast SEO plugin. -->","yoast_head_json":{"title":"folia zast\u0119pcza TROPIKO 500 przezroczysta &#8211; TROPIKO Polska","robots":{"index":"index","follow":"follow","max-snippet":"max-snippet:-1","max-image-preview":"max-image-preview:large","max-video-preview":"max-video-preview:-1"},"canonical":"https:\/\/www.tropiko.pl\/pl\/produkt\/folia-zastepcza-tropiko-500-przezroczysta\/","og_locale":"pl_PL","og_type":"article","og_title":"folia zast\u0119pcza TROPIKO 500 przezroczysta &#8211; TROPIKO Polska","og_description":"Zapasowa plandeka do przykrycia basenu TROPIKO 500 przezroczysta Materia\u0142 arkusza: przezroczysta folia. Opakowanie nie zawiera konstrukcji aluminiowej. Je\u015bli nie jeste\u015b pewien rozmiaru zadaszenia basenu, skontaktuj si\u0119 z nami mailowo.","og_url":"https:\/\/www.tropiko.pl\/pl\/produkt\/folia-zastepcza-tropiko-500-przezroczysta\/","og_site_name":"TROPIKO Polska","article_publisher":"https:\/\/www.facebook.com\/TROPIKO.eu","article_modified_time":"2025-02-28T13:44:13+00:00","og_image":[{"width":1200,"height":827,"url":"https:\/\/www.tropiko.pl\/pl\/wp-content\/uploads\/tropiko-transparent-04.jpg","type":"image\/jpeg"}],"twitter_card":"summary_large_image","twitter_misc":{"Szacowany czas czytania":"1 minuta"},"schema":{"@context":"https:\/\/schema.org","@graph":[{"@type":"WebPage","@id":"https:\/\/www.tropiko.pl\/pl\/produkt\/folia-zastepcza-tropiko-500-przezroczysta\/","url":"https:\/\/www.tropiko.pl\/pl\/produkt\/folia-zastepcza-tropiko-500-przezroczysta\/","name":"folia zast\u0119pcza TROPIKO 500 przezroczysta &#8211; TROPIKO Polska","isPartOf":{"@id":"https:\/\/www.tropiko.pl\/pl\/#website"},"primaryImageOfPage":{"@id":"https:\/\/www.tropiko.pl\/pl\/produkt\/folia-zastepcza-tropiko-500-przezroczysta\/#primaryimage"},"image":{"@id":"https:\/\/www.tropiko.pl\/pl\/produkt\/folia-zastepcza-tropiko-500-przezroczysta\/#primaryimage"},"thumbnailUrl":"https:\/\/www.tropiko.pl\/pl\/wp-content\/uploads\/tropiko-transparent-04.jpg","datePublished":"2024-03-13T16:01:19+00:00","dateModified":"2025-02-28T13:44:13+00:00","breadcrumb":{"@id":"https:\/\/www.tropiko.pl\/pl\/produkt\/folia-zastepcza-tropiko-500-przezroczysta\/#breadcrumb"},"inLanguage":"pl-PL","potentialAction":[{"@type":"ReadAction","target":["https:\/\/www.tropiko.pl\/pl\/produkt\/folia-zastepcza-tropiko-500-przezroczysta\/"]}]},{"@type":"ImageObject","inLanguage":"pl-PL","@id":"https:\/\/www.tropiko.pl\/pl\/produkt\/folia-zastepcza-tropiko-500-przezroczysta\/#primaryimage","url":"https:\/\/www.tropiko.pl\/pl\/wp-content\/uploads\/tropiko-transparent-04.jpg","contentUrl":"https:\/\/www.tropiko.pl\/pl\/wp-content\/uploads\/tropiko-transparent-04.jpg","width":1200,"height":827},{"@type":"BreadcrumbList","@id":"https:\/\/www.tropiko.pl\/pl\/produkt\/folia-zastepcza-tropiko-500-przezroczysta\/#breadcrumb","itemListElement":[{"@type":"ListItem","position":1,"name":"Dom\u016f","item":"https:\/\/www.tropiko.pl\/pl\/"},{"@type":"ListItem","position":2,"name":"sklep","item":"https:\/\/www.tropiko.pl\/pl\/sklep\/"},{"@type":"ListItem","position":3,"name":"folia zast\u0119pcza TROPIKO 500 przezroczysta"}]},{"@type":"WebSite","@id":"https:\/\/www.tropiko.pl\/pl\/#website","url":"https:\/\/www.tropiko.pl\/pl\/","name":"TROPIKO Polska","description":"","publisher":{"@id":"https:\/\/www.tropiko.pl\/pl\/#organization"},"potentialAction":[{"@type":"SearchAction","target":{"@type":"EntryPoint","urlTemplate":"https:\/\/www.tropiko.pl\/pl\/?s={search_term_string}"},"query-input":{"@type":"PropertyValueSpecification","valueRequired":true,"valueName":"search_term_string"}}],"inLanguage":"pl-PL"},{"@type":"Organization","@id":"https:\/\/www.tropiko.pl\/pl\/#organization","name":"TROPIKO Polska","url":"https:\/\/www.tropiko.pl\/pl\/","logo":{"@type":"ImageObject","inLanguage":"pl-PL","@id":"https:\/\/www.tropiko.pl\/pl\/#\/schema\/logo\/image\/","url":"https:\/\/www.tropiko.pl\/pl\/wp-content\/uploads\/tropiko-logo2023-04.png","contentUrl":"https:\/\/www.tropiko.pl\/pl\/wp-content\/uploads\/tropiko-logo2023-04.png","width":1680,"height":1080,"caption":"TROPIKO Polska"},"image":{"@id":"https:\/\/www.tropiko.pl\/pl\/#\/schema\/logo\/image\/"},"sameAs":["https:\/\/www.facebook.com\/TROPIKO.eu"]}]}},"_links":{"self":[{"href":"https:\/\/www.tropiko.pl\/pl\/wp-json\/wp\/v2\/product\/449","targetHints":{"allow":["GET"]}}],"collection":[{"href":"https:\/\/www.tropiko.pl\/pl\/wp-json\/wp\/v2\/product"}],"about":[{"href":"https:\/\/www.tropiko.pl\/pl\/wp-json\/wp\/v2\/types\/product"}],"wp:featuredmedia":[{"embeddable":true,"href":"https:\/\/www.tropiko.pl\/pl\/wp-json\/wp\/v2\/media\/414"}],"wp:attachment":[{"href":"https:\/\/www.tropiko.pl\/pl\/wp-json\/wp\/v2\/media?parent=449"}],"wp:term":[{"taxonomy":"product_brand","embeddable":true,"href":"https:\/\/www.tropiko.pl\/pl\/wp-json\/wp\/v2\/product_brand?post=449"},{"taxonomy":"product_cat","embeddable":true,"href":"https:\/\/www.tropiko.pl\/pl\/wp-json\/wp\/v2\/product_cat?post=449"},{"taxonomy":"product_tag","embeddable":true,"href":"https:\/\/www.tropiko.pl\/pl\/wp-json\/wp\/v2\/product_tag?post=449"}],"curies":[{"name":"wp","href":"https:\/\/api.w.org\/{rel}","templated":true}]}}