{"id":9,"date":"2014-12-03T15:26:41","date_gmt":"2014-12-03T15:26:41","guid":{"rendered":"http:\/\/www.tropiko.eu\/cz\/?page_id=9"},"modified":"2025-02-28T13:54:43","modified_gmt":"2025-02-28T13:54:43","slug":"zadaszenie-tropiko","status":"publish","type":"page","link":"https:\/\/www.tropiko.pl\/pl\/","title":{"rendered":"Zadaszenie TROPIKO"},"content":{"rendered":"<p>Zadaszenie na basen TROPIKO przeznaczona jest do puli dachowe stoj\u0105c na powierzchni lub cz\u0119\u015bciowo lub ca\u0142kowicie zag\u0142\u0119bionym w ziemi. Zadaszenie na basen TROPIKO jest przeznaczony do basen\u00f3w do 5 m \u015brednicy prosty, ale solidna konstrukcja sprawia, \u017ce \u200b\u200bjest bardzo \u0142atwy w obs\u0142udze z dach\u00f3w wszystkich rozmiarach. Zadaszenie na basen TROPIKO dostarczane \u015brednicy <a href=\"https:\/\/www.tropiko.pl\/pl\/stitek-produktu\/tropiko-360\/\" target=\"_blank\" rel=\"noopener\">3,6 m<\/a>, <a href=\"https:\/\/www.tropiko.pl\/pl\/stitek-produktu\/tropiko-420\" target=\"_blank\" rel=\"noopener\">4,2 m<\/a>, <a href=\"https:\/\/www.tropiko.pl\/pl\/stitek-produktu\/tropiko-500\" target=\"_blank\" rel=\"noopener\">5,0 m<\/a>, <a href=\"https:\/\/www.tropiko.pl\/pl\/stitek-produktu\/tropiko-550\" target=\"_blank\" rel=\"noopener\">5,5 m<\/a>.<\/p>\n<p><a href=\"http:\/\/www.tropiko.eu\/cz\/wp-content\/uploads\/tropiko-16.jpg\"><img loading=\"lazy\" decoding=\"async\" class=\"alignnone wp-image-104 size-medium\" src=\"http:\/\/www.tropiko.eu\/cz\/wp-content\/uploads\/tropiko-16-300x225.jpg\" alt=\"Zast\u0159e\u0161en\u00ed baz\u00e9nu TROPIKO pro del\u0161\u00ed koup\u00e1n\u00ed, tepl\u00fd baz\u00e9n a \u010distou vodu jako azuro. Pro nadzemn\u00ed i zapu\u0161t\u011bn\u00e9 (kruhov\u00e9 \/ kulat\u00e9) zahradn\u00ed baz\u00e9ny.\" width=\"300\" height=\"225\" srcset=\"https:\/\/www.tropiko.pl\/pl\/wp-content\/uploads\/tropiko-16-300x225.jpg 300w, https:\/\/www.tropiko.pl\/pl\/wp-content\/uploads\/tropiko-16-768x576.jpg 768w, https:\/\/www.tropiko.pl\/pl\/wp-content\/uploads\/tropiko-16-1024x768.jpg 1024w, https:\/\/www.tropiko.pl\/pl\/wp-content\/uploads\/tropiko-16.jpg 1200w\" sizes=\"auto, (max-width: 300px) 100vw, 300px\" \/><\/a><\/p>\n<p>Monta\u017c dach\u00f3w nie wymaga \u017cadnych zmian konstrukcyjnych. W por\u00f3wnaniu z kolektor\u00f3w s\u0142onecznych do ogrzewania wody z basenu na dachu si\u0119ga zasadniczo ten sam efekt, podnosz\u0105c temperatur\u0119 wody w basenie w podobnym koszcie. Z dachu dodatkowo otrzymuj\u0105 dodatkowe korzy\u015bci. Zadaszenie na basen poprawi klimat nad woda zwi\u0119ksza komfort k\u0105pieli i znacznie zwi\u0119ksza czysto\u015b\u0107 wody i \u015brodowiska basenu. Bardzo uratuje basen konserwacji.<\/p>\n<p>W trakcie rozwoju, nacisk po\u0142o\u017cono na mo\u017cliwo\u015b\u0107 100% pokrycia otwartego dla niezak\u0142\u00f3conego k\u0105pieli pod letnim niebem.<\/p>\n<p>Struktura pokrycia dachowe z rurek aluminiowych ukszta\u0142towanych obr\u00f3bka powierzchniowa anodowanie.Wybrana konstrukcja zapewnia du\u017c\u0105 wytrzyma\u0142o\u015b\u0107 i \u0142atw\u0105 obs\u0142ug\u0119. Struktura rozci\u0105ga szczeg\u00f3ln\u0105 warstw\u0119 jasne po\u0142ysku, kt\u00f3ra jest odporna na dzia\u0142anie promieniowania UV. Dzi\u0119ki wysokiej przezroczysto\u015bci, wi\u0119c nie ma uczucie obudowie lub w przypadku \u015bciskania pokrywki. Zadaszenie na basen dolne kraw\u0119dzie naszych ta\u015bm ochronnych niebieskiego poliestru z wyko\u0144czeniem wodoodpornego. Jednostronne otwarcie jest rozwi\u0105zany unikalnie zaprojektowane wsp\u00f3lne segment\u00f3w w\u0142asne biuro projektowe.<\/p>\n<p>Monta\u017c zadaszenie na basen nie wymaga budowy lub krajobrazu.<br \/>\n<iframe loading=\"lazy\" src=\"\/\/www.youtube.com\/embed\/zzCjGlMyI5E\" width=\"560\" height=\"315\" frameborder=\"0\" allowfullscreen=\"allowfullscreen\"><\/iframe><\/p>\n","protected":false},"excerpt":{"rendered":"<p>Zadaszenie na basen TROPIKO przeznaczona jest do puli dachowe stoj\u0105c na powierzchni lub cz\u0119\u015bciowo lub ca\u0142kowicie zag\u0142\u0119bionym w ziemi. Zadaszenie na basen TROPIKO jest przeznaczony do basen\u00f3w do 5 m \u015brednicy prosty, ale solidna konstrukcja sprawia, \u017ce \u200b\u200bjest bardzo \u0142atwy w obs\u0142udze z dach\u00f3w wszystkich rozmiarach. Zadaszenie na basen TROPIKO dostarczane \u015brednicy 3,6 m, 4,2 [&#8230;]\n","protected":false},"author":1,"featured_media":0,"parent":0,"menu_order":0,"comment_status":"closed","ping_status":"open","template":"","meta":{"footnotes":""},"class_list":["post-9","page","type-page","status-publish","hentry"],"yoast_head":"<!-- This site is optimized with the Yoast SEO plugin v27.4 - https:\/\/yoast.com\/product\/yoast-seo-wordpress\/ -->\n<title>Zadaszenie TROPIKO &#8211; TROPIKO Polska<\/title>\n<meta name=\"robots\" content=\"index, follow, max-snippet:-1, max-image-preview:large, max-video-preview:-1\" \/>\n<link rel=\"canonical\" href=\"https:\/\/www.tropiko.pl\/pl\/\" \/>\n<meta property=\"og:locale\" content=\"pl_PL\" \/>\n<meta property=\"og:type\" content=\"article\" \/>\n<meta property=\"og:title\" content=\"Zadaszenie TROPIKO &#8211; TROPIKO Polska\" \/>\n<meta property=\"og:description\" content=\"Zadaszenie na basen TROPIKO przeznaczona jest do puli dachowe stoj\u0105c na powierzchni lub cz\u0119\u015bciowo lub ca\u0142kowicie zag\u0142\u0119bionym w ziemi. Zadaszenie na basen TROPIKO jest przeznaczony do basen\u00f3w do 5 m \u015brednicy prosty, ale solidna konstrukcja sprawia, \u017ce \u200b\u200bjest bardzo \u0142atwy w obs\u0142udze z dach\u00f3w wszystkich rozmiarach. Zadaszenie na basen TROPIKO dostarczane \u015brednicy 3,6 m, 4,2 [...]\" \/>\n<meta property=\"og:url\" content=\"https:\/\/www.tropiko.pl\/pl\/\" \/>\n<meta property=\"og:site_name\" content=\"TROPIKO Polska\" \/>\n<meta property=\"article:publisher\" content=\"https:\/\/www.facebook.com\/TROPIKO.eu\" \/>\n<meta property=\"article:modified_time\" content=\"2025-02-28T13:54:43+00:00\" \/>\n<meta property=\"og:image\" content=\"https:\/\/www.tropiko.pl\/pl\/wp-content\/uploads\/tropiko-16.jpg\" \/>\n\t<meta property=\"og:image:width\" content=\"1200\" \/>\n\t<meta property=\"og:image:height\" content=\"900\" \/>\n\t<meta property=\"og:image:type\" content=\"image\/jpeg\" \/>\n<meta name=\"twitter:card\" content=\"summary_large_image\" \/>\n<meta name=\"twitter:label1\" content=\"Szacowany czas czytania\" \/>\n\t<meta name=\"twitter:data1\" content=\"2 minuty\" \/>\n<script type=\"application\/ld+json\" class=\"yoast-schema-graph\">{\"@context\":\"https:\\\/\\\/schema.org\",\"@graph\":[{\"@type\":\"WebPage\",\"@id\":\"https:\\\/\\\/www.tropiko.pl\\\/pl\\\/\",\"url\":\"https:\\\/\\\/www.tropiko.pl\\\/pl\\\/\",\"name\":\"Zadaszenie TROPIKO &#8211; TROPIKO Polska\",\"isPartOf\":{\"@id\":\"https:\\\/\\\/www.tropiko.pl\\\/pl\\\/#website\"},\"primaryImageOfPage\":{\"@id\":\"https:\\\/\\\/www.tropiko.pl\\\/pl\\\/#primaryimage\"},\"image\":{\"@id\":\"https:\\\/\\\/www.tropiko.pl\\\/pl\\\/#primaryimage\"},\"thumbnailUrl\":\"http:\\\/\\\/www.tropiko.eu\\\/cz\\\/wp-content\\\/uploads\\\/tropiko-16-300x225.jpg\",\"datePublished\":\"2014-12-03T15:26:41+00:00\",\"dateModified\":\"2025-02-28T13:54:43+00:00\",\"breadcrumb\":{\"@id\":\"https:\\\/\\\/www.tropiko.pl\\\/pl\\\/#breadcrumb\"},\"inLanguage\":\"pl-PL\",\"potentialAction\":[{\"@type\":\"ReadAction\",\"target\":[\"https:\\\/\\\/www.tropiko.pl\\\/pl\\\/\"]}]},{\"@type\":\"ImageObject\",\"inLanguage\":\"pl-PL\",\"@id\":\"https:\\\/\\\/www.tropiko.pl\\\/pl\\\/#primaryimage\",\"url\":\"http:\\\/\\\/www.tropiko.eu\\\/cz\\\/wp-content\\\/uploads\\\/tropiko-16-300x225.jpg\",\"contentUrl\":\"http:\\\/\\\/www.tropiko.eu\\\/cz\\\/wp-content\\\/uploads\\\/tropiko-16-300x225.jpg\"},{\"@type\":\"BreadcrumbList\",\"@id\":\"https:\\\/\\\/www.tropiko.pl\\\/pl\\\/#breadcrumb\",\"itemListElement\":[{\"@type\":\"ListItem\",\"position\":1,\"name\":\"Dom\u016f\",\"item\":\"https:\\\/\\\/www.tropiko.pl\\\/pl\\\/\"},{\"@type\":\"ListItem\",\"position\":2,\"name\":\"Zadaszenie TROPIKO\"}]},{\"@type\":\"WebSite\",\"@id\":\"https:\\\/\\\/www.tropiko.pl\\\/pl\\\/#website\",\"url\":\"https:\\\/\\\/www.tropiko.pl\\\/pl\\\/\",\"name\":\"TROPIKO Polska\",\"description\":\"\",\"publisher\":{\"@id\":\"https:\\\/\\\/www.tropiko.pl\\\/pl\\\/#organization\"},\"potentialAction\":[{\"@type\":\"SearchAction\",\"target\":{\"@type\":\"EntryPoint\",\"urlTemplate\":\"https:\\\/\\\/www.tropiko.pl\\\/pl\\\/?s={search_term_string}\"},\"query-input\":{\"@type\":\"PropertyValueSpecification\",\"valueRequired\":true,\"valueName\":\"search_term_string\"}}],\"inLanguage\":\"pl-PL\"},{\"@type\":\"Organization\",\"@id\":\"https:\\\/\\\/www.tropiko.pl\\\/pl\\\/#organization\",\"name\":\"TROPIKO Polska\",\"url\":\"https:\\\/\\\/www.tropiko.pl\\\/pl\\\/\",\"logo\":{\"@type\":\"ImageObject\",\"inLanguage\":\"pl-PL\",\"@id\":\"https:\\\/\\\/www.tropiko.pl\\\/pl\\\/#\\\/schema\\\/logo\\\/image\\\/\",\"url\":\"https:\\\/\\\/www.tropiko.pl\\\/pl\\\/wp-content\\\/uploads\\\/tropiko-logo2023-04.png\",\"contentUrl\":\"https:\\\/\\\/www.tropiko.pl\\\/pl\\\/wp-content\\\/uploads\\\/tropiko-logo2023-04.png\",\"width\":1680,\"height\":1080,\"caption\":\"TROPIKO Polska\"},\"image\":{\"@id\":\"https:\\\/\\\/www.tropiko.pl\\\/pl\\\/#\\\/schema\\\/logo\\\/image\\\/\"},\"sameAs\":[\"https:\\\/\\\/www.facebook.com\\\/TROPIKO.eu\"]}]}<\/script>\n<!-- \/ Yoast SEO plugin. -->","yoast_head_json":{"title":"Zadaszenie TROPIKO &#8211; TROPIKO Polska","robots":{"index":"index","follow":"follow","max-snippet":"max-snippet:-1","max-image-preview":"max-image-preview:large","max-video-preview":"max-video-preview:-1"},"canonical":"https:\/\/www.tropiko.pl\/pl\/","og_locale":"pl_PL","og_type":"article","og_title":"Zadaszenie TROPIKO &#8211; TROPIKO Polska","og_description":"Zadaszenie na basen TROPIKO przeznaczona jest do puli dachowe stoj\u0105c na powierzchni lub cz\u0119\u015bciowo lub ca\u0142kowicie zag\u0142\u0119bionym w ziemi. Zadaszenie na basen TROPIKO jest przeznaczony do basen\u00f3w do 5 m \u015brednicy prosty, ale solidna konstrukcja sprawia, \u017ce \u200b\u200bjest bardzo \u0142atwy w obs\u0142udze z dach\u00f3w wszystkich rozmiarach. Zadaszenie na basen TROPIKO dostarczane \u015brednicy 3,6 m, 4,2 [...]","og_url":"https:\/\/www.tropiko.pl\/pl\/","og_site_name":"TROPIKO Polska","article_publisher":"https:\/\/www.facebook.com\/TROPIKO.eu","article_modified_time":"2025-02-28T13:54:43+00:00","og_image":[{"width":1200,"height":900,"url":"https:\/\/www.tropiko.pl\/pl\/wp-content\/uploads\/tropiko-16.jpg","type":"image\/jpeg"}],"twitter_card":"summary_large_image","twitter_misc":{"Szacowany czas czytania":"2 minuty"},"schema":{"@context":"https:\/\/schema.org","@graph":[{"@type":"WebPage","@id":"https:\/\/www.tropiko.pl\/pl\/","url":"https:\/\/www.tropiko.pl\/pl\/","name":"Zadaszenie TROPIKO &#8211; TROPIKO Polska","isPartOf":{"@id":"https:\/\/www.tropiko.pl\/pl\/#website"},"primaryImageOfPage":{"@id":"https:\/\/www.tropiko.pl\/pl\/#primaryimage"},"image":{"@id":"https:\/\/www.tropiko.pl\/pl\/#primaryimage"},"thumbnailUrl":"http:\/\/www.tropiko.eu\/cz\/wp-content\/uploads\/tropiko-16-300x225.jpg","datePublished":"2014-12-03T15:26:41+00:00","dateModified":"2025-02-28T13:54:43+00:00","breadcrumb":{"@id":"https:\/\/www.tropiko.pl\/pl\/#breadcrumb"},"inLanguage":"pl-PL","potentialAction":[{"@type":"ReadAction","target":["https:\/\/www.tropiko.pl\/pl\/"]}]},{"@type":"ImageObject","inLanguage":"pl-PL","@id":"https:\/\/www.tropiko.pl\/pl\/#primaryimage","url":"http:\/\/www.tropiko.eu\/cz\/wp-content\/uploads\/tropiko-16-300x225.jpg","contentUrl":"http:\/\/www.tropiko.eu\/cz\/wp-content\/uploads\/tropiko-16-300x225.jpg"},{"@type":"BreadcrumbList","@id":"https:\/\/www.tropiko.pl\/pl\/#breadcrumb","itemListElement":[{"@type":"ListItem","position":1,"name":"Dom\u016f","item":"https:\/\/www.tropiko.pl\/pl\/"},{"@type":"ListItem","position":2,"name":"Zadaszenie TROPIKO"}]},{"@type":"WebSite","@id":"https:\/\/www.tropiko.pl\/pl\/#website","url":"https:\/\/www.tropiko.pl\/pl\/","name":"TROPIKO Polska","description":"","publisher":{"@id":"https:\/\/www.tropiko.pl\/pl\/#organization"},"potentialAction":[{"@type":"SearchAction","target":{"@type":"EntryPoint","urlTemplate":"https:\/\/www.tropiko.pl\/pl\/?s={search_term_string}"},"query-input":{"@type":"PropertyValueSpecification","valueRequired":true,"valueName":"search_term_string"}}],"inLanguage":"pl-PL"},{"@type":"Organization","@id":"https:\/\/www.tropiko.pl\/pl\/#organization","name":"TROPIKO Polska","url":"https:\/\/www.tropiko.pl\/pl\/","logo":{"@type":"ImageObject","inLanguage":"pl-PL","@id":"https:\/\/www.tropiko.pl\/pl\/#\/schema\/logo\/image\/","url":"https:\/\/www.tropiko.pl\/pl\/wp-content\/uploads\/tropiko-logo2023-04.png","contentUrl":"https:\/\/www.tropiko.pl\/pl\/wp-content\/uploads\/tropiko-logo2023-04.png","width":1680,"height":1080,"caption":"TROPIKO Polska"},"image":{"@id":"https:\/\/www.tropiko.pl\/pl\/#\/schema\/logo\/image\/"},"sameAs":["https:\/\/www.facebook.com\/TROPIKO.eu"]}]}},"_links":{"self":[{"href":"https:\/\/www.tropiko.pl\/pl\/wp-json\/wp\/v2\/pages\/9","targetHints":{"allow":["GET"]}}],"collection":[{"href":"https:\/\/www.tropiko.pl\/pl\/wp-json\/wp\/v2\/pages"}],"about":[{"href":"https:\/\/www.tropiko.pl\/pl\/wp-json\/wp\/v2\/types\/page"}],"author":[{"embeddable":true,"href":"https:\/\/www.tropiko.pl\/pl\/wp-json\/wp\/v2\/users\/1"}],"replies":[{"embeddable":true,"href":"https:\/\/www.tropiko.pl\/pl\/wp-json\/wp\/v2\/comments?post=9"}],"version-history":[{"count":2,"href":"https:\/\/www.tropiko.pl\/pl\/wp-json\/wp\/v2\/pages\/9\/revisions"}],"predecessor-version":[{"id":472,"href":"https:\/\/www.tropiko.pl\/pl\/wp-json\/wp\/v2\/pages\/9\/revisions\/472"}],"wp:attachment":[{"href":"https:\/\/www.tropiko.pl\/pl\/wp-json\/wp\/v2\/media?parent=9"}],"curies":[{"name":"wp","href":"https:\/\/api.w.org\/{rel}","templated":true}]}}