{"id":54,"date":"2014-12-03T15:51:18","date_gmt":"2014-12-03T15:51:18","guid":{"rendered":"http:\/\/www.tropiko.eu\/cz\/?page_id=54"},"modified":"2023-01-23T21:10:19","modified_gmt":"2023-01-23T21:10:19","slug":"kontakt","status":"publish","type":"page","link":"https:\/\/www.tropiko.pl\/pl\/kontakt\/","title":{"rendered":"kontakt"},"content":{"rendered":"<p><strong>Dane kontaktowe<\/strong><br \/>\nE-mail: <a href=\"mailto:sprzedaz@tropiko.pl\">sprzedaz@tropiko.pl<\/a><br \/>\nTelefon\u00a0+420\u00a0722 241 426<\/p>\n<p><strong>Provozovatel<\/strong><br \/>\nSystemia s.r.o.<br \/>\nSmetanova 131, 250 82 \u00davaly<br \/>\n<span class=\"hps alt-edited\">Republika Czeska<\/span><br \/>\n<span class=\"hps\">Numer Identyfikacji Podatkowej<\/span>: CZ28513177<br \/>\n<a href=\"http:\/\/www.tropiko.pl\/pl\">http:\/\/www.tropiko.eu<\/a><\/p>\n<p>Firma jest wy\u0142\u0105cznym sprzedawc\u0105 zadaszenie na basen TROPIKO dla kraj\u00f3w EU.<br \/>\n<a href=\"http:\/\/www.tropiko.pl\/pl\/wp-content\/uploads\/www_tropiko_pl.png\"><img loading=\"lazy\" decoding=\"async\" class=\"alignnone wp-image-129 size-thumbnail\" src=\"http:\/\/www.tropiko.pl\/pl\/wp-content\/uploads\/www_tropiko_pl-150x150.png\" alt=\"www_tropiko_pl\" width=\"150\" height=\"150\" srcset=\"https:\/\/www.tropiko.pl\/pl\/wp-content\/uploads\/www_tropiko_pl-150x150.png 150w, https:\/\/www.tropiko.pl\/pl\/wp-content\/uploads\/www_tropiko_pl-100x100.png 100w, https:\/\/www.tropiko.pl\/pl\/wp-content\/uploads\/www_tropiko_pl.png 280w\" sizes=\"auto, (max-width: 150px) 100vw, 150px\" \/><\/a><\/p>\n","protected":false},"excerpt":{"rendered":"<p>Dane kontaktowe E-mail: sprzedaz@tropiko.pl Telefon\u00a0+420\u00a0722 241 426 Provozovatel Systemia s.r.o. Smetanova 131, 250 82 \u00davaly Republika Czeska Numer Identyfikacji Podatkowej: CZ28513177 http:\/\/www.tropiko.eu Firma jest wy\u0142\u0105cznym sprzedawc\u0105 zadaszenie na basen TROPIKO dla kraj\u00f3w EU.<\/p>\n","protected":false},"author":1,"featured_media":0,"parent":0,"menu_order":0,"comment_status":"closed","ping_status":"open","template":"","meta":{"footnotes":""},"class_list":["post-54","page","type-page","status-publish","hentry"],"yoast_head":"<!-- This site is optimized with the Yoast SEO plugin v27.4 - https:\/\/yoast.com\/product\/yoast-seo-wordpress\/ -->\n<title>kontakt &#8211; TROPIKO Polska<\/title>\n<meta name=\"robots\" content=\"index, follow, max-snippet:-1, max-image-preview:large, max-video-preview:-1\" \/>\n<link rel=\"canonical\" href=\"https:\/\/www.tropiko.pl\/pl\/kontakt\/\" \/>\n<meta property=\"og:locale\" content=\"pl_PL\" \/>\n<meta property=\"og:type\" content=\"article\" \/>\n<meta property=\"og:title\" content=\"kontakt &#8211; TROPIKO Polska\" \/>\n<meta property=\"og:description\" content=\"Dane kontaktowe E-mail: sprzedaz@tropiko.pl Telefon\u00a0+420\u00a0722 241 426 Provozovatel Systemia s.r.o. Smetanova 131, 250 82 \u00davaly Republika Czeska Numer Identyfikacji Podatkowej: CZ28513177 http:\/\/www.tropiko.eu Firma jest wy\u0142\u0105cznym sprzedawc\u0105 zadaszenie na basen TROPIKO dla kraj\u00f3w EU.\" \/>\n<meta property=\"og:url\" content=\"https:\/\/www.tropiko.pl\/pl\/kontakt\/\" \/>\n<meta property=\"og:site_name\" content=\"TROPIKO Polska\" \/>\n<meta property=\"article:publisher\" content=\"https:\/\/www.facebook.com\/TROPIKO.eu\" \/>\n<meta property=\"article:modified_time\" content=\"2023-01-23T21:10:19+00:00\" \/>\n<meta property=\"og:image\" content=\"http:\/\/www.tropiko.pl\/pl\/wp-content\/uploads\/www_tropiko_pl-150x150.png\" \/>\n<meta name=\"twitter:card\" content=\"summary_large_image\" \/>\n<meta name=\"twitter:label1\" content=\"Szacowany czas czytania\" \/>\n\t<meta name=\"twitter:data1\" content=\"1 minuta\" \/>\n<script type=\"application\/ld+json\" class=\"yoast-schema-graph\">{\"@context\":\"https:\\\/\\\/schema.org\",\"@graph\":[{\"@type\":\"WebPage\",\"@id\":\"https:\\\/\\\/www.tropiko.pl\\\/pl\\\/kontakt\\\/\",\"url\":\"https:\\\/\\\/www.tropiko.pl\\\/pl\\\/kontakt\\\/\",\"name\":\"kontakt &#8211; TROPIKO Polska\",\"isPartOf\":{\"@id\":\"https:\\\/\\\/www.tropiko.pl\\\/pl\\\/#website\"},\"primaryImageOfPage\":{\"@id\":\"https:\\\/\\\/www.tropiko.pl\\\/pl\\\/kontakt\\\/#primaryimage\"},\"image\":{\"@id\":\"https:\\\/\\\/www.tropiko.pl\\\/pl\\\/kontakt\\\/#primaryimage\"},\"thumbnailUrl\":\"http:\\\/\\\/www.tropiko.pl\\\/pl\\\/wp-content\\\/uploads\\\/www_tropiko_pl-150x150.png\",\"datePublished\":\"2014-12-03T15:51:18+00:00\",\"dateModified\":\"2023-01-23T21:10:19+00:00\",\"breadcrumb\":{\"@id\":\"https:\\\/\\\/www.tropiko.pl\\\/pl\\\/kontakt\\\/#breadcrumb\"},\"inLanguage\":\"pl-PL\",\"potentialAction\":[{\"@type\":\"ReadAction\",\"target\":[\"https:\\\/\\\/www.tropiko.pl\\\/pl\\\/kontakt\\\/\"]}]},{\"@type\":\"ImageObject\",\"inLanguage\":\"pl-PL\",\"@id\":\"https:\\\/\\\/www.tropiko.pl\\\/pl\\\/kontakt\\\/#primaryimage\",\"url\":\"https:\\\/\\\/www.tropiko.pl\\\/pl\\\/wp-content\\\/uploads\\\/www_tropiko_pl.png\",\"contentUrl\":\"https:\\\/\\\/www.tropiko.pl\\\/pl\\\/wp-content\\\/uploads\\\/www_tropiko_pl.png\",\"width\":280,\"height\":280},{\"@type\":\"BreadcrumbList\",\"@id\":\"https:\\\/\\\/www.tropiko.pl\\\/pl\\\/kontakt\\\/#breadcrumb\",\"itemListElement\":[{\"@type\":\"ListItem\",\"position\":1,\"name\":\"Dom\u016f\",\"item\":\"https:\\\/\\\/www.tropiko.pl\\\/pl\\\/\"},{\"@type\":\"ListItem\",\"position\":2,\"name\":\"kontakt\"}]},{\"@type\":\"WebSite\",\"@id\":\"https:\\\/\\\/www.tropiko.pl\\\/pl\\\/#website\",\"url\":\"https:\\\/\\\/www.tropiko.pl\\\/pl\\\/\",\"name\":\"TROPIKO Polska\",\"description\":\"\",\"publisher\":{\"@id\":\"https:\\\/\\\/www.tropiko.pl\\\/pl\\\/#organization\"},\"potentialAction\":[{\"@type\":\"SearchAction\",\"target\":{\"@type\":\"EntryPoint\",\"urlTemplate\":\"https:\\\/\\\/www.tropiko.pl\\\/pl\\\/?s={search_term_string}\"},\"query-input\":{\"@type\":\"PropertyValueSpecification\",\"valueRequired\":true,\"valueName\":\"search_term_string\"}}],\"inLanguage\":\"pl-PL\"},{\"@type\":\"Organization\",\"@id\":\"https:\\\/\\\/www.tropiko.pl\\\/pl\\\/#organization\",\"name\":\"TROPIKO Polska\",\"url\":\"https:\\\/\\\/www.tropiko.pl\\\/pl\\\/\",\"logo\":{\"@type\":\"ImageObject\",\"inLanguage\":\"pl-PL\",\"@id\":\"https:\\\/\\\/www.tropiko.pl\\\/pl\\\/#\\\/schema\\\/logo\\\/image\\\/\",\"url\":\"https:\\\/\\\/www.tropiko.pl\\\/pl\\\/wp-content\\\/uploads\\\/tropiko-logo2023-04.png\",\"contentUrl\":\"https:\\\/\\\/www.tropiko.pl\\\/pl\\\/wp-content\\\/uploads\\\/tropiko-logo2023-04.png\",\"width\":1680,\"height\":1080,\"caption\":\"TROPIKO Polska\"},\"image\":{\"@id\":\"https:\\\/\\\/www.tropiko.pl\\\/pl\\\/#\\\/schema\\\/logo\\\/image\\\/\"},\"sameAs\":[\"https:\\\/\\\/www.facebook.com\\\/TROPIKO.eu\"]}]}<\/script>\n<!-- \/ Yoast SEO plugin. -->","yoast_head_json":{"title":"kontakt &#8211; TROPIKO Polska","robots":{"index":"index","follow":"follow","max-snippet":"max-snippet:-1","max-image-preview":"max-image-preview:large","max-video-preview":"max-video-preview:-1"},"canonical":"https:\/\/www.tropiko.pl\/pl\/kontakt\/","og_locale":"pl_PL","og_type":"article","og_title":"kontakt &#8211; TROPIKO Polska","og_description":"Dane kontaktowe E-mail: sprzedaz@tropiko.pl Telefon\u00a0+420\u00a0722 241 426 Provozovatel Systemia s.r.o. Smetanova 131, 250 82 \u00davaly Republika Czeska Numer Identyfikacji Podatkowej: CZ28513177 http:\/\/www.tropiko.eu Firma jest wy\u0142\u0105cznym sprzedawc\u0105 zadaszenie na basen TROPIKO dla kraj\u00f3w EU.","og_url":"https:\/\/www.tropiko.pl\/pl\/kontakt\/","og_site_name":"TROPIKO Polska","article_publisher":"https:\/\/www.facebook.com\/TROPIKO.eu","article_modified_time":"2023-01-23T21:10:19+00:00","og_image":[{"url":"http:\/\/www.tropiko.pl\/pl\/wp-content\/uploads\/www_tropiko_pl-150x150.png","type":"","width":"","height":""}],"twitter_card":"summary_large_image","twitter_misc":{"Szacowany czas czytania":"1 minuta"},"schema":{"@context":"https:\/\/schema.org","@graph":[{"@type":"WebPage","@id":"https:\/\/www.tropiko.pl\/pl\/kontakt\/","url":"https:\/\/www.tropiko.pl\/pl\/kontakt\/","name":"kontakt &#8211; TROPIKO Polska","isPartOf":{"@id":"https:\/\/www.tropiko.pl\/pl\/#website"},"primaryImageOfPage":{"@id":"https:\/\/www.tropiko.pl\/pl\/kontakt\/#primaryimage"},"image":{"@id":"https:\/\/www.tropiko.pl\/pl\/kontakt\/#primaryimage"},"thumbnailUrl":"http:\/\/www.tropiko.pl\/pl\/wp-content\/uploads\/www_tropiko_pl-150x150.png","datePublished":"2014-12-03T15:51:18+00:00","dateModified":"2023-01-23T21:10:19+00:00","breadcrumb":{"@id":"https:\/\/www.tropiko.pl\/pl\/kontakt\/#breadcrumb"},"inLanguage":"pl-PL","potentialAction":[{"@type":"ReadAction","target":["https:\/\/www.tropiko.pl\/pl\/kontakt\/"]}]},{"@type":"ImageObject","inLanguage":"pl-PL","@id":"https:\/\/www.tropiko.pl\/pl\/kontakt\/#primaryimage","url":"https:\/\/www.tropiko.pl\/pl\/wp-content\/uploads\/www_tropiko_pl.png","contentUrl":"https:\/\/www.tropiko.pl\/pl\/wp-content\/uploads\/www_tropiko_pl.png","width":280,"height":280},{"@type":"BreadcrumbList","@id":"https:\/\/www.tropiko.pl\/pl\/kontakt\/#breadcrumb","itemListElement":[{"@type":"ListItem","position":1,"name":"Dom\u016f","item":"https:\/\/www.tropiko.pl\/pl\/"},{"@type":"ListItem","position":2,"name":"kontakt"}]},{"@type":"WebSite","@id":"https:\/\/www.tropiko.pl\/pl\/#website","url":"https:\/\/www.tropiko.pl\/pl\/","name":"TROPIKO Polska","description":"","publisher":{"@id":"https:\/\/www.tropiko.pl\/pl\/#organization"},"potentialAction":[{"@type":"SearchAction","target":{"@type":"EntryPoint","urlTemplate":"https:\/\/www.tropiko.pl\/pl\/?s={search_term_string}"},"query-input":{"@type":"PropertyValueSpecification","valueRequired":true,"valueName":"search_term_string"}}],"inLanguage":"pl-PL"},{"@type":"Organization","@id":"https:\/\/www.tropiko.pl\/pl\/#organization","name":"TROPIKO Polska","url":"https:\/\/www.tropiko.pl\/pl\/","logo":{"@type":"ImageObject","inLanguage":"pl-PL","@id":"https:\/\/www.tropiko.pl\/pl\/#\/schema\/logo\/image\/","url":"https:\/\/www.tropiko.pl\/pl\/wp-content\/uploads\/tropiko-logo2023-04.png","contentUrl":"https:\/\/www.tropiko.pl\/pl\/wp-content\/uploads\/tropiko-logo2023-04.png","width":1680,"height":1080,"caption":"TROPIKO Polska"},"image":{"@id":"https:\/\/www.tropiko.pl\/pl\/#\/schema\/logo\/image\/"},"sameAs":["https:\/\/www.facebook.com\/TROPIKO.eu"]}]}},"_links":{"self":[{"href":"https:\/\/www.tropiko.pl\/pl\/wp-json\/wp\/v2\/pages\/54","targetHints":{"allow":["GET"]}}],"collection":[{"href":"https:\/\/www.tropiko.pl\/pl\/wp-json\/wp\/v2\/pages"}],"about":[{"href":"https:\/\/www.tropiko.pl\/pl\/wp-json\/wp\/v2\/types\/page"}],"author":[{"embeddable":true,"href":"https:\/\/www.tropiko.pl\/pl\/wp-json\/wp\/v2\/users\/1"}],"replies":[{"embeddable":true,"href":"https:\/\/www.tropiko.pl\/pl\/wp-json\/wp\/v2\/comments?post=54"}],"version-history":[{"count":0,"href":"https:\/\/www.tropiko.pl\/pl\/wp-json\/wp\/v2\/pages\/54\/revisions"}],"wp:attachment":[{"href":"https:\/\/www.tropiko.pl\/pl\/wp-json\/wp\/v2\/media?parent=54"}],"curies":[{"name":"wp","href":"https:\/\/api.w.org\/{rel}","templated":true}]}}