{"id":407,"date":"2023-01-27T14:57:11","date_gmt":"2023-01-27T14:57:11","guid":{"rendered":"https:\/\/www.tropiko.pl\/pl\/?page_id=407"},"modified":"2024-03-13T16:11:14","modified_gmt":"2024-03-13T16:11:14","slug":"czesci-zamienne","status":"publish","type":"page","link":"https:\/\/www.tropiko.pl\/pl\/czesci-zamienne\/","title":{"rendered":"Cz\u0119\u015bci zamienne"},"content":{"rendered":"<p>Cz\u0119\u015bci zamienne do naszych produkt\u00f3w TROPIKO s\u0105 stale dost\u0119pne.<\/p>\n<p>Mo\u017cemy dostarczy\u0107 Pa\u0144stwu wszystkie cz\u0119\u015bci, kt\u00f3re od ponad 14 lat s\u0105 u\u017cywane do produkcji pokry\u0107 dachowych TROPIKO. Oko\u0142o po\u0142owa ceny produktu to konstrukcja aluminiowa, po\u0142owa ceny to plandeka.<\/p>\n<ul>\n<li><a href=\"https:\/\/www.tropiko.pl\/pl\/produkt\/folia-zastepcza-tropiko-360\/\">Plandeka zast\u0119pcza dla TROPIKO 360<\/a><\/li>\n<li><a href=\"https:\/\/www.tropiko.pl\/pl\/produkt\/folia-zastepcza-tropiko-360-przezroczysta\/\">Plandeka zast\u0119pcza dla TROPIKO 360 przezroczysta<\/a><\/li>\n<li><a href=\"https:\/\/www.tropiko.pl\/pl\/produkt\/folia-zastepcza-tropiko-420\/\">Plandeka zast\u0119pcza dla TROPIKO 420<\/a><\/li>\n<li><a href=\"https:\/\/www.tropiko.pl\/pl\/produkt\/folia-zastepcza-tropiko-420-przezroczysta\/\">Plandeka zast\u0119pcza dla TROPIKO 420 przezroczysta<\/a><\/li>\n<li><a href=\"https:\/\/www.tropiko.pl\/pl\/produkt\/folia-zastepcza-tropiko-500\/\">Plandeka zast\u0119pcza dla TROPIKO 500<\/a><\/li>\n<li><a href=\"https:\/\/www.tropiko.pl\/pl\/produkt\/folia-zastepcza-tropiko-500-przezroczysta\/\">Plandeka zast\u0119pcza dla TROPIKO 500 przezroczysta<\/a><\/li>\n<li><a href=\"https:\/\/www.tropiko.pl\/pl\/produkt\/folia-zastepcza-tropiko-550\/\">Plandeka zast\u0119pcza dla TROPIKO 550<\/a><\/li>\n<li><a href=\"https:\/\/www.tropiko.pl\/pl\/produkt\/folia-zastepcza-tropiko-550-przezroczysta\/\">Plandeka zast\u0119pcza dla TROPIKO 550 przezroczysta<\/a><\/li>\n<\/ul>\n<p>Zadaszenie basenowe TROPIKO dla przed\u0142u\u017conego sezonu k\u0105pielowego, ciep\u0142ego basenu i lazurowo czystej wody. Do basen\u00f3w ogrodowych naziemnych i naziemnych (okr\u0105g\u0142ych\/okr\u0105g\u0142ych). Przykrycie basenu.<\/p>\n<p><a href=\"https:\/\/www.tropiko.pl\/pl\/wp-content\/uploads\/tropiko-06.jpg\"><img loading=\"lazy\" decoding=\"async\" class=\"alignnone size-medium wp-image-94\" src=\"https:\/\/www.tropiko.pl\/pl\/wp-content\/uploads\/tropiko-06-300x208.jpg\" alt=\"Zadaszenie na basen TROPIKO. Pokrycie basenu dla d\u0142u\u017cszych k\u0105pieli, ciep\u0142y basen i czysta woda jako azuro. Do naziemnych i zag\u0142\u0119bionych okr\u0105g\u0142ych basen\u00f3w ogrodowych.\" width=\"300\" height=\"208\" srcset=\"https:\/\/www.tropiko.pl\/pl\/wp-content\/uploads\/tropiko-06-300x208.jpg 300w, https:\/\/www.tropiko.pl\/pl\/wp-content\/uploads\/tropiko-06-768x533.jpg 768w, https:\/\/www.tropiko.pl\/pl\/wp-content\/uploads\/tropiko-06-1024x711.jpg 1024w, https:\/\/www.tropiko.pl\/pl\/wp-content\/uploads\/tropiko-06.jpg 1200w\" sizes=\"auto, (max-width: 300px) 100vw, 300px\" \/><\/a><\/p>\n<p>Ten produkt i jego komponenty nie s\u0105 wyprodukowane w Chinach. Produkt jest wykonany w Republice Czeskiej i kupuj\u0105c go wspierasz przemys\u0142 i mieszka\u0144c\u00f3w kraj\u00f3w Unii Europejskiej.<\/p>\n","protected":false},"excerpt":{"rendered":"<p>Cz\u0119\u015bci zamienne do naszych produkt\u00f3w TROPIKO s\u0105 stale dost\u0119pne. Mo\u017cemy dostarczy\u0107 Pa\u0144stwu wszystkie cz\u0119\u015bci, kt\u00f3re od ponad 14 lat s\u0105 u\u017cywane do produkcji pokry\u0107 dachowych TROPIKO. Oko\u0142o po\u0142owa ceny produktu to konstrukcja aluminiowa, po\u0142owa ceny to plandeka. Plandeka zast\u0119pcza dla TROPIKO 360 Plandeka zast\u0119pcza dla TROPIKO 360 przezroczysta Plandeka zast\u0119pcza dla TROPIKO 420 Plandeka zast\u0119pcza [&#8230;]\n","protected":false},"author":1,"featured_media":0,"parent":0,"menu_order":0,"comment_status":"closed","ping_status":"closed","template":"","meta":{"footnotes":""},"class_list":["post-407","page","type-page","status-publish","hentry"],"yoast_head":"<!-- This site is optimized with the Yoast SEO plugin v27.4 - https:\/\/yoast.com\/product\/yoast-seo-wordpress\/ -->\n<title>Cz\u0119\u015bci zamienne &#8211; TROPIKO Polska<\/title>\n<meta name=\"robots\" content=\"index, follow, max-snippet:-1, max-image-preview:large, max-video-preview:-1\" \/>\n<link rel=\"canonical\" href=\"https:\/\/www.tropiko.pl\/pl\/czesci-zamienne\/\" \/>\n<meta property=\"og:locale\" content=\"pl_PL\" \/>\n<meta property=\"og:type\" content=\"article\" \/>\n<meta property=\"og:title\" content=\"Cz\u0119\u015bci zamienne &#8211; TROPIKO Polska\" \/>\n<meta property=\"og:description\" content=\"Cz\u0119\u015bci zamienne do naszych produkt\u00f3w TROPIKO s\u0105 stale dost\u0119pne. Mo\u017cemy dostarczy\u0107 Pa\u0144stwu wszystkie cz\u0119\u015bci, kt\u00f3re od ponad 14 lat s\u0105 u\u017cywane do produkcji pokry\u0107 dachowych TROPIKO. Oko\u0142o po\u0142owa ceny produktu to konstrukcja aluminiowa, po\u0142owa ceny to plandeka. Plandeka zast\u0119pcza dla TROPIKO 360 Plandeka zast\u0119pcza dla TROPIKO 360 przezroczysta Plandeka zast\u0119pcza dla TROPIKO 420 Plandeka zast\u0119pcza [...]\" \/>\n<meta property=\"og:url\" content=\"https:\/\/www.tropiko.pl\/pl\/czesci-zamienne\/\" \/>\n<meta property=\"og:site_name\" content=\"TROPIKO Polska\" \/>\n<meta property=\"article:publisher\" content=\"https:\/\/www.facebook.com\/TROPIKO.eu\" \/>\n<meta property=\"article:modified_time\" content=\"2024-03-13T16:11:14+00:00\" \/>\n<meta property=\"og:image\" content=\"https:\/\/www.tropiko.pl\/pl\/wp-content\/uploads\/tropiko-06-300x208.jpg\" \/>\n<meta name=\"twitter:card\" content=\"summary_large_image\" \/>\n<meta name=\"twitter:label1\" content=\"Szacowany czas czytania\" \/>\n\t<meta name=\"twitter:data1\" content=\"1 minuta\" \/>\n<script type=\"application\/ld+json\" class=\"yoast-schema-graph\">{\"@context\":\"https:\\\/\\\/schema.org\",\"@graph\":[{\"@type\":\"WebPage\",\"@id\":\"https:\\\/\\\/www.tropiko.pl\\\/pl\\\/czesci-zamienne\\\/\",\"url\":\"https:\\\/\\\/www.tropiko.pl\\\/pl\\\/czesci-zamienne\\\/\",\"name\":\"Cz\u0119\u015bci zamienne &#8211; TROPIKO Polska\",\"isPartOf\":{\"@id\":\"https:\\\/\\\/www.tropiko.pl\\\/pl\\\/#website\"},\"primaryImageOfPage\":{\"@id\":\"https:\\\/\\\/www.tropiko.pl\\\/pl\\\/czesci-zamienne\\\/#primaryimage\"},\"image\":{\"@id\":\"https:\\\/\\\/www.tropiko.pl\\\/pl\\\/czesci-zamienne\\\/#primaryimage\"},\"thumbnailUrl\":\"https:\\\/\\\/www.tropiko.pl\\\/pl\\\/wp-content\\\/uploads\\\/tropiko-06-300x208.jpg\",\"datePublished\":\"2023-01-27T14:57:11+00:00\",\"dateModified\":\"2024-03-13T16:11:14+00:00\",\"breadcrumb\":{\"@id\":\"https:\\\/\\\/www.tropiko.pl\\\/pl\\\/czesci-zamienne\\\/#breadcrumb\"},\"inLanguage\":\"pl-PL\",\"potentialAction\":[{\"@type\":\"ReadAction\",\"target\":[\"https:\\\/\\\/www.tropiko.pl\\\/pl\\\/czesci-zamienne\\\/\"]}]},{\"@type\":\"ImageObject\",\"inLanguage\":\"pl-PL\",\"@id\":\"https:\\\/\\\/www.tropiko.pl\\\/pl\\\/czesci-zamienne\\\/#primaryimage\",\"url\":\"https:\\\/\\\/www.tropiko.pl\\\/pl\\\/wp-content\\\/uploads\\\/tropiko-06.jpg\",\"contentUrl\":\"https:\\\/\\\/www.tropiko.pl\\\/pl\\\/wp-content\\\/uploads\\\/tropiko-06.jpg\",\"width\":1200,\"height\":833,\"caption\":\"Zadaszenie na basen TROPIKO. Pokrycie basenu dla d\u0142u\u017cszych k\u0105pieli, ciep\u0142y basen i czysta woda jako azuro. Do naziemnych i zag\u0142\u0119bionych okr\u0105g\u0142ych basen\u00f3w ogrodowych.\"},{\"@type\":\"BreadcrumbList\",\"@id\":\"https:\\\/\\\/www.tropiko.pl\\\/pl\\\/czesci-zamienne\\\/#breadcrumb\",\"itemListElement\":[{\"@type\":\"ListItem\",\"position\":1,\"name\":\"Dom\u016f\",\"item\":\"https:\\\/\\\/www.tropiko.pl\\\/pl\\\/\"},{\"@type\":\"ListItem\",\"position\":2,\"name\":\"Cz\u0119\u015bci zamienne\"}]},{\"@type\":\"WebSite\",\"@id\":\"https:\\\/\\\/www.tropiko.pl\\\/pl\\\/#website\",\"url\":\"https:\\\/\\\/www.tropiko.pl\\\/pl\\\/\",\"name\":\"TROPIKO Polska\",\"description\":\"\",\"publisher\":{\"@id\":\"https:\\\/\\\/www.tropiko.pl\\\/pl\\\/#organization\"},\"potentialAction\":[{\"@type\":\"SearchAction\",\"target\":{\"@type\":\"EntryPoint\",\"urlTemplate\":\"https:\\\/\\\/www.tropiko.pl\\\/pl\\\/?s={search_term_string}\"},\"query-input\":{\"@type\":\"PropertyValueSpecification\",\"valueRequired\":true,\"valueName\":\"search_term_string\"}}],\"inLanguage\":\"pl-PL\"},{\"@type\":\"Organization\",\"@id\":\"https:\\\/\\\/www.tropiko.pl\\\/pl\\\/#organization\",\"name\":\"TROPIKO Polska\",\"url\":\"https:\\\/\\\/www.tropiko.pl\\\/pl\\\/\",\"logo\":{\"@type\":\"ImageObject\",\"inLanguage\":\"pl-PL\",\"@id\":\"https:\\\/\\\/www.tropiko.pl\\\/pl\\\/#\\\/schema\\\/logo\\\/image\\\/\",\"url\":\"https:\\\/\\\/www.tropiko.pl\\\/pl\\\/wp-content\\\/uploads\\\/tropiko-logo2023-04.png\",\"contentUrl\":\"https:\\\/\\\/www.tropiko.pl\\\/pl\\\/wp-content\\\/uploads\\\/tropiko-logo2023-04.png\",\"width\":1680,\"height\":1080,\"caption\":\"TROPIKO Polska\"},\"image\":{\"@id\":\"https:\\\/\\\/www.tropiko.pl\\\/pl\\\/#\\\/schema\\\/logo\\\/image\\\/\"},\"sameAs\":[\"https:\\\/\\\/www.facebook.com\\\/TROPIKO.eu\"]}]}<\/script>\n<!-- \/ Yoast SEO plugin. -->","yoast_head_json":{"title":"Cz\u0119\u015bci zamienne &#8211; TROPIKO Polska","robots":{"index":"index","follow":"follow","max-snippet":"max-snippet:-1","max-image-preview":"max-image-preview:large","max-video-preview":"max-video-preview:-1"},"canonical":"https:\/\/www.tropiko.pl\/pl\/czesci-zamienne\/","og_locale":"pl_PL","og_type":"article","og_title":"Cz\u0119\u015bci zamienne &#8211; TROPIKO Polska","og_description":"Cz\u0119\u015bci zamienne do naszych produkt\u00f3w TROPIKO s\u0105 stale dost\u0119pne. Mo\u017cemy dostarczy\u0107 Pa\u0144stwu wszystkie cz\u0119\u015bci, kt\u00f3re od ponad 14 lat s\u0105 u\u017cywane do produkcji pokry\u0107 dachowych TROPIKO. Oko\u0142o po\u0142owa ceny produktu to konstrukcja aluminiowa, po\u0142owa ceny to plandeka. Plandeka zast\u0119pcza dla TROPIKO 360 Plandeka zast\u0119pcza dla TROPIKO 360 przezroczysta Plandeka zast\u0119pcza dla TROPIKO 420 Plandeka zast\u0119pcza [...]","og_url":"https:\/\/www.tropiko.pl\/pl\/czesci-zamienne\/","og_site_name":"TROPIKO Polska","article_publisher":"https:\/\/www.facebook.com\/TROPIKO.eu","article_modified_time":"2024-03-13T16:11:14+00:00","og_image":[{"url":"https:\/\/www.tropiko.pl\/pl\/wp-content\/uploads\/tropiko-06-300x208.jpg","type":"","width":"","height":""}],"twitter_card":"summary_large_image","twitter_misc":{"Szacowany czas czytania":"1 minuta"},"schema":{"@context":"https:\/\/schema.org","@graph":[{"@type":"WebPage","@id":"https:\/\/www.tropiko.pl\/pl\/czesci-zamienne\/","url":"https:\/\/www.tropiko.pl\/pl\/czesci-zamienne\/","name":"Cz\u0119\u015bci zamienne &#8211; TROPIKO Polska","isPartOf":{"@id":"https:\/\/www.tropiko.pl\/pl\/#website"},"primaryImageOfPage":{"@id":"https:\/\/www.tropiko.pl\/pl\/czesci-zamienne\/#primaryimage"},"image":{"@id":"https:\/\/www.tropiko.pl\/pl\/czesci-zamienne\/#primaryimage"},"thumbnailUrl":"https:\/\/www.tropiko.pl\/pl\/wp-content\/uploads\/tropiko-06-300x208.jpg","datePublished":"2023-01-27T14:57:11+00:00","dateModified":"2024-03-13T16:11:14+00:00","breadcrumb":{"@id":"https:\/\/www.tropiko.pl\/pl\/czesci-zamienne\/#breadcrumb"},"inLanguage":"pl-PL","potentialAction":[{"@type":"ReadAction","target":["https:\/\/www.tropiko.pl\/pl\/czesci-zamienne\/"]}]},{"@type":"ImageObject","inLanguage":"pl-PL","@id":"https:\/\/www.tropiko.pl\/pl\/czesci-zamienne\/#primaryimage","url":"https:\/\/www.tropiko.pl\/pl\/wp-content\/uploads\/tropiko-06.jpg","contentUrl":"https:\/\/www.tropiko.pl\/pl\/wp-content\/uploads\/tropiko-06.jpg","width":1200,"height":833,"caption":"Zadaszenie na basen TROPIKO. Pokrycie basenu dla d\u0142u\u017cszych k\u0105pieli, ciep\u0142y basen i czysta woda jako azuro. Do naziemnych i zag\u0142\u0119bionych okr\u0105g\u0142ych basen\u00f3w ogrodowych."},{"@type":"BreadcrumbList","@id":"https:\/\/www.tropiko.pl\/pl\/czesci-zamienne\/#breadcrumb","itemListElement":[{"@type":"ListItem","position":1,"name":"Dom\u016f","item":"https:\/\/www.tropiko.pl\/pl\/"},{"@type":"ListItem","position":2,"name":"Cz\u0119\u015bci zamienne"}]},{"@type":"WebSite","@id":"https:\/\/www.tropiko.pl\/pl\/#website","url":"https:\/\/www.tropiko.pl\/pl\/","name":"TROPIKO Polska","description":"","publisher":{"@id":"https:\/\/www.tropiko.pl\/pl\/#organization"},"potentialAction":[{"@type":"SearchAction","target":{"@type":"EntryPoint","urlTemplate":"https:\/\/www.tropiko.pl\/pl\/?s={search_term_string}"},"query-input":{"@type":"PropertyValueSpecification","valueRequired":true,"valueName":"search_term_string"}}],"inLanguage":"pl-PL"},{"@type":"Organization","@id":"https:\/\/www.tropiko.pl\/pl\/#organization","name":"TROPIKO Polska","url":"https:\/\/www.tropiko.pl\/pl\/","logo":{"@type":"ImageObject","inLanguage":"pl-PL","@id":"https:\/\/www.tropiko.pl\/pl\/#\/schema\/logo\/image\/","url":"https:\/\/www.tropiko.pl\/pl\/wp-content\/uploads\/tropiko-logo2023-04.png","contentUrl":"https:\/\/www.tropiko.pl\/pl\/wp-content\/uploads\/tropiko-logo2023-04.png","width":1680,"height":1080,"caption":"TROPIKO Polska"},"image":{"@id":"https:\/\/www.tropiko.pl\/pl\/#\/schema\/logo\/image\/"},"sameAs":["https:\/\/www.facebook.com\/TROPIKO.eu"]}]}},"_links":{"self":[{"href":"https:\/\/www.tropiko.pl\/pl\/wp-json\/wp\/v2\/pages\/407","targetHints":{"allow":["GET"]}}],"collection":[{"href":"https:\/\/www.tropiko.pl\/pl\/wp-json\/wp\/v2\/pages"}],"about":[{"href":"https:\/\/www.tropiko.pl\/pl\/wp-json\/wp\/v2\/types\/page"}],"author":[{"embeddable":true,"href":"https:\/\/www.tropiko.pl\/pl\/wp-json\/wp\/v2\/users\/1"}],"replies":[{"embeddable":true,"href":"https:\/\/www.tropiko.pl\/pl\/wp-json\/wp\/v2\/comments?post=407"}],"version-history":[{"count":2,"href":"https:\/\/www.tropiko.pl\/pl\/wp-json\/wp\/v2\/pages\/407\/revisions"}],"predecessor-version":[{"id":452,"href":"https:\/\/www.tropiko.pl\/pl\/wp-json\/wp\/v2\/pages\/407\/revisions\/452"}],"wp:attachment":[{"href":"https:\/\/www.tropiko.pl\/pl\/wp-json\/wp\/v2\/media?parent=407"}],"curies":[{"name":"wp","href":"https:\/\/api.w.org\/{rel}","templated":true}]}}