{"id":316,"date":"2021-02-22T20:18:23","date_gmt":"2021-02-22T20:18:23","guid":{"rendered":"https:\/\/www.tropiko.pl\/pl\/?page_id=316"},"modified":"2021-02-22T20:19:02","modified_gmt":"2021-02-22T20:19:02","slug":"cookies","status":"publish","type":"page","link":"https:\/\/www.tropiko.pl\/pl\/cookies\/","title":{"rendered":"Cookies"},"content":{"rendered":"<p>Za ka\u017cdym razem, gdy odwiedzasz t\u0119 witryn\u0119, oprogramowanie przechowuje anonimowe pliki cookie. Pomagaj\u0105 one okre\u015bli\u0107, ilu u\u017cytkownik\u00f3w wielokrotnie odwiedza t\u0119 witryn\u0119. W ten spos\u00f3b lepiej rozumiemy, jak czytelnicy zachowuj\u0105 si\u0119 na naszej stronie, co wol\u0105 i co ich interesuje. Informacje te s\u0105 ca\u0142kowicie anonimowe i nie s\u0105 powi\u0105zane z danymi osobowymi.<\/p>\n<p><strong>Co to s\u0105 pliki cookie<\/strong><br \/>\nPliki cookie to ma\u0142e pliki tekstowe, kt\u00f3re strony internetowe (podobnie jak wiele innych witryn) przechowuj\u0105 na poszczeg\u00f3lnych komputerach za pomoc\u0105 przegl\u0105darki internetowej. Pliki cookie prawie nie zajmuj\u0105 miejsca na dysku komputera; ich rozmiar to zwykle kilka kilobajt\u00f3w. Nie s\u0142u\u017cy r\u00f3wnie\u017c do pozyskiwania wra\u017cliwych danych osobowych. Pliki cookie mo\u017cna sobie wyobrazi\u0107 jako pami\u0119\u0107 strony internetowej, kt\u00f3ra wed\u0142ug nich rozpoznaje u\u017cytkownika przy kolejnej wizycie.<\/p>\n<p><strong>Pliki cookie do statystyk ruchu lub kierowania reklam<\/strong><br \/>\nNiekt\u00f3re pliki cookie s\u0105 tworzone przez analityczne systemy statystyczne lub systemy reklamowe. U\u017cywaj\u0105 ich, aby dowiedzie\u0107 si\u0119, ile os\u00f3b widzia\u0142o jakie tre\u015bci. Systemy reklamowe i analityczne maj\u0105 w\u0142asne polityki prywatno\u015bci i ta witryna nie mo\u017ce odczytywa\u0107 ani zapisywa\u0107 ich plik\u00f3w cookie. Pliki cookie s\u0142u\u017c\u0105 r\u00f3wnie\u017c do lepszego kierowania reklam w zale\u017cno\u015bci od zachowa\u0144 u\u017cytkownik\u00f3w (remarketing). S\u0105 to anonimowe dane, kt\u00f3re nie s\u0105 powi\u0105zane z innymi typami plik\u00f3w cookie. Na przyk\u0142ad Google mo\u017ce wykorzysta\u0107 te informacje.<\/p>\n<p><strong>Blokowanie plik\u00f3w cookie<\/strong><br \/>\nJe\u017celi nie chcesz u\u017cywa\u0107 plik\u00f3w cookies lub je\u017celi chcesz, aby przegl\u0105darka internetowa raportowa\u0142a u\u017cycie plik\u00f3w cookies, musisz zaznaczy\u0107 odpowiedni\u0105 opcj\u0119 w swojej przegl\u0105darce internetowej.<br \/>\nJe\u015bli zablokuje wszystkie pliki cookie, nie b\u0119dziesz m\u00f3g\u0142 korzysta\u0107 z niekt\u00f3rych funkcji tej witryny.<\/p>\n","protected":false},"excerpt":{"rendered":"<p>Za ka\u017cdym razem, gdy odwiedzasz t\u0119 witryn\u0119, oprogramowanie przechowuje anonimowe pliki cookie. Pomagaj\u0105 one okre\u015bli\u0107, ilu u\u017cytkownik\u00f3w wielokrotnie odwiedza t\u0119 witryn\u0119. W ten spos\u00f3b lepiej rozumiemy, jak czytelnicy zachowuj\u0105 si\u0119 na naszej stronie, co wol\u0105 i co ich interesuje. Informacje te s\u0105 ca\u0142kowicie anonimowe i nie s\u0105 powi\u0105zane z danymi osobowymi. Co to s\u0105 pliki [&#8230;]\n","protected":false},"author":1,"featured_media":0,"parent":0,"menu_order":0,"comment_status":"closed","ping_status":"closed","template":"","meta":{"footnotes":""},"class_list":["post-316","page","type-page","status-publish","hentry"],"yoast_head":"<!-- This site is optimized with the Yoast SEO plugin v26.8-RC7 - https:\/\/yoast.com\/product\/yoast-seo-wordpress\/ -->\n<title>Cookies &#8211; TROPIKO Polska<\/title>\n<meta name=\"robots\" content=\"index, follow, max-snippet:-1, max-image-preview:large, max-video-preview:-1\" \/>\n<link rel=\"canonical\" href=\"https:\/\/www.tropiko.pl\/pl\/cookies\/\" \/>\n<meta property=\"og:locale\" content=\"pl_PL\" \/>\n<meta property=\"og:type\" content=\"article\" \/>\n<meta property=\"og:title\" content=\"Cookies &#8211; TROPIKO Polska\" \/>\n<meta property=\"og:description\" content=\"Za ka\u017cdym razem, gdy odwiedzasz t\u0119 witryn\u0119, oprogramowanie przechowuje anonimowe pliki cookie. Pomagaj\u0105 one okre\u015bli\u0107, ilu u\u017cytkownik\u00f3w wielokrotnie odwiedza t\u0119 witryn\u0119. W ten spos\u00f3b lepiej rozumiemy, jak czytelnicy zachowuj\u0105 si\u0119 na naszej stronie, co wol\u0105 i co ich interesuje. Informacje te s\u0105 ca\u0142kowicie anonimowe i nie s\u0105 powi\u0105zane z danymi osobowymi. Co to s\u0105 pliki [...]\" \/>\n<meta property=\"og:url\" content=\"https:\/\/www.tropiko.pl\/pl\/cookies\/\" \/>\n<meta property=\"og:site_name\" content=\"TROPIKO Polska\" \/>\n<meta property=\"article:publisher\" content=\"https:\/\/www.facebook.com\/TROPIKO.eu\" \/>\n<meta property=\"article:modified_time\" content=\"2021-02-22T20:19:02+00:00\" \/>\n<meta name=\"twitter:card\" content=\"summary_large_image\" \/>\n<meta name=\"twitter:label1\" content=\"Szacowany czas czytania\" \/>\n\t<meta name=\"twitter:data1\" content=\"1 minuta\" \/>\n<script type=\"application\/ld+json\" class=\"yoast-schema-graph\">{\"@context\":\"https:\/\/schema.org\",\"@graph\":[{\"@type\":\"WebPage\",\"@id\":\"https:\/\/www.tropiko.pl\/pl\/cookies\/\",\"url\":\"https:\/\/www.tropiko.pl\/pl\/cookies\/\",\"name\":\"Cookies &#8211; TROPIKO Polska\",\"isPartOf\":{\"@id\":\"https:\/\/www.tropiko.pl\/pl\/#website\"},\"datePublished\":\"2021-02-22T20:18:23+00:00\",\"dateModified\":\"2021-02-22T20:19:02+00:00\",\"breadcrumb\":{\"@id\":\"https:\/\/www.tropiko.pl\/pl\/cookies\/#breadcrumb\"},\"inLanguage\":\"pl-PL\",\"potentialAction\":[{\"@type\":\"ReadAction\",\"target\":[\"https:\/\/www.tropiko.pl\/pl\/cookies\/\"]}]},{\"@type\":\"BreadcrumbList\",\"@id\":\"https:\/\/www.tropiko.pl\/pl\/cookies\/#breadcrumb\",\"itemListElement\":[{\"@type\":\"ListItem\",\"position\":1,\"name\":\"Dom\u016f\",\"item\":\"https:\/\/www.tropiko.pl\/pl\/\"},{\"@type\":\"ListItem\",\"position\":2,\"name\":\"Cookies\"}]},{\"@type\":\"WebSite\",\"@id\":\"https:\/\/www.tropiko.pl\/pl\/#website\",\"url\":\"https:\/\/www.tropiko.pl\/pl\/\",\"name\":\"TROPIKO Polska\",\"description\":\"\",\"publisher\":{\"@id\":\"https:\/\/www.tropiko.pl\/pl\/#organization\"},\"potentialAction\":[{\"@type\":\"SearchAction\",\"target\":{\"@type\":\"EntryPoint\",\"urlTemplate\":\"https:\/\/www.tropiko.pl\/pl\/?s={search_term_string}\"},\"query-input\":{\"@type\":\"PropertyValueSpecification\",\"valueRequired\":true,\"valueName\":\"search_term_string\"}}],\"inLanguage\":\"pl-PL\"},{\"@type\":\"Organization\",\"@id\":\"https:\/\/www.tropiko.pl\/pl\/#organization\",\"name\":\"TROPIKO Polska\",\"url\":\"https:\/\/www.tropiko.pl\/pl\/\",\"logo\":{\"@type\":\"ImageObject\",\"inLanguage\":\"pl-PL\",\"@id\":\"https:\/\/www.tropiko.pl\/pl\/#\/schema\/logo\/image\/\",\"url\":\"https:\/\/www.tropiko.pl\/pl\/wp-content\/uploads\/tropiko-logo2023-04.png\",\"contentUrl\":\"https:\/\/www.tropiko.pl\/pl\/wp-content\/uploads\/tropiko-logo2023-04.png\",\"width\":1680,\"height\":1080,\"caption\":\"TROPIKO Polska\"},\"image\":{\"@id\":\"https:\/\/www.tropiko.pl\/pl\/#\/schema\/logo\/image\/\"},\"sameAs\":[\"https:\/\/www.facebook.com\/TROPIKO.eu\"]}]}<\/script>\n<!-- \/ Yoast SEO plugin. -->","yoast_head_json":{"title":"Cookies &#8211; TROPIKO Polska","robots":{"index":"index","follow":"follow","max-snippet":"max-snippet:-1","max-image-preview":"max-image-preview:large","max-video-preview":"max-video-preview:-1"},"canonical":"https:\/\/www.tropiko.pl\/pl\/cookies\/","og_locale":"pl_PL","og_type":"article","og_title":"Cookies &#8211; TROPIKO Polska","og_description":"Za ka\u017cdym razem, gdy odwiedzasz t\u0119 witryn\u0119, oprogramowanie przechowuje anonimowe pliki cookie. Pomagaj\u0105 one okre\u015bli\u0107, ilu u\u017cytkownik\u00f3w wielokrotnie odwiedza t\u0119 witryn\u0119. W ten spos\u00f3b lepiej rozumiemy, jak czytelnicy zachowuj\u0105 si\u0119 na naszej stronie, co wol\u0105 i co ich interesuje. Informacje te s\u0105 ca\u0142kowicie anonimowe i nie s\u0105 powi\u0105zane z danymi osobowymi. Co to s\u0105 pliki [...]","og_url":"https:\/\/www.tropiko.pl\/pl\/cookies\/","og_site_name":"TROPIKO Polska","article_publisher":"https:\/\/www.facebook.com\/TROPIKO.eu","article_modified_time":"2021-02-22T20:19:02+00:00","twitter_card":"summary_large_image","twitter_misc":{"Szacowany czas czytania":"1 minuta"},"schema":{"@context":"https:\/\/schema.org","@graph":[{"@type":"WebPage","@id":"https:\/\/www.tropiko.pl\/pl\/cookies\/","url":"https:\/\/www.tropiko.pl\/pl\/cookies\/","name":"Cookies &#8211; TROPIKO Polska","isPartOf":{"@id":"https:\/\/www.tropiko.pl\/pl\/#website"},"datePublished":"2021-02-22T20:18:23+00:00","dateModified":"2021-02-22T20:19:02+00:00","breadcrumb":{"@id":"https:\/\/www.tropiko.pl\/pl\/cookies\/#breadcrumb"},"inLanguage":"pl-PL","potentialAction":[{"@type":"ReadAction","target":["https:\/\/www.tropiko.pl\/pl\/cookies\/"]}]},{"@type":"BreadcrumbList","@id":"https:\/\/www.tropiko.pl\/pl\/cookies\/#breadcrumb","itemListElement":[{"@type":"ListItem","position":1,"name":"Dom\u016f","item":"https:\/\/www.tropiko.pl\/pl\/"},{"@type":"ListItem","position":2,"name":"Cookies"}]},{"@type":"WebSite","@id":"https:\/\/www.tropiko.pl\/pl\/#website","url":"https:\/\/www.tropiko.pl\/pl\/","name":"TROPIKO Polska","description":"","publisher":{"@id":"https:\/\/www.tropiko.pl\/pl\/#organization"},"potentialAction":[{"@type":"SearchAction","target":{"@type":"EntryPoint","urlTemplate":"https:\/\/www.tropiko.pl\/pl\/?s={search_term_string}"},"query-input":{"@type":"PropertyValueSpecification","valueRequired":true,"valueName":"search_term_string"}}],"inLanguage":"pl-PL"},{"@type":"Organization","@id":"https:\/\/www.tropiko.pl\/pl\/#organization","name":"TROPIKO Polska","url":"https:\/\/www.tropiko.pl\/pl\/","logo":{"@type":"ImageObject","inLanguage":"pl-PL","@id":"https:\/\/www.tropiko.pl\/pl\/#\/schema\/logo\/image\/","url":"https:\/\/www.tropiko.pl\/pl\/wp-content\/uploads\/tropiko-logo2023-04.png","contentUrl":"https:\/\/www.tropiko.pl\/pl\/wp-content\/uploads\/tropiko-logo2023-04.png","width":1680,"height":1080,"caption":"TROPIKO Polska"},"image":{"@id":"https:\/\/www.tropiko.pl\/pl\/#\/schema\/logo\/image\/"},"sameAs":["https:\/\/www.facebook.com\/TROPIKO.eu"]}]}},"_links":{"self":[{"href":"https:\/\/www.tropiko.pl\/pl\/wp-json\/wp\/v2\/pages\/316","targetHints":{"allow":["GET"]}}],"collection":[{"href":"https:\/\/www.tropiko.pl\/pl\/wp-json\/wp\/v2\/pages"}],"about":[{"href":"https:\/\/www.tropiko.pl\/pl\/wp-json\/wp\/v2\/types\/page"}],"author":[{"embeddable":true,"href":"https:\/\/www.tropiko.pl\/pl\/wp-json\/wp\/v2\/users\/1"}],"replies":[{"embeddable":true,"href":"https:\/\/www.tropiko.pl\/pl\/wp-json\/wp\/v2\/comments?post=316"}],"version-history":[{"count":0,"href":"https:\/\/www.tropiko.pl\/pl\/wp-json\/wp\/v2\/pages\/316\/revisions"}],"wp:attachment":[{"href":"https:\/\/www.tropiko.pl\/pl\/wp-json\/wp\/v2\/media?parent=316"}],"curies":[{"name":"wp","href":"https:\/\/api.w.org\/{rel}","templated":true}]}}