{"id":230,"date":"2019-01-10T12:09:55","date_gmt":"2019-01-10T12:09:55","guid":{"rendered":"http:\/\/www.tropiko.pl\/pl\/?page_id=230"},"modified":"2019-01-10T12:09:55","modified_gmt":"2019-01-10T12:09:55","slug":"odstapienie-od-umowy","status":"publish","type":"page","link":"https:\/\/www.tropiko.pl\/pl\/odstapienie-od-umowy\/","title":{"rendered":"Odst\u0105pienie od umowy"},"content":{"rendered":"<p>Zwraca zwroty: <a href=\"http:\/\/www.tropiko.pl\/pl\/warunki\/\" target=\"_blank\" rel=\"noopener\">Warunki handlowe &#8211; pe\u0142ny teksst<\/a>.<\/p>\n\n<div class=\"wpcf7 no-js\" id=\"wpcf7-f229-o1\" lang=\"cs-CZ\" dir=\"ltr\" data-wpcf7-id=\"229\">\n<div class=\"screen-reader-response\"><p role=\"status\" aria-live=\"polite\" aria-atomic=\"true\"><\/p> <ul><\/ul><\/div>\n<form action=\"\/pl\/wp-json\/wp\/v2\/pages\/230#wpcf7-f229-o1\" method=\"post\" class=\"wpcf7-form init\" aria-label=\"Kontaktn\u00ed formul\u00e1\u0159\" novalidate=\"novalidate\" data-status=\"init\">\n<fieldset class=\"hidden-fields-container\"><input type=\"hidden\" name=\"_wpcf7\" value=\"229\" \/><input type=\"hidden\" name=\"_wpcf7_version\" value=\"6.1.5\" \/><input type=\"hidden\" name=\"_wpcf7_locale\" value=\"cs_CZ\" \/><input type=\"hidden\" name=\"_wpcf7_unit_tag\" value=\"wpcf7-f229-o1\" \/><input type=\"hidden\" name=\"_wpcf7_container_post\" value=\"0\" \/><input type=\"hidden\" name=\"_wpcf7_posted_data_hash\" value=\"\" \/>\n<\/fieldset>\n<p>Odst\u0105pienie od umowy\n<\/p>\n<p>Imi\u0119, nazwisko (wymagane)\n<\/p>\n<p><span class=\"wpcf7-form-control-wrap\" data-name=\"your-name\"><input size=\"40\" maxlength=\"400\" class=\"wpcf7-form-control wpcf7-text wpcf7-validates-as-required\" aria-required=\"true\" aria-invalid=\"false\" value=\"\" type=\"text\" name=\"your-name\" \/><\/span>\n<\/p>\n<p>Adres e-mail (wymagane)\n<\/p>\n<p><span class=\"wpcf7-form-control-wrap\" data-name=\"your-email\"><input size=\"40\" maxlength=\"400\" class=\"wpcf7-form-control wpcf7-email wpcf7-validates-as-required wpcf7-text wpcf7-validates-as-email\" aria-required=\"true\" aria-invalid=\"false\" value=\"\" type=\"email\" name=\"your-email\" \/><\/span>\n<\/p>\n<p>Wycofanie z umowy sprzeda\u017cy\n<\/p>\n<p><span class=\"wpcf7-form-control-wrap\" data-name=\"your-subject\"><input size=\"40\" maxlength=\"400\" class=\"wpcf7-form-control wpcf7-text\" aria-invalid=\"false\" value=\"\" type=\"text\" name=\"your-subject\" \/><\/span>\n<\/p>\n<p>Twoja wiadomo\u015b\u0107 - numer zam\u00f3wienia, specyfikacja produktu\n<\/p>\n<p><span class=\"wpcf7-form-control-wrap\" data-name=\"your-message\"><textarea cols=\"40\" rows=\"10\" maxlength=\"2000\" class=\"wpcf7-form-control wpcf7-textarea\" aria-invalid=\"false\" name=\"your-message\"><\/textarea><\/span>\n<\/p>\n<p><input class=\"wpcf7-form-control wpcf7-submit has-spinner\" type=\"submit\" value=\"Prze\u015blij\" \/>\n<\/p><div class=\"wpcf7-response-output\" aria-hidden=\"true\"><\/div>\n<\/form>\n<\/div>\n\n","protected":false},"excerpt":{"rendered":"<p>Zwraca zwroty: Warunki handlowe &#8211; pe\u0142ny teksst.<\/p>\n","protected":false},"author":1,"featured_media":0,"parent":0,"menu_order":0,"comment_status":"closed","ping_status":"closed","template":"","meta":{"footnotes":""},"class_list":["post-230","page","type-page","status-publish","hentry"],"yoast_head":"<!-- This site is optimized with the Yoast SEO plugin v27.4 - https:\/\/yoast.com\/product\/yoast-seo-wordpress\/ -->\n<title>Odst\u0105pienie od umowy &#8211; TROPIKO Polska<\/title>\n<meta name=\"robots\" content=\"index, follow, max-snippet:-1, max-image-preview:large, max-video-preview:-1\" \/>\n<link rel=\"canonical\" href=\"https:\/\/www.tropiko.pl\/pl\/odstapienie-od-umowy\/\" \/>\n<meta property=\"og:locale\" content=\"pl_PL\" \/>\n<meta property=\"og:type\" content=\"article\" \/>\n<meta property=\"og:title\" content=\"Odst\u0105pienie od umowy &#8211; TROPIKO Polska\" \/>\n<meta property=\"og:description\" content=\"Zwraca zwroty: Warunki handlowe &#8211; pe\u0142ny teksst.\" \/>\n<meta property=\"og:url\" content=\"https:\/\/www.tropiko.pl\/pl\/odstapienie-od-umowy\/\" \/>\n<meta property=\"og:site_name\" content=\"TROPIKO Polska\" \/>\n<meta property=\"article:publisher\" content=\"https:\/\/www.facebook.com\/TROPIKO.eu\" \/>\n<meta name=\"twitter:card\" content=\"summary_large_image\" \/>\n<script type=\"application\/ld+json\" class=\"yoast-schema-graph\">{\"@context\":\"https:\\\/\\\/schema.org\",\"@graph\":[{\"@type\":\"WebPage\",\"@id\":\"https:\\\/\\\/www.tropiko.pl\\\/pl\\\/odstapienie-od-umowy\\\/\",\"url\":\"https:\\\/\\\/www.tropiko.pl\\\/pl\\\/odstapienie-od-umowy\\\/\",\"name\":\"Odst\u0105pienie od umowy &#8211; TROPIKO Polska\",\"isPartOf\":{\"@id\":\"https:\\\/\\\/www.tropiko.pl\\\/pl\\\/#website\"},\"datePublished\":\"2019-01-10T12:09:55+00:00\",\"breadcrumb\":{\"@id\":\"https:\\\/\\\/www.tropiko.pl\\\/pl\\\/odstapienie-od-umowy\\\/#breadcrumb\"},\"inLanguage\":\"pl-PL\",\"potentialAction\":[{\"@type\":\"ReadAction\",\"target\":[\"https:\\\/\\\/www.tropiko.pl\\\/pl\\\/odstapienie-od-umowy\\\/\"]}]},{\"@type\":\"BreadcrumbList\",\"@id\":\"https:\\\/\\\/www.tropiko.pl\\\/pl\\\/odstapienie-od-umowy\\\/#breadcrumb\",\"itemListElement\":[{\"@type\":\"ListItem\",\"position\":1,\"name\":\"Dom\u016f\",\"item\":\"https:\\\/\\\/www.tropiko.pl\\\/pl\\\/\"},{\"@type\":\"ListItem\",\"position\":2,\"name\":\"Odst\u0105pienie od umowy\"}]},{\"@type\":\"WebSite\",\"@id\":\"https:\\\/\\\/www.tropiko.pl\\\/pl\\\/#website\",\"url\":\"https:\\\/\\\/www.tropiko.pl\\\/pl\\\/\",\"name\":\"TROPIKO Polska\",\"description\":\"\",\"publisher\":{\"@id\":\"https:\\\/\\\/www.tropiko.pl\\\/pl\\\/#organization\"},\"potentialAction\":[{\"@type\":\"SearchAction\",\"target\":{\"@type\":\"EntryPoint\",\"urlTemplate\":\"https:\\\/\\\/www.tropiko.pl\\\/pl\\\/?s={search_term_string}\"},\"query-input\":{\"@type\":\"PropertyValueSpecification\",\"valueRequired\":true,\"valueName\":\"search_term_string\"}}],\"inLanguage\":\"pl-PL\"},{\"@type\":\"Organization\",\"@id\":\"https:\\\/\\\/www.tropiko.pl\\\/pl\\\/#organization\",\"name\":\"TROPIKO Polska\",\"url\":\"https:\\\/\\\/www.tropiko.pl\\\/pl\\\/\",\"logo\":{\"@type\":\"ImageObject\",\"inLanguage\":\"pl-PL\",\"@id\":\"https:\\\/\\\/www.tropiko.pl\\\/pl\\\/#\\\/schema\\\/logo\\\/image\\\/\",\"url\":\"https:\\\/\\\/www.tropiko.pl\\\/pl\\\/wp-content\\\/uploads\\\/tropiko-logo2023-04.png\",\"contentUrl\":\"https:\\\/\\\/www.tropiko.pl\\\/pl\\\/wp-content\\\/uploads\\\/tropiko-logo2023-04.png\",\"width\":1680,\"height\":1080,\"caption\":\"TROPIKO Polska\"},\"image\":{\"@id\":\"https:\\\/\\\/www.tropiko.pl\\\/pl\\\/#\\\/schema\\\/logo\\\/image\\\/\"},\"sameAs\":[\"https:\\\/\\\/www.facebook.com\\\/TROPIKO.eu\"]}]}<\/script>\n<!-- \/ Yoast SEO plugin. -->","yoast_head_json":{"title":"Odst\u0105pienie od umowy &#8211; TROPIKO Polska","robots":{"index":"index","follow":"follow","max-snippet":"max-snippet:-1","max-image-preview":"max-image-preview:large","max-video-preview":"max-video-preview:-1"},"canonical":"https:\/\/www.tropiko.pl\/pl\/odstapienie-od-umowy\/","og_locale":"pl_PL","og_type":"article","og_title":"Odst\u0105pienie od umowy &#8211; TROPIKO Polska","og_description":"Zwraca zwroty: Warunki handlowe &#8211; pe\u0142ny teksst.","og_url":"https:\/\/www.tropiko.pl\/pl\/odstapienie-od-umowy\/","og_site_name":"TROPIKO Polska","article_publisher":"https:\/\/www.facebook.com\/TROPIKO.eu","twitter_card":"summary_large_image","schema":{"@context":"https:\/\/schema.org","@graph":[{"@type":"WebPage","@id":"https:\/\/www.tropiko.pl\/pl\/odstapienie-od-umowy\/","url":"https:\/\/www.tropiko.pl\/pl\/odstapienie-od-umowy\/","name":"Odst\u0105pienie od umowy &#8211; TROPIKO Polska","isPartOf":{"@id":"https:\/\/www.tropiko.pl\/pl\/#website"},"datePublished":"2019-01-10T12:09:55+00:00","breadcrumb":{"@id":"https:\/\/www.tropiko.pl\/pl\/odstapienie-od-umowy\/#breadcrumb"},"inLanguage":"pl-PL","potentialAction":[{"@type":"ReadAction","target":["https:\/\/www.tropiko.pl\/pl\/odstapienie-od-umowy\/"]}]},{"@type":"BreadcrumbList","@id":"https:\/\/www.tropiko.pl\/pl\/odstapienie-od-umowy\/#breadcrumb","itemListElement":[{"@type":"ListItem","position":1,"name":"Dom\u016f","item":"https:\/\/www.tropiko.pl\/pl\/"},{"@type":"ListItem","position":2,"name":"Odst\u0105pienie od umowy"}]},{"@type":"WebSite","@id":"https:\/\/www.tropiko.pl\/pl\/#website","url":"https:\/\/www.tropiko.pl\/pl\/","name":"TROPIKO Polska","description":"","publisher":{"@id":"https:\/\/www.tropiko.pl\/pl\/#organization"},"potentialAction":[{"@type":"SearchAction","target":{"@type":"EntryPoint","urlTemplate":"https:\/\/www.tropiko.pl\/pl\/?s={search_term_string}"},"query-input":{"@type":"PropertyValueSpecification","valueRequired":true,"valueName":"search_term_string"}}],"inLanguage":"pl-PL"},{"@type":"Organization","@id":"https:\/\/www.tropiko.pl\/pl\/#organization","name":"TROPIKO Polska","url":"https:\/\/www.tropiko.pl\/pl\/","logo":{"@type":"ImageObject","inLanguage":"pl-PL","@id":"https:\/\/www.tropiko.pl\/pl\/#\/schema\/logo\/image\/","url":"https:\/\/www.tropiko.pl\/pl\/wp-content\/uploads\/tropiko-logo2023-04.png","contentUrl":"https:\/\/www.tropiko.pl\/pl\/wp-content\/uploads\/tropiko-logo2023-04.png","width":1680,"height":1080,"caption":"TROPIKO Polska"},"image":{"@id":"https:\/\/www.tropiko.pl\/pl\/#\/schema\/logo\/image\/"},"sameAs":["https:\/\/www.facebook.com\/TROPIKO.eu"]}]}},"_links":{"self":[{"href":"https:\/\/www.tropiko.pl\/pl\/wp-json\/wp\/v2\/pages\/230","targetHints":{"allow":["GET"]}}],"collection":[{"href":"https:\/\/www.tropiko.pl\/pl\/wp-json\/wp\/v2\/pages"}],"about":[{"href":"https:\/\/www.tropiko.pl\/pl\/wp-json\/wp\/v2\/types\/page"}],"author":[{"embeddable":true,"href":"https:\/\/www.tropiko.pl\/pl\/wp-json\/wp\/v2\/users\/1"}],"replies":[{"embeddable":true,"href":"https:\/\/www.tropiko.pl\/pl\/wp-json\/wp\/v2\/comments?post=230"}],"version-history":[{"count":0,"href":"https:\/\/www.tropiko.pl\/pl\/wp-json\/wp\/v2\/pages\/230\/revisions"}],"wp:attachment":[{"href":"https:\/\/www.tropiko.pl\/pl\/wp-json\/wp\/v2\/media?parent=230"}],"curies":[{"name":"wp","href":"https:\/\/api.w.org\/{rel}","templated":true}]}}