{"id":21,"date":"2014-12-03T15:38:34","date_gmt":"2014-12-03T15:38:34","guid":{"rendered":"http:\/\/www.tropiko.eu\/cz\/?page_id=21"},"modified":"2025-02-28T13:59:28","modified_gmt":"2025-02-28T13:59:28","slug":"pytania-i-odpowiedzi","status":"publish","type":"page","link":"https:\/\/www.tropiko.pl\/pl\/pytania-i-odpowiedzi\/","title":{"rendered":"Pytania i odpowiedzi"},"content":{"rendered":"<p><strong>Pytania i odpowiedzi &#8211; zadaszenie na basen<\/strong><\/p>\n<p class=\"text\"><b><i>Mo\u017cemy obs\u0142u\u017cy\u0107 Instalacja siebie?<\/i><\/b><br \/>\nInstalacji (patrz instrukcja) jest bardzo proste. Je\u015bli opanujesz miejsce na budow\u0119 przeno\u015bne nadmuchiwane basen lub czy kiedykolwiek konsultacje z instalacji mebli skandynawskich, by\u0107 pewien, \u017ce mo\u017cna obs\u0142ugiwa\u0107 z naszego dachu.<\/p>\n<p class=\"text\"><b><i>Co to jestzadaszenie pakowane do dostawy?<\/i><\/b> <a href=\"http:\/\/www.tropiko.eu\/cz\/wp-content\/uploads\/tropiko-baleni.jpg\"><img loading=\"lazy\" decoding=\"async\" class=\"alignright wp-image-149 size-thumbnail\" src=\"http:\/\/www.tropiko.eu\/cz\/wp-content\/uploads\/tropiko-baleni-150x150.jpg\" alt=\"Zast\u0159e\u0161en\u00ed baz\u00e9nu TROPIKO pro del\u0161\u00ed koup\u00e1n\u00ed, tepl\u00fd baz\u00e9n a \u010distou vodu jako azuro. Pro nadzemn\u00ed i zapu\u0161t\u011bn\u00e9 (kruhov\u00e9 \/ kulat\u00e9) zahradn\u00ed baz\u00e9ny.\" width=\"150\" height=\"150\" srcset=\"https:\/\/www.tropiko.pl\/pl\/wp-content\/uploads\/tropiko-baleni-150x150.jpg 150w, https:\/\/www.tropiko.pl\/pl\/wp-content\/uploads\/tropiko-baleni-100x100.jpg 100w\" sizes=\"auto, (max-width: 150px) 100vw, 150px\" \/><\/a><br \/>\nCa\u0142y zestaw do po\u0142o\u017cenia pokrycia dachowego jedod\u00e1v\u00e1no owini\u0119te w foli\u0119, ka\u017cdy \u0142uk jest pakowane oddzielnie. Wszystko, co jest dostarczana do \u017ceglug\u0119 opakowanego w pude\u0142ka o wielko\u015bci 210 cm x 50 cm x 25 cm, o masie 35-55 kg, w zale\u017cno\u015bci od wielko\u015bci basenu. Waga w zale\u017cno\u015bci od wielko\u015bci szafy opcji, patrz podstron.<\/p>\n<p class=\"text\"><b><i>Trudno dachowe uchylone dost\u0119pu do basenu?<\/i><\/b><br \/>\nPoprzez zr\u00f3wnowa\u017cenie niezabezpieczonej struktury dachowe otworzy ( podnie\u015b ) idzieci w wieku 5 lat .<\/p>\n<p class=\"text\"><b><i>Mamy kilka kot\u00f3w, nerozdr\u00e1pou nam sfilmowa\u0107 na dachu?<\/i><\/b><br \/>\nTo oczywi\u015bcie nie mo\u017cna wykluczy\u0107, lecz z obu stron \u017cebra ochrony powlekanej tkaniny z niebieskiego poliestru z wyko\u0144czeniem wodoodpornego. Zasi\u0119gu kot\u00f3w wi\u0119cfilm mo\u017ce by\u0107 mo\u017ce tylko na ograniczonym obszarze, w kt\u00f3rym \u017cebra zbiegaj\u0105 si\u0119 po\u0142\u0105czenia.<\/p>\n<p class=\"text\"><b><i>Podgrzewa wod\u0119 w basenie lub dachu jest wymagane do korzystania z kolektor\u00f3w s\u0142onecznych?<\/i><\/b><br \/>\nTak dzi\u0119ki przezroczystej folii na ca\u0142ej dachu kopu\u0142owy Tropika bez element\u00f3w cieniuj\u0105cych, wod\u0119 ogrzewa si\u0119 ciep\u0142ym powietrzu pod os\u0142on\u0105. Podgrzewania wody w basenie, wi\u0119c to pomaga, je\u015blifaluj\u0105cy wody &#8211; po zwolnieniu filtracji.<br \/>\nJe\u015bli chcesz mie\u0107 w lecie na wodzie cieplejszej ni\u017c 27-29 stopni, mo\u017ce by\u0107 stosowany jako uzupe\u0142nienie do kolektor\u00f3w s\u0142onecznych. Zamiastzalecany rozmiar powierzchni kolektora jest taki sam poziom jak w basenie powinna wystarczy\u0107 powierzchni kolektora po\u0142ow\u0119.<\/p>\n<p class=\"text\"><b><i>Dach mo\u017cnaotworzy\u0107 na ca\u0142kowicie swobodn\u0105 widzenia podczas p\u0142ywania?<\/i><\/b><br \/>\nPe\u0142ny dach przesuwany Tropika jest powszechne . Dach Composite obok basenu ma wysoko\u015b\u0107 oko\u0142o 35-40 cm. Otwiera z jednej strony.<\/p>\n<p class=\"text\"><b><i>Jak wiele wi\u0119ksz\u0105 \u015brednic\u0119 powinien mie\u0107 dachu ni\u017c \u015brednia puli?<\/i><\/b><br \/>\nPo otwarciudachu hit wn\u0119trza magazyn\u00f3w foliowych. Zaleca przestrze\u0144 wok\u00f3\u0142 kraw\u0119dzi basenu min. 25 cm &#8211; czyli. wybranie 50 cm \u015brednicy wi\u0119kszej ni\u017c \u015brednica basenu dachu. Dla teren\u00f3w powy\u017cej baseny musz\u0105 liczy\u0107 si\u0119 z wol\u0105 g\u00f3rnej kraw\u0119dzi basenu (niemasy). Dlatego przygotowali\u015bmy dodatkowy rozmiar <a href=\"http:\/\/www.tropiko.pl\/pl2\/velikost-zastreseni-bazenu.php\"><span style=\"color: #434343; font-size: small;\">Tabela wysoko\u015bci<\/span><\/a> dachu oraz \u015brednic\u0119 basenie.<\/p>\n<p class=\"text\"><b><i>Mo\u017cliwe jest pozostawi\u0107 obudow\u0119 basen przez zim? Je\u015blibasen jest zamkni\u0119ty, mog\u0105 wytrzyma\u0107 obci\u0105\u017cenia \u015bniegiem?<\/i><\/b><br \/>\nTak, dach mo\u017ce zostawi\u0107 je przez ca\u0142y rok, ale zawsze otwarty. Nale\u017cy pami\u0119ta\u0107, \u017ce zamro\u017cenie dachu nie mog\u0105 by\u0107 zmieniane, mo\u017ce to spowodowa\u0107 pogorszenie folii.<br \/>\nZadaszenie nie jest przeznaczony dla obci\u0105\u017cenia \u015bniegiem. Po kilku &#8222;Snow tydzie\u0144&#8221; nale\u017cy otwiera\u0107 obudowy. Gwarancja na uszkodzenia mechaniczne nie s\u0105 obj\u0119te obci\u0105\u017cenia \u015bniegiem.<\/p>\n<p class=\"text\"><b><i>Nie b\u0119dzie grad, aby przebi\u0107 foli\u0119?<\/i><\/b><br \/>\nNie zauwa\u017cy\u0142em tego problemu. Film jestmocny, elastyczny. Przebicie spowodowane przez grad lub deszcz jest prawdopodobne.<br \/>\nW ostatnich latach, \u017caden z naszych klient\u00f3w nie rozwi\u0105\u017ce problemu narusze\u0144 mechanicznych. Je\u015bli nadal ma mechaniczne rozerwanie folii, gdy twoje dzia\u0142ania w pobli\u017cu basenu, prosimy o kontakt z nami, pomo\u017cemy Ci naprawy jako\u015bci!<\/p>\n<p class=\"text\"><b><i>Chc\u0119 u\u017cy\u0107 dachu basenu znajduje si\u0119 w domku, kt\u00f3re nie mieszkaj\u0105 na sta\u0142e. Jest to mo\u017cliwe do demonta\u017cu zim\u0119?<\/i><\/b> <a href=\"http:\/\/www.tropiko.eu\/cz\/wp-content\/uploads\/tropiko-20.jpg\"><img loading=\"lazy\" decoding=\"async\" class=\"alignright wp-image-108 size-thumbnail\" src=\"http:\/\/www.tropiko.eu\/cz\/wp-content\/uploads\/tropiko-20-150x150.jpg\" alt=\"Zast\u0159e\u0161en\u00ed baz\u00e9nu TROPIKO pro del\u0161\u00ed koup\u00e1n\u00ed, tepl\u00fd baz\u00e9n a \u010distou vodu jako azuro. Pro nadzemn\u00ed i zapu\u0161t\u011bn\u00e9 (kruhov\u00e9 \/ kulat\u00e9) zahradn\u00ed baz\u00e9ny.\" width=\"150\" height=\"150\" srcset=\"https:\/\/www.tropiko.pl\/pl\/wp-content\/uploads\/tropiko-20-150x150.jpg 150w, https:\/\/www.tropiko.pl\/pl\/wp-content\/uploads\/tropiko-20-300x300.jpg 300w, https:\/\/www.tropiko.pl\/pl\/wp-content\/uploads\/tropiko-20-100x100.jpg 100w\" sizes=\"auto, (max-width: 150px) 100vw, 150px\" \/><\/a><br \/>\nMonta\u017c i instalacja plandek s\u0105 proste z naszego produktu oraz wybranego systemu pozwala na ewentualne demonta\u017c w celu przechowywania w bezpiecznych obszar\u00f3w.<\/p>\n<p class=\"text\"><b><i>Mo\u017cemy opu\u015bci\u0107 obudow\u0119 przez zim\u0119 le\u017ca\u0142 otwarty przy basenie?<\/i><\/b><br \/>\nTak, pokrycie dachowe mo\u017ce wytrzyma\u0107 dzia\u0142anie warunk\u00f3w pogodowych przez ca\u0142y rok. Przednadej\u015bciem mroz\u00f3w nale\u017cy otwiera\u0107 obudowy. Konstrukcja nie nadaje si\u0119 do dodatkowego obci\u0105\u017cenia \u015bniegiem albo szronu na wewn\u0119trznej stronie dachu.<\/p>\n<p><a href=\"https:\/\/www.tropiko.pl\/pl\/wp-content\/uploads\/tropiko-22.jpg\"><img loading=\"lazy\" decoding=\"async\" class=\"alignnone size-medium wp-image-110\" src=\"https:\/\/www.tropiko.pl\/pl\/wp-content\/uploads\/tropiko-22-300x193.jpg\" alt=\"Zadaszenie na basen TROPIKO. Pokrycie basenu dla d\u0142u\u017cszych k\u0105pieli, ciep\u0142y basen i czysta woda jako azuro. Do naziemnych i zag\u0142\u0119bionych okr\u0105g\u0142ych basen\u00f3w ogrodowych.\" width=\"300\" height=\"193\" srcset=\"https:\/\/www.tropiko.pl\/pl\/wp-content\/uploads\/tropiko-22-300x193.jpg 300w, https:\/\/www.tropiko.pl\/pl\/wp-content\/uploads\/tropiko-22-768x493.jpg 768w, https:\/\/www.tropiko.pl\/pl\/wp-content\/uploads\/tropiko-22-1024x658.jpg 1024w, https:\/\/www.tropiko.pl\/pl\/wp-content\/uploads\/tropiko-22.jpg 1200w\" sizes=\"auto, (max-width: 300px) 100vw, 300px\" \/><\/a><\/p>\n<p class=\"text\">\n<p><strong>Jak otwiera si\u0119 dach basenu TROPIKO?<\/strong><br \/>\nOdczepi\u0107 linki bungee od czaszy. Delikatnie podnie\u015b r\u0119k\u0105 pokryw\u0119 za rur\u0119. W po\u0142owie fazy otwarcia czasza b\u0119dzie ci\u0119\u017cka &#8211; wytrzymaj.<\/p>\n<p><strong>Jak zamyka si\u0119 pokrywa basenu?<\/strong><br \/>\nSta\u0144 na styku z dachem. R\u0119k\u0105 nale\u017cy chwyci\u0107 TROPICO za pierwsz\u0105 aluminiow\u0105 rur\u0119 i przeci\u0105gn\u0105\u0107 zadaszenie nad basenem. (W przypadku zadasze\u0144 TROPIKO 500 i TROPIKO 550 do zamkni\u0119cia zadaszenia potrzebne b\u0119d\u0105 dwie osoby. Sta\u0144cie naprzeciw siebie w jednym z\u0142\u0105czeniu i zamknijcie razem czasz\u0119). Nie nale\u017cy ci\u0105gn\u0105\u0107 zadaszenia za pomoc\u0105 lin mocowanych za aluminiowymi rurkami lub innych mechanizm\u00f3w.<\/p>\n<p><strong>Cz\u0119\u015bci zamienne do zadasze\u0144 basen\u00f3w<\/strong><br \/>\nWszystkie cz\u0119\u015bci zamienne do naszych produkt\u00f3w s\u0105 stale dost\u0119pne. Mo\u017cemy dostarczy\u0107 Pa\u0144stwu wszystkie cz\u0119\u015bci, kt\u00f3re s\u0105 u\u017cywane do produkcji pokry\u0107 dachowych TROPIKO od ponad 13 lat. Skontaktuj si\u0119 z nami za po\u015brednictwem poczty elektronicznej.<\/p>\n<p><strong>\u017bywotno\u015b\u0107 plandeki<\/strong><br \/>\nTak d\u0142ugo jak utrzymujesz p\u0142acht\u0119 w czysto\u015bci przez ca\u0142y rok, sprawdzili\u015bmy, \u017ce \u017cywotno\u015b\u0107 plandeki jest d\u0142u\u017csza ni\u017c 6 lat. Daszki TROPIKO produkujemy od ponad 10 lat i nawet pierwsze produkty s\u0105 nadal sprawne. Gdy nie pada deszcz, jest sucho, wi\u0119c trzeba zmy\u0107 kurz, brud i py\u0142ki z zadaszenia basenu. Podobnie jak w przypadku mycia przedniej szyby samochodu, u\u017cyj w\u0119\u017ca ogrodowego, aby sp\u0142uka\u0107 brud mniej wi\u0119cej raz na 14 dni.<\/p>\n<p><strong>Folia wymienna<\/strong><br \/>\nDost\u0119pne s\u0105 wszystkie cz\u0119\u015bci zamienne do daszk\u00f3w TROPIKO. Mniej wi\u0119cej po\u0142owa ceny produktu to konstrukcja, druga po\u0142owa ceny produktu to folia. Folie zamienne mo\u017cna zam\u00f3wi\u0107 tutaj&#8230;<\/p>\n<p><strong>Zimowanie i demonta\u017c pokrycia dachowego<\/strong><br \/>\nNie ma konieczno\u015bci demonta\u017cu pokrycia dachowego na zim\u0119. Zalecamy pozostawienie otwartego zadaszenia przy basenie i wy\u0142o\u017cenie go tak, aby woda sp\u0142ywa\u0142a z folii. Aby u\u0142atwi\u0107 wiosenn\u0105 konserwacj\u0119 i sprz\u0105tanie, mo\u017cna przykry\u0107 pokrycie dachowe foli\u0105 do pakowania lub odkr\u0119ci\u0107 je od ziemi i umie\u015bci\u0107 w okresie zimowym poza zasi\u0119giem \u015bniegu i deszczu. Mo\u017cna na przyk\u0142ad oprze\u0107 zadaszenie o \u015bcian\u0119 gara\u017cu.<\/p>\n<p><strong>Zmiana koloru folii<\/strong><br \/>\nCzy wiosn\u0105 na folii pojawiaj\u0105 si\u0119 matowe bia\u0142e lub niebieskawe plamy? Mo\u017cliwe, \u017ce woda lub \u015bnieg dzia\u0142a\u0142y przez d\u0142u\u017cszy czas na foli\u0119 podch\u0142odzon\u0105. Po rozgrzaniu folii b\u0119dzie ona ponownie przezroczysta. Je\u015bli na folii pojawi si\u0119 brud, kurz lub py\u0142ki, plandek\u0119 nale\u017cy natychmiast umy\u0107 zwyk\u0142ymi \u015brodkami czyszcz\u0105cymi (nie nale\u017cy u\u017cywa\u0107 Amway ani innych agresywnych produkt\u00f3w).<\/p>\n","protected":false},"excerpt":{"rendered":"<p>Pytania i odpowiedzi &#8211; zadaszenie na basen Mo\u017cemy obs\u0142u\u017cy\u0107 Instalacja siebie? Instalacji (patrz instrukcja) jest bardzo proste. Je\u015bli opanujesz miejsce na budow\u0119 przeno\u015bne nadmuchiwane basen lub czy kiedykolwiek konsultacje z instalacji mebli skandynawskich, by\u0107 pewien, \u017ce mo\u017cna obs\u0142ugiwa\u0107 z naszego dachu. Co to jestzadaszenie pakowane do dostawy? Ca\u0142y zestaw do po\u0142o\u017cenia pokrycia dachowego jedod\u00e1v\u00e1no owini\u0119te [&#8230;]\n","protected":false},"author":1,"featured_media":0,"parent":0,"menu_order":0,"comment_status":"closed","ping_status":"open","template":"","meta":{"footnotes":""},"class_list":["post-21","page","type-page","status-publish","hentry"],"yoast_head":"<!-- This site is optimized with the Yoast SEO plugin v27.4 - https:\/\/yoast.com\/product\/yoast-seo-wordpress\/ -->\n<title>Pytania i odpowiedzi &#8211; TROPIKO Polska<\/title>\n<meta name=\"robots\" content=\"index, follow, max-snippet:-1, max-image-preview:large, max-video-preview:-1\" \/>\n<link rel=\"canonical\" href=\"https:\/\/www.tropiko.pl\/pl\/pytania-i-odpowiedzi\/\" \/>\n<meta property=\"og:locale\" content=\"pl_PL\" \/>\n<meta property=\"og:type\" content=\"article\" \/>\n<meta property=\"og:title\" content=\"Pytania i odpowiedzi &#8211; TROPIKO Polska\" \/>\n<meta property=\"og:description\" content=\"Pytania i odpowiedzi &#8211; zadaszenie na basen Mo\u017cemy obs\u0142u\u017cy\u0107 Instalacja siebie? Instalacji (patrz instrukcja) jest bardzo proste. Je\u015bli opanujesz miejsce na budow\u0119 przeno\u015bne nadmuchiwane basen lub czy kiedykolwiek konsultacje z instalacji mebli skandynawskich, by\u0107 pewien, \u017ce mo\u017cna obs\u0142ugiwa\u0107 z naszego dachu. Co to jestzadaszenie pakowane do dostawy? Ca\u0142y zestaw do po\u0142o\u017cenia pokrycia dachowego jedod\u00e1v\u00e1no owini\u0119te [...]\" \/>\n<meta property=\"og:url\" content=\"https:\/\/www.tropiko.pl\/pl\/pytania-i-odpowiedzi\/\" \/>\n<meta property=\"og:site_name\" content=\"TROPIKO Polska\" \/>\n<meta property=\"article:publisher\" content=\"https:\/\/www.facebook.com\/TROPIKO.eu\" \/>\n<meta property=\"article:modified_time\" content=\"2025-02-28T13:59:28+00:00\" \/>\n<meta property=\"og:image\" content=\"https:\/\/www.tropiko.pl\/pl\/wp-content\/uploads\/tropiko-baleni.jpg\" \/>\n\t<meta property=\"og:image:width\" content=\"600\" \/>\n\t<meta property=\"og:image:height\" content=\"268\" \/>\n\t<meta property=\"og:image:type\" content=\"image\/jpeg\" \/>\n<meta name=\"twitter:card\" content=\"summary_large_image\" \/>\n<meta name=\"twitter:label1\" content=\"Szacowany czas czytania\" \/>\n\t<meta name=\"twitter:data1\" content=\"6 minut\" \/>\n<script type=\"application\/ld+json\" class=\"yoast-schema-graph\">{\"@context\":\"https:\\\/\\\/schema.org\",\"@graph\":[{\"@type\":\"WebPage\",\"@id\":\"https:\\\/\\\/www.tropiko.pl\\\/pl\\\/pytania-i-odpowiedzi\\\/\",\"url\":\"https:\\\/\\\/www.tropiko.pl\\\/pl\\\/pytania-i-odpowiedzi\\\/\",\"name\":\"Pytania i odpowiedzi &#8211; TROPIKO Polska\",\"isPartOf\":{\"@id\":\"https:\\\/\\\/www.tropiko.pl\\\/pl\\\/#website\"},\"primaryImageOfPage\":{\"@id\":\"https:\\\/\\\/www.tropiko.pl\\\/pl\\\/pytania-i-odpowiedzi\\\/#primaryimage\"},\"image\":{\"@id\":\"https:\\\/\\\/www.tropiko.pl\\\/pl\\\/pytania-i-odpowiedzi\\\/#primaryimage\"},\"thumbnailUrl\":\"http:\\\/\\\/www.tropiko.eu\\\/cz\\\/wp-content\\\/uploads\\\/tropiko-baleni-150x150.jpg\",\"datePublished\":\"2014-12-03T15:38:34+00:00\",\"dateModified\":\"2025-02-28T13:59:28+00:00\",\"breadcrumb\":{\"@id\":\"https:\\\/\\\/www.tropiko.pl\\\/pl\\\/pytania-i-odpowiedzi\\\/#breadcrumb\"},\"inLanguage\":\"pl-PL\",\"potentialAction\":[{\"@type\":\"ReadAction\",\"target\":[\"https:\\\/\\\/www.tropiko.pl\\\/pl\\\/pytania-i-odpowiedzi\\\/\"]}]},{\"@type\":\"ImageObject\",\"inLanguage\":\"pl-PL\",\"@id\":\"https:\\\/\\\/www.tropiko.pl\\\/pl\\\/pytania-i-odpowiedzi\\\/#primaryimage\",\"url\":\"http:\\\/\\\/www.tropiko.eu\\\/cz\\\/wp-content\\\/uploads\\\/tropiko-baleni-150x150.jpg\",\"contentUrl\":\"http:\\\/\\\/www.tropiko.eu\\\/cz\\\/wp-content\\\/uploads\\\/tropiko-baleni-150x150.jpg\"},{\"@type\":\"BreadcrumbList\",\"@id\":\"https:\\\/\\\/www.tropiko.pl\\\/pl\\\/pytania-i-odpowiedzi\\\/#breadcrumb\",\"itemListElement\":[{\"@type\":\"ListItem\",\"position\":1,\"name\":\"Dom\u016f\",\"item\":\"https:\\\/\\\/www.tropiko.pl\\\/pl\\\/\"},{\"@type\":\"ListItem\",\"position\":2,\"name\":\"Pytania i odpowiedzi\"}]},{\"@type\":\"WebSite\",\"@id\":\"https:\\\/\\\/www.tropiko.pl\\\/pl\\\/#website\",\"url\":\"https:\\\/\\\/www.tropiko.pl\\\/pl\\\/\",\"name\":\"TROPIKO Polska\",\"description\":\"\",\"publisher\":{\"@id\":\"https:\\\/\\\/www.tropiko.pl\\\/pl\\\/#organization\"},\"potentialAction\":[{\"@type\":\"SearchAction\",\"target\":{\"@type\":\"EntryPoint\",\"urlTemplate\":\"https:\\\/\\\/www.tropiko.pl\\\/pl\\\/?s={search_term_string}\"},\"query-input\":{\"@type\":\"PropertyValueSpecification\",\"valueRequired\":true,\"valueName\":\"search_term_string\"}}],\"inLanguage\":\"pl-PL\"},{\"@type\":\"Organization\",\"@id\":\"https:\\\/\\\/www.tropiko.pl\\\/pl\\\/#organization\",\"name\":\"TROPIKO Polska\",\"url\":\"https:\\\/\\\/www.tropiko.pl\\\/pl\\\/\",\"logo\":{\"@type\":\"ImageObject\",\"inLanguage\":\"pl-PL\",\"@id\":\"https:\\\/\\\/www.tropiko.pl\\\/pl\\\/#\\\/schema\\\/logo\\\/image\\\/\",\"url\":\"https:\\\/\\\/www.tropiko.pl\\\/pl\\\/wp-content\\\/uploads\\\/tropiko-logo2023-04.png\",\"contentUrl\":\"https:\\\/\\\/www.tropiko.pl\\\/pl\\\/wp-content\\\/uploads\\\/tropiko-logo2023-04.png\",\"width\":1680,\"height\":1080,\"caption\":\"TROPIKO Polska\"},\"image\":{\"@id\":\"https:\\\/\\\/www.tropiko.pl\\\/pl\\\/#\\\/schema\\\/logo\\\/image\\\/\"},\"sameAs\":[\"https:\\\/\\\/www.facebook.com\\\/TROPIKO.eu\"]}]}<\/script>\n<!-- \/ Yoast SEO plugin. -->","yoast_head_json":{"title":"Pytania i odpowiedzi &#8211; TROPIKO Polska","robots":{"index":"index","follow":"follow","max-snippet":"max-snippet:-1","max-image-preview":"max-image-preview:large","max-video-preview":"max-video-preview:-1"},"canonical":"https:\/\/www.tropiko.pl\/pl\/pytania-i-odpowiedzi\/","og_locale":"pl_PL","og_type":"article","og_title":"Pytania i odpowiedzi &#8211; TROPIKO Polska","og_description":"Pytania i odpowiedzi &#8211; zadaszenie na basen Mo\u017cemy obs\u0142u\u017cy\u0107 Instalacja siebie? Instalacji (patrz instrukcja) jest bardzo proste. Je\u015bli opanujesz miejsce na budow\u0119 przeno\u015bne nadmuchiwane basen lub czy kiedykolwiek konsultacje z instalacji mebli skandynawskich, by\u0107 pewien, \u017ce mo\u017cna obs\u0142ugiwa\u0107 z naszego dachu. Co to jestzadaszenie pakowane do dostawy? Ca\u0142y zestaw do po\u0142o\u017cenia pokrycia dachowego jedod\u00e1v\u00e1no owini\u0119te [...]","og_url":"https:\/\/www.tropiko.pl\/pl\/pytania-i-odpowiedzi\/","og_site_name":"TROPIKO Polska","article_publisher":"https:\/\/www.facebook.com\/TROPIKO.eu","article_modified_time":"2025-02-28T13:59:28+00:00","og_image":[{"width":600,"height":268,"url":"https:\/\/www.tropiko.pl\/pl\/wp-content\/uploads\/tropiko-baleni.jpg","type":"image\/jpeg"}],"twitter_card":"summary_large_image","twitter_misc":{"Szacowany czas czytania":"6 minut"},"schema":{"@context":"https:\/\/schema.org","@graph":[{"@type":"WebPage","@id":"https:\/\/www.tropiko.pl\/pl\/pytania-i-odpowiedzi\/","url":"https:\/\/www.tropiko.pl\/pl\/pytania-i-odpowiedzi\/","name":"Pytania i odpowiedzi &#8211; TROPIKO Polska","isPartOf":{"@id":"https:\/\/www.tropiko.pl\/pl\/#website"},"primaryImageOfPage":{"@id":"https:\/\/www.tropiko.pl\/pl\/pytania-i-odpowiedzi\/#primaryimage"},"image":{"@id":"https:\/\/www.tropiko.pl\/pl\/pytania-i-odpowiedzi\/#primaryimage"},"thumbnailUrl":"http:\/\/www.tropiko.eu\/cz\/wp-content\/uploads\/tropiko-baleni-150x150.jpg","datePublished":"2014-12-03T15:38:34+00:00","dateModified":"2025-02-28T13:59:28+00:00","breadcrumb":{"@id":"https:\/\/www.tropiko.pl\/pl\/pytania-i-odpowiedzi\/#breadcrumb"},"inLanguage":"pl-PL","potentialAction":[{"@type":"ReadAction","target":["https:\/\/www.tropiko.pl\/pl\/pytania-i-odpowiedzi\/"]}]},{"@type":"ImageObject","inLanguage":"pl-PL","@id":"https:\/\/www.tropiko.pl\/pl\/pytania-i-odpowiedzi\/#primaryimage","url":"http:\/\/www.tropiko.eu\/cz\/wp-content\/uploads\/tropiko-baleni-150x150.jpg","contentUrl":"http:\/\/www.tropiko.eu\/cz\/wp-content\/uploads\/tropiko-baleni-150x150.jpg"},{"@type":"BreadcrumbList","@id":"https:\/\/www.tropiko.pl\/pl\/pytania-i-odpowiedzi\/#breadcrumb","itemListElement":[{"@type":"ListItem","position":1,"name":"Dom\u016f","item":"https:\/\/www.tropiko.pl\/pl\/"},{"@type":"ListItem","position":2,"name":"Pytania i odpowiedzi"}]},{"@type":"WebSite","@id":"https:\/\/www.tropiko.pl\/pl\/#website","url":"https:\/\/www.tropiko.pl\/pl\/","name":"TROPIKO Polska","description":"","publisher":{"@id":"https:\/\/www.tropiko.pl\/pl\/#organization"},"potentialAction":[{"@type":"SearchAction","target":{"@type":"EntryPoint","urlTemplate":"https:\/\/www.tropiko.pl\/pl\/?s={search_term_string}"},"query-input":{"@type":"PropertyValueSpecification","valueRequired":true,"valueName":"search_term_string"}}],"inLanguage":"pl-PL"},{"@type":"Organization","@id":"https:\/\/www.tropiko.pl\/pl\/#organization","name":"TROPIKO Polska","url":"https:\/\/www.tropiko.pl\/pl\/","logo":{"@type":"ImageObject","inLanguage":"pl-PL","@id":"https:\/\/www.tropiko.pl\/pl\/#\/schema\/logo\/image\/","url":"https:\/\/www.tropiko.pl\/pl\/wp-content\/uploads\/tropiko-logo2023-04.png","contentUrl":"https:\/\/www.tropiko.pl\/pl\/wp-content\/uploads\/tropiko-logo2023-04.png","width":1680,"height":1080,"caption":"TROPIKO Polska"},"image":{"@id":"https:\/\/www.tropiko.pl\/pl\/#\/schema\/logo\/image\/"},"sameAs":["https:\/\/www.facebook.com\/TROPIKO.eu"]}]}},"_links":{"self":[{"href":"https:\/\/www.tropiko.pl\/pl\/wp-json\/wp\/v2\/pages\/21","targetHints":{"allow":["GET"]}}],"collection":[{"href":"https:\/\/www.tropiko.pl\/pl\/wp-json\/wp\/v2\/pages"}],"about":[{"href":"https:\/\/www.tropiko.pl\/pl\/wp-json\/wp\/v2\/types\/page"}],"author":[{"embeddable":true,"href":"https:\/\/www.tropiko.pl\/pl\/wp-json\/wp\/v2\/users\/1"}],"replies":[{"embeddable":true,"href":"https:\/\/www.tropiko.pl\/pl\/wp-json\/wp\/v2\/comments?post=21"}],"version-history":[{"count":1,"href":"https:\/\/www.tropiko.pl\/pl\/wp-json\/wp\/v2\/pages\/21\/revisions"}],"predecessor-version":[{"id":476,"href":"https:\/\/www.tropiko.pl\/pl\/wp-json\/wp\/v2\/pages\/21\/revisions\/476"}],"wp:attachment":[{"href":"https:\/\/www.tropiko.pl\/pl\/wp-json\/wp\/v2\/media?parent=21"}],"curies":[{"name":"wp","href":"https:\/\/api.w.org\/{rel}","templated":true}]}}