{"id":19,"date":"2014-12-03T15:36:45","date_gmt":"2014-12-03T15:36:45","guid":{"rendered":"http:\/\/www.tropiko.eu\/cz\/?page_id=19"},"modified":"2015-01-07T10:08:07","modified_gmt":"2015-01-07T10:08:07","slug":"montaz-zadaszenia","status":"publish","type":"page","link":"https:\/\/www.tropiko.pl\/pl\/montaz-zadaszenia\/","title":{"rendered":"monta\u017c zadaszenia"},"content":{"rendered":"<p><strong>Instalacji &#8211; zadaszenie na basen TROPIKO<br \/>\n<\/strong><\/p>\n<p><strong>Instrukcja instalacji<br \/>\n<\/strong>Monta\u017c pokrywy basenie mo\u017ce obs\u0142u\u017cy\u0107 \u015brednio wykwalifikowanych u\u017cytkownika. Instalacja powinna by\u0107 wykonana co najmniej dwie osoby.<br \/>\nZaleca si\u0119 zamontowanie obudowy \/ obudowy na zewn\u0105trz basen (docelowego). \u0141atwiej jest dotrze\u0107 od wewn\u0105trz budowa\u0107 struktury, utrwalacze i off folii. Miejsce pokrywy w pozycji otwartej, \u0142atwo przenosi trzy osoby &#8211; dwie z zawias\u00f3w przegubowych i jeden w \u015brodku (g\u00f3rna pokrywa).<br \/>\nDo instalacji potrzebny jest klucz nr 13 i nr 11, kt\u00f3re nie s\u0105 zawarte w opakowaniu produktu.<br \/>\nMonta\u017c wykona\u0107 w wietrzne dni.<\/p>\n<p><a href=\"http:\/\/www.tropiko.eu\/cz\/wp-content\/uploads\/tropiko-33.jpg\"><img loading=\"lazy\" decoding=\"async\" class=\"alignright wp-image-121 size-thumbnail\" src=\"http:\/\/www.tropiko.eu\/cz\/wp-content\/uploads\/tropiko-33-150x150.jpg\" alt=\"Zast\u0159e\u0161en\u00ed baz\u00e9nu TROPIKO pro del\u0161\u00ed koup\u00e1n\u00ed, tepl\u00fd baz\u00e9n a \u010distou vodu jako azuro. Pro nadzemn\u00ed i zapu\u0161t\u011bn\u00e9 (kruhov\u00e9 \/ kulat\u00e9) zahradn\u00ed baz\u00e9ny.\" width=\"150\" height=\"150\" srcset=\"https:\/\/www.tropiko.pl\/pl\/wp-content\/uploads\/tropiko-33-150x150.jpg 150w, https:\/\/www.tropiko.pl\/pl\/wp-content\/uploads\/tropiko-33-300x300.jpg 300w, https:\/\/www.tropiko.pl\/pl\/wp-content\/uploads\/tropiko-33-100x100.jpg 100w\" sizes=\"auto, (max-width: 150px) 100vw, 150px\" \/><\/a><strong>Etap 1.<\/strong><br \/>\nDo\u0142\u0105czy\u0107 segmentu naziemnego przegubowy tak, \u017ce nici ciernie wsp\u00f3lne z widokiem na basen. Wolny koniec odcinka (nie jest przy\u0142\u0105czone do ziemi) zostanie przydzielone do podmiotu, od kt\u00f3rego mo\u017cna otworzy\u0107 pokryw\u0119. Do mocowania mechanizmu zawiasu rodzaju terenu, stosowa\u0107 ko\u0142ki, lub co najmniej przy\u0142\u0105czone kolce.<\/p>\n<p><a href=\"http:\/\/www.tropiko.eu\/cz\/wp-content\/uploads\/tropiko-11.jpg\"><img loading=\"lazy\" decoding=\"async\" class=\"alignright wp-image-99 size-thumbnail\" src=\"http:\/\/www.tropiko.eu\/cz\/wp-content\/uploads\/tropiko-11-150x150.jpg\" alt=\"Zast\u0159e\u0161en\u00ed baz\u00e9nu TROPIKO pro del\u0161\u00ed koup\u00e1n\u00ed, tepl\u00fd baz\u00e9n a \u010distou vodu jako azuro. Pro nadzemn\u00ed i zapu\u0161t\u011bn\u00e9 (kruhov\u00e9 \/ kulat\u00e9) zahradn\u00ed baz\u00e9ny.\" width=\"150\" height=\"150\" srcset=\"https:\/\/www.tropiko.pl\/pl\/wp-content\/uploads\/tropiko-11-150x150.jpg 150w, https:\/\/www.tropiko.pl\/pl\/wp-content\/uploads\/tropiko-11-300x300.jpg 300w, https:\/\/www.tropiko.pl\/pl\/wp-content\/uploads\/tropiko-11-100x100.jpg 100w\" sizes=\"auto, (max-width: 150px) 100vw, 150px\" \/><\/a><\/p>\n<p><strong>Etap 2.<br \/>\n<\/strong>Drugi segment zawiasowy zamocowa\u0107 do pod\u0142o\u017ca, a tak\u017cepierwsz\u0105 i w pewnej odleg\u0142o\u015bci od pierwszego segmentu zawiasowego odpowiadaj\u0105cej \u015brednicy ok\u0142adki.<\/p>\n<p><strong>Etap 3.<\/strong><br \/>\nPokrywa jest wykonana z jedenastu \u0142uk\u00f3w. Rury do wytwarzania ka\u017cdego \u0142uku s\u0105 zapakowane oddzielnie. Monta\u017c \u0142uk\u00f3w stopniowo przesuwaj\u0105c sto\u017ckowe ko\u0144ce razem, a\u017c zaskoczy na miejsce. Pierwszy iostatni \u0142uk (te, kt\u00f3re po zamkni\u0119ciu pokrywy le\u017c\u0105cego na ziemi) s\u0105 wykonane z grubych rur.<\/p>\n<p><a href=\"http:\/\/www.tropiko.eu\/cz\/wp-content\/uploads\/tropiko-13.jpg\"><img loading=\"lazy\" decoding=\"async\" class=\"alignright wp-image-101 size-thumbnail\" src=\"http:\/\/www.tropiko.eu\/cz\/wp-content\/uploads\/tropiko-13-150x150.jpg\" alt=\"Zast\u0159e\u0161en\u00ed baz\u00e9nu TROPIKO pro del\u0161\u00ed koup\u00e1n\u00ed, tepl\u00fd baz\u00e9n a \u010distou vodu jako azuro. Pro nadzemn\u00ed i zapu\u0161t\u011bn\u00e9 (kruhov\u00e9 \/ kulat\u00e9) zahradn\u00ed baz\u00e9ny.\" width=\"150\" height=\"150\" srcset=\"https:\/\/www.tropiko.pl\/pl\/wp-content\/uploads\/tropiko-13-150x150.jpg 150w, https:\/\/www.tropiko.pl\/pl\/wp-content\/uploads\/tropiko-13-300x300.jpg 300w, https:\/\/www.tropiko.pl\/pl\/wp-content\/uploads\/tropiko-13-100x100.jpg 100w\" sizes=\"auto, (max-width: 150px) 100vw, 150px\" \/><\/a><\/p>\n<p><strong>Etap 4.<\/strong><br \/>\nDo ko\u0144ca \u0142uk\u00f3w wk\u0142adaj\u0105c plastikowe za\u015blepki. Ka\u017cdy koniec \u0142uk\u00f3w stopniowo pasuj\u0105 \u015bruby na segmencie zawias\u00f3w tak, \u017cenajpierw String plastikowy pier\u015bcie\u0144 (pralka), po po\u015blizgn\u0105\u0142 si\u0119 na \u0142uku, a nast\u0119pnie um\u00f3wi\u0107 si\u0119 na nakr\u0119tk\u0119 podk\u0142adka metalowa, kt\u00f3ra lu\u017ano. Po zamontowaniu \u0142uk\u00f3w zostawia\u0142a je na siebie (w kszta\u0142cie p\u00f3\u0142ksi\u0119\u017cyca).<\/p>\n<p><strong>Etap 5.<\/strong><br \/>\nPokrywa poza rozwija\u0107 w\u0142asne pokryw\u0119 zmontowany na zakr\u0119tach i stopniowo spawa\u0107 zaczepy na rzep poszczeg\u00f3lnych \u0142uk\u00f3w. Rzepy na ko\u0144cach (dla segment\u00f3w przegubowych) Nie jeszcze naprawi\u0107.<\/p>\n<p><a href=\"http:\/\/www.tropiko.eu\/cz\/wp-content\/uploads\/tropiko-12.jpg\"><img loading=\"lazy\" decoding=\"async\" class=\"alignright wp-image-100 size-thumbnail\" src=\"http:\/\/www.tropiko.eu\/cz\/wp-content\/uploads\/tropiko-12-150x150.jpg\" alt=\"Zast\u0159e\u0161en\u00ed baz\u00e9nu TROPIKO pro del\u0161\u00ed koup\u00e1n\u00ed, tepl\u00fd baz\u00e9n a \u010distou vodu jako azuro. Pro nadzemn\u00ed i zapu\u0161t\u011bn\u00e9 (kruhov\u00e9 \/ kulat\u00e9) zahradn\u00ed baz\u00e9ny.\" width=\"150\" height=\"150\" srcset=\"https:\/\/www.tropiko.pl\/pl\/wp-content\/uploads\/tropiko-12-150x150.jpg 150w, https:\/\/www.tropiko.pl\/pl\/wp-content\/uploads\/tropiko-12-300x300.jpg 300w, https:\/\/www.tropiko.pl\/pl\/wp-content\/uploads\/tropiko-12-100x100.jpg 100w\" sizes=\"auto, (max-width: 150px) 100vw, 150px\" \/><\/a><\/p>\n<p><strong>Etap 6.<\/strong><br \/>\nPrzed stopniowego zamykania pokrywy upewnij si\u0119, \u017ce pokrywa si\u0119 r\u00f3\u017cne krzywe r\u00f3wnomiernie napi\u0119ty. Nie tworz\u0105 k\u0105t, \u0142uki zmarszczek. W czasie zamykania pokrywy w kierunku pobierania \u0142\u0105czonych segment\u00f3w. Do\u0142\u0105czy\u0107 ostatni rzep.<\/p>\n<p><strong>Etap 7.<\/strong><br \/>\nGumowe uchwyty w kszta\u0142cie tr\u00f3jk\u0105ta s\u0142u\u017cy do mocowania lin gumowych dostarczonych kt\u00f3re s\u0105 u\u017cywane do zabezpieczenia P\u00f3\u0142kabina \/ dachu do u\u017cytku zewn\u0119trznego basenu.<br \/>\nAby wy\u0142\u0105czy\u0107 lin gumowych, mo\u017cna korzysta\u0107 z dostarczonych kotwic lub inne za\u0142\u0105czniki, kt\u00f3re s\u0105 przymocowane do pod\u0142o\u017ca lub zamrozi\u0107 ziemi\u0119 w miejscu tr\u00f3jk\u0105tnych szyte uchwyty.<\/p>\n<p><strong>Uwagi:<\/strong><br \/>\nDla wolnostoj\u0105cych lub polozapu\u0161t\u011bn\u00fdch basen\u00f3w nie zapomnij przestrze\u0144 dla zaanga\u017cowania filtracji.<br \/>\nElastyczne w\u0119\u017ce do filtracji jest r\u00f3wnie\u017c mo\u017cliwe \u015brodki segment\u00f3w przegubowych, w kt\u00f3rych przewody s\u0105 dodatkowo chronione.<br \/>\nGdydach nie jest konieczne, aby s\u0142onecznej b\u0105belkowej na powierzchni\u0119.<\/p>\n<p><a href=\"http:\/\/www.tropiko.eu\/cz\/wp-content\/uploads\/tropiko-04.jpg\"><img loading=\"lazy\" decoding=\"async\" class=\"alignright wp-image-92 size-thumbnail\" src=\"http:\/\/www.tropiko.eu\/cz\/wp-content\/uploads\/tropiko-04-150x150.jpg\" alt=\"Zast\u0159e\u0161en\u00ed baz\u00e9nu TROPIKO pro del\u0161\u00ed koup\u00e1n\u00ed, tepl\u00fd baz\u00e9n a \u010distou vodu jako azuro. Pro nadzemn\u00ed i zapu\u0161t\u011bn\u00e9 (kruhov\u00e9 \/ kulat\u00e9) zahradn\u00ed baz\u00e9ny.\" width=\"150\" height=\"150\" srcset=\"https:\/\/www.tropiko.pl\/pl\/wp-content\/uploads\/tropiko-04-150x150.jpg 150w, https:\/\/www.tropiko.pl\/pl\/wp-content\/uploads\/tropiko-04-300x300.jpg 300w, https:\/\/www.tropiko.pl\/pl\/wp-content\/uploads\/tropiko-04-100x100.jpg 100w\" sizes=\"auto, (max-width: 150px) 100vw, 150px\" \/><\/a><\/p>\n<p><strong>Ostrze\u017cenie:<\/strong><br \/>\nPozasezonem basen mo\u017ce zachowa\u0107pokrywa zamkni\u0119ta. Wyj\u0105tki s\u0105 w miesi\u0105cach zimowych, kiedypokrywa \u015bnie\u017cna mo\u017ce spowodowa\u0107 mechaniczne uszkodzenie jego konstrukcji obci\u0105\u017cenie aluminium i ca\u0142\u0105 obudow\u0119. W miesi\u0105cach zimowych, Pozostawienie otwartej pokrywy.<br \/>\nW temperaturach poni\u017cej zera z sabota\u017cu ok\u0142adka mo\u017ce uszkodzi\u0107 folii.<\/p>\n<p>Pobierz dokument w formacie <a href=\"http:\/\/www.tropiko.eu\/cz\/wp-content\/uploads\/TROPIKO-CZ-2015.pdf\">PDF<\/a>.<\/p>\n","protected":false},"excerpt":{"rendered":"<p>Instalacji &#8211; zadaszenie na basen TROPIKO Instrukcja instalacji Monta\u017c pokrywy basenie mo\u017ce obs\u0142u\u017cy\u0107 \u015brednio wykwalifikowanych u\u017cytkownika. Instalacja powinna by\u0107 wykonana co najmniej dwie osoby. Zaleca si\u0119 zamontowanie obudowy \/ obudowy na zewn\u0105trz basen (docelowego). \u0141atwiej jest dotrze\u0107 od wewn\u0105trz budowa\u0107 struktury, utrwalacze i off folii. Miejsce pokrywy w pozycji otwartej, \u0142atwo przenosi trzy osoby &#8211; [&#8230;]\n","protected":false},"author":1,"featured_media":0,"parent":0,"menu_order":0,"comment_status":"closed","ping_status":"open","template":"","meta":{"footnotes":""},"class_list":["post-19","page","type-page","status-publish","hentry"],"yoast_head":"<!-- This site is optimized with the Yoast SEO plugin v27.4 - https:\/\/yoast.com\/product\/yoast-seo-wordpress\/ -->\n<title>monta\u017c zadaszenia &#8211; TROPIKO Polska<\/title>\n<meta name=\"robots\" content=\"index, follow, max-snippet:-1, max-image-preview:large, max-video-preview:-1\" \/>\n<link rel=\"canonical\" href=\"https:\/\/www.tropiko.pl\/pl\/montaz-zadaszenia\/\" \/>\n<meta property=\"og:locale\" content=\"pl_PL\" \/>\n<meta property=\"og:type\" content=\"article\" \/>\n<meta property=\"og:title\" content=\"monta\u017c zadaszenia &#8211; TROPIKO Polska\" \/>\n<meta property=\"og:description\" content=\"Instalacji &#8211; zadaszenie na basen TROPIKO Instrukcja instalacji Monta\u017c pokrywy basenie mo\u017ce obs\u0142u\u017cy\u0107 \u015brednio wykwalifikowanych u\u017cytkownika. Instalacja powinna by\u0107 wykonana co najmniej dwie osoby. Zaleca si\u0119 zamontowanie obudowy \/ obudowy na zewn\u0105trz basen (docelowego). \u0141atwiej jest dotrze\u0107 od wewn\u0105trz budowa\u0107 struktury, utrwalacze i off folii. Miejsce pokrywy w pozycji otwartej, \u0142atwo przenosi trzy osoby &#8211; [...]\" \/>\n<meta property=\"og:url\" content=\"https:\/\/www.tropiko.pl\/pl\/montaz-zadaszenia\/\" \/>\n<meta property=\"og:site_name\" content=\"TROPIKO Polska\" \/>\n<meta property=\"article:publisher\" content=\"https:\/\/www.facebook.com\/TROPIKO.eu\" \/>\n<meta property=\"article:modified_time\" content=\"2015-01-07T10:08:07+00:00\" \/>\n<meta property=\"og:image\" content=\"http:\/\/www.tropiko.eu\/cz\/wp-content\/uploads\/tropiko-33-150x150.jpg\" \/>\n<meta name=\"twitter:card\" content=\"summary_large_image\" \/>\n<meta name=\"twitter:label1\" content=\"Szacowany czas czytania\" \/>\n\t<meta name=\"twitter:data1\" content=\"3 minuty\" \/>\n<script type=\"application\/ld+json\" class=\"yoast-schema-graph\">{\"@context\":\"https:\\\/\\\/schema.org\",\"@graph\":[{\"@type\":\"WebPage\",\"@id\":\"https:\\\/\\\/www.tropiko.pl\\\/pl\\\/montaz-zadaszenia\\\/\",\"url\":\"https:\\\/\\\/www.tropiko.pl\\\/pl\\\/montaz-zadaszenia\\\/\",\"name\":\"monta\u017c zadaszenia &#8211; TROPIKO Polska\",\"isPartOf\":{\"@id\":\"https:\\\/\\\/www.tropiko.pl\\\/pl\\\/#website\"},\"primaryImageOfPage\":{\"@id\":\"https:\\\/\\\/www.tropiko.pl\\\/pl\\\/montaz-zadaszenia\\\/#primaryimage\"},\"image\":{\"@id\":\"https:\\\/\\\/www.tropiko.pl\\\/pl\\\/montaz-zadaszenia\\\/#primaryimage\"},\"thumbnailUrl\":\"http:\\\/\\\/www.tropiko.eu\\\/cz\\\/wp-content\\\/uploads\\\/tropiko-33-150x150.jpg\",\"datePublished\":\"2014-12-03T15:36:45+00:00\",\"dateModified\":\"2015-01-07T10:08:07+00:00\",\"breadcrumb\":{\"@id\":\"https:\\\/\\\/www.tropiko.pl\\\/pl\\\/montaz-zadaszenia\\\/#breadcrumb\"},\"inLanguage\":\"pl-PL\",\"potentialAction\":[{\"@type\":\"ReadAction\",\"target\":[\"https:\\\/\\\/www.tropiko.pl\\\/pl\\\/montaz-zadaszenia\\\/\"]}]},{\"@type\":\"ImageObject\",\"inLanguage\":\"pl-PL\",\"@id\":\"https:\\\/\\\/www.tropiko.pl\\\/pl\\\/montaz-zadaszenia\\\/#primaryimage\",\"url\":\"http:\\\/\\\/www.tropiko.eu\\\/cz\\\/wp-content\\\/uploads\\\/tropiko-33-150x150.jpg\",\"contentUrl\":\"http:\\\/\\\/www.tropiko.eu\\\/cz\\\/wp-content\\\/uploads\\\/tropiko-33-150x150.jpg\"},{\"@type\":\"BreadcrumbList\",\"@id\":\"https:\\\/\\\/www.tropiko.pl\\\/pl\\\/montaz-zadaszenia\\\/#breadcrumb\",\"itemListElement\":[{\"@type\":\"ListItem\",\"position\":1,\"name\":\"Dom\u016f\",\"item\":\"https:\\\/\\\/www.tropiko.pl\\\/pl\\\/\"},{\"@type\":\"ListItem\",\"position\":2,\"name\":\"monta\u017c zadaszenia\"}]},{\"@type\":\"WebSite\",\"@id\":\"https:\\\/\\\/www.tropiko.pl\\\/pl\\\/#website\",\"url\":\"https:\\\/\\\/www.tropiko.pl\\\/pl\\\/\",\"name\":\"TROPIKO Polska\",\"description\":\"\",\"publisher\":{\"@id\":\"https:\\\/\\\/www.tropiko.pl\\\/pl\\\/#organization\"},\"potentialAction\":[{\"@type\":\"SearchAction\",\"target\":{\"@type\":\"EntryPoint\",\"urlTemplate\":\"https:\\\/\\\/www.tropiko.pl\\\/pl\\\/?s={search_term_string}\"},\"query-input\":{\"@type\":\"PropertyValueSpecification\",\"valueRequired\":true,\"valueName\":\"search_term_string\"}}],\"inLanguage\":\"pl-PL\"},{\"@type\":\"Organization\",\"@id\":\"https:\\\/\\\/www.tropiko.pl\\\/pl\\\/#organization\",\"name\":\"TROPIKO Polska\",\"url\":\"https:\\\/\\\/www.tropiko.pl\\\/pl\\\/\",\"logo\":{\"@type\":\"ImageObject\",\"inLanguage\":\"pl-PL\",\"@id\":\"https:\\\/\\\/www.tropiko.pl\\\/pl\\\/#\\\/schema\\\/logo\\\/image\\\/\",\"url\":\"https:\\\/\\\/www.tropiko.pl\\\/pl\\\/wp-content\\\/uploads\\\/tropiko-logo2023-04.png\",\"contentUrl\":\"https:\\\/\\\/www.tropiko.pl\\\/pl\\\/wp-content\\\/uploads\\\/tropiko-logo2023-04.png\",\"width\":1680,\"height\":1080,\"caption\":\"TROPIKO Polska\"},\"image\":{\"@id\":\"https:\\\/\\\/www.tropiko.pl\\\/pl\\\/#\\\/schema\\\/logo\\\/image\\\/\"},\"sameAs\":[\"https:\\\/\\\/www.facebook.com\\\/TROPIKO.eu\"]}]}<\/script>\n<!-- \/ Yoast SEO plugin. -->","yoast_head_json":{"title":"monta\u017c zadaszenia &#8211; TROPIKO Polska","robots":{"index":"index","follow":"follow","max-snippet":"max-snippet:-1","max-image-preview":"max-image-preview:large","max-video-preview":"max-video-preview:-1"},"canonical":"https:\/\/www.tropiko.pl\/pl\/montaz-zadaszenia\/","og_locale":"pl_PL","og_type":"article","og_title":"monta\u017c zadaszenia &#8211; TROPIKO Polska","og_description":"Instalacji &#8211; zadaszenie na basen TROPIKO Instrukcja instalacji Monta\u017c pokrywy basenie mo\u017ce obs\u0142u\u017cy\u0107 \u015brednio wykwalifikowanych u\u017cytkownika. Instalacja powinna by\u0107 wykonana co najmniej dwie osoby. Zaleca si\u0119 zamontowanie obudowy \/ obudowy na zewn\u0105trz basen (docelowego). \u0141atwiej jest dotrze\u0107 od wewn\u0105trz budowa\u0107 struktury, utrwalacze i off folii. Miejsce pokrywy w pozycji otwartej, \u0142atwo przenosi trzy osoby &#8211; [...]","og_url":"https:\/\/www.tropiko.pl\/pl\/montaz-zadaszenia\/","og_site_name":"TROPIKO Polska","article_publisher":"https:\/\/www.facebook.com\/TROPIKO.eu","article_modified_time":"2015-01-07T10:08:07+00:00","og_image":[{"url":"http:\/\/www.tropiko.eu\/cz\/wp-content\/uploads\/tropiko-33-150x150.jpg","type":"","width":"","height":""}],"twitter_card":"summary_large_image","twitter_misc":{"Szacowany czas czytania":"3 minuty"},"schema":{"@context":"https:\/\/schema.org","@graph":[{"@type":"WebPage","@id":"https:\/\/www.tropiko.pl\/pl\/montaz-zadaszenia\/","url":"https:\/\/www.tropiko.pl\/pl\/montaz-zadaszenia\/","name":"monta\u017c zadaszenia &#8211; TROPIKO Polska","isPartOf":{"@id":"https:\/\/www.tropiko.pl\/pl\/#website"},"primaryImageOfPage":{"@id":"https:\/\/www.tropiko.pl\/pl\/montaz-zadaszenia\/#primaryimage"},"image":{"@id":"https:\/\/www.tropiko.pl\/pl\/montaz-zadaszenia\/#primaryimage"},"thumbnailUrl":"http:\/\/www.tropiko.eu\/cz\/wp-content\/uploads\/tropiko-33-150x150.jpg","datePublished":"2014-12-03T15:36:45+00:00","dateModified":"2015-01-07T10:08:07+00:00","breadcrumb":{"@id":"https:\/\/www.tropiko.pl\/pl\/montaz-zadaszenia\/#breadcrumb"},"inLanguage":"pl-PL","potentialAction":[{"@type":"ReadAction","target":["https:\/\/www.tropiko.pl\/pl\/montaz-zadaszenia\/"]}]},{"@type":"ImageObject","inLanguage":"pl-PL","@id":"https:\/\/www.tropiko.pl\/pl\/montaz-zadaszenia\/#primaryimage","url":"http:\/\/www.tropiko.eu\/cz\/wp-content\/uploads\/tropiko-33-150x150.jpg","contentUrl":"http:\/\/www.tropiko.eu\/cz\/wp-content\/uploads\/tropiko-33-150x150.jpg"},{"@type":"BreadcrumbList","@id":"https:\/\/www.tropiko.pl\/pl\/montaz-zadaszenia\/#breadcrumb","itemListElement":[{"@type":"ListItem","position":1,"name":"Dom\u016f","item":"https:\/\/www.tropiko.pl\/pl\/"},{"@type":"ListItem","position":2,"name":"monta\u017c zadaszenia"}]},{"@type":"WebSite","@id":"https:\/\/www.tropiko.pl\/pl\/#website","url":"https:\/\/www.tropiko.pl\/pl\/","name":"TROPIKO Polska","description":"","publisher":{"@id":"https:\/\/www.tropiko.pl\/pl\/#organization"},"potentialAction":[{"@type":"SearchAction","target":{"@type":"EntryPoint","urlTemplate":"https:\/\/www.tropiko.pl\/pl\/?s={search_term_string}"},"query-input":{"@type":"PropertyValueSpecification","valueRequired":true,"valueName":"search_term_string"}}],"inLanguage":"pl-PL"},{"@type":"Organization","@id":"https:\/\/www.tropiko.pl\/pl\/#organization","name":"TROPIKO Polska","url":"https:\/\/www.tropiko.pl\/pl\/","logo":{"@type":"ImageObject","inLanguage":"pl-PL","@id":"https:\/\/www.tropiko.pl\/pl\/#\/schema\/logo\/image\/","url":"https:\/\/www.tropiko.pl\/pl\/wp-content\/uploads\/tropiko-logo2023-04.png","contentUrl":"https:\/\/www.tropiko.pl\/pl\/wp-content\/uploads\/tropiko-logo2023-04.png","width":1680,"height":1080,"caption":"TROPIKO Polska"},"image":{"@id":"https:\/\/www.tropiko.pl\/pl\/#\/schema\/logo\/image\/"},"sameAs":["https:\/\/www.facebook.com\/TROPIKO.eu"]}]}},"_links":{"self":[{"href":"https:\/\/www.tropiko.pl\/pl\/wp-json\/wp\/v2\/pages\/19","targetHints":{"allow":["GET"]}}],"collection":[{"href":"https:\/\/www.tropiko.pl\/pl\/wp-json\/wp\/v2\/pages"}],"about":[{"href":"https:\/\/www.tropiko.pl\/pl\/wp-json\/wp\/v2\/types\/page"}],"author":[{"embeddable":true,"href":"https:\/\/www.tropiko.pl\/pl\/wp-json\/wp\/v2\/users\/1"}],"replies":[{"embeddable":true,"href":"https:\/\/www.tropiko.pl\/pl\/wp-json\/wp\/v2\/comments?post=19"}],"version-history":[{"count":0,"href":"https:\/\/www.tropiko.pl\/pl\/wp-json\/wp\/v2\/pages\/19\/revisions"}],"wp:attachment":[{"href":"https:\/\/www.tropiko.pl\/pl\/wp-json\/wp\/v2\/media?parent=19"}],"curies":[{"name":"wp","href":"https:\/\/api.w.org\/{rel}","templated":true}]}}