{"id":17,"date":"2014-12-03T15:31:31","date_gmt":"2014-12-03T15:31:31","guid":{"rendered":"http:\/\/www.tropiko.eu\/cz\/?page_id=17"},"modified":"2015-01-07T10:19:52","modified_gmt":"2015-01-07T10:19:52","slug":"wybor-rozmiaru-tropiko","status":"publish","type":"page","link":"https:\/\/www.tropiko.pl\/pl\/wybor-rozmiaru-tropiko\/","title":{"rendered":"Wyb\u00f3r rozmiaru TROPIKO"},"content":{"rendered":"<p>Je\u015bli zainstalujesz nasz zadaszenie na basen, dach zawsze wybra\u0107 \u015brednic\u0119 co najmniej 50 cm wy\u017cej.<br \/>\nDo basen\u00f3w polozapu\u0161t\u011bn\u00fdch lub wolnostoj\u0105ce uwadze, \u017ce dach jest okr\u0105g\u0142a i zw\u0119\u017ca si\u0119 ku g\u00f3rze. Wymiary w tym wypadku obudowa mo\u017ce by\u0107 wystarczaj\u0105co wi\u0119ksza.<br \/>\nNie zapomnij o przestrze\u0144 dla skimmera i zaanga\u017cowania, pozycjonowanie filtracji.<\/p>\n<p>Tabela Por\u00f3wnanie wielko\u015bci zadaszenie na basen i jego \u015bredniej wysoko\u015bci<\/p>\n<p>Dla wbudowania pule u\u017cyciu wysoko\u015bci od pod\u0142o\u017ca do kraw\u0119dzi g\u00f3rnej basenu.<\/p>\n<p><a href=\"http:\/\/www.tropiko.eu\/cz\/wp-content\/uploads\/tropiko-size.jpg\"><img loading=\"lazy\" decoding=\"async\" class=\"alignnone wp-image-123 size-medium\" src=\"http:\/\/www.tropiko.eu\/cz\/wp-content\/uploads\/tropiko-size-300x255.jpg\" alt=\"\" width=\"300\" height=\"255\" srcset=\"https:\/\/www.tropiko.pl\/pl\/wp-content\/uploads\/tropiko-size-300x255.jpg 300w, https:\/\/www.tropiko.pl\/pl\/wp-content\/uploads\/tropiko-size-768x653.jpg 768w, https:\/\/www.tropiko.pl\/pl\/wp-content\/uploads\/tropiko-size.jpg 1003w\" sizes=\"auto, (max-width: 300px) 100vw, 300px\" \/><\/a><\/p>\n<p class=\"wp-caption-dd\">\n","protected":false},"excerpt":{"rendered":"<p>Je\u015bli zainstalujesz nasz zadaszenie na basen, dach zawsze wybra\u0107 \u015brednic\u0119 co najmniej 50 cm wy\u017cej. Do basen\u00f3w polozapu\u0161t\u011bn\u00fdch lub wolnostoj\u0105ce uwadze, \u017ce dach jest okr\u0105g\u0142a i zw\u0119\u017ca si\u0119 ku g\u00f3rze. Wymiary w tym wypadku obudowa mo\u017ce by\u0107 wystarczaj\u0105co wi\u0119ksza. Nie zapomnij o przestrze\u0144 dla skimmera i zaanga\u017cowania, pozycjonowanie filtracji. Tabela Por\u00f3wnanie wielko\u015bci zadaszenie na basen [&#8230;]\n","protected":false},"author":1,"featured_media":0,"parent":0,"menu_order":0,"comment_status":"closed","ping_status":"open","template":"","meta":{"footnotes":""},"class_list":["post-17","page","type-page","status-publish","hentry"],"yoast_head":"<!-- This site is optimized with the Yoast SEO plugin v27.4 - https:\/\/yoast.com\/product\/yoast-seo-wordpress\/ -->\n<title>Wyb\u00f3r rozmiaru TROPIKO &#8211; TROPIKO Polska<\/title>\n<meta name=\"robots\" content=\"index, follow, max-snippet:-1, max-image-preview:large, max-video-preview:-1\" \/>\n<link rel=\"canonical\" href=\"https:\/\/www.tropiko.pl\/pl\/wybor-rozmiaru-tropiko\/\" \/>\n<meta property=\"og:locale\" content=\"pl_PL\" \/>\n<meta property=\"og:type\" content=\"article\" \/>\n<meta property=\"og:title\" content=\"Wyb\u00f3r rozmiaru TROPIKO &#8211; TROPIKO Polska\" \/>\n<meta property=\"og:description\" content=\"Je\u015bli zainstalujesz nasz zadaszenie na basen, dach zawsze wybra\u0107 \u015brednic\u0119 co najmniej 50 cm wy\u017cej. Do basen\u00f3w polozapu\u0161t\u011bn\u00fdch lub wolnostoj\u0105ce uwadze, \u017ce dach jest okr\u0105g\u0142a i zw\u0119\u017ca si\u0119 ku g\u00f3rze. Wymiary w tym wypadku obudowa mo\u017ce by\u0107 wystarczaj\u0105co wi\u0119ksza. Nie zapomnij o przestrze\u0144 dla skimmera i zaanga\u017cowania, pozycjonowanie filtracji. Tabela Por\u00f3wnanie wielko\u015bci zadaszenie na basen [...]\" \/>\n<meta property=\"og:url\" content=\"https:\/\/www.tropiko.pl\/pl\/wybor-rozmiaru-tropiko\/\" \/>\n<meta property=\"og:site_name\" content=\"TROPIKO Polska\" \/>\n<meta property=\"article:publisher\" content=\"https:\/\/www.facebook.com\/TROPIKO.eu\" \/>\n<meta property=\"article:modified_time\" content=\"2015-01-07T10:19:52+00:00\" \/>\n<meta property=\"og:image\" content=\"http:\/\/www.tropiko.eu\/cz\/wp-content\/uploads\/tropiko-size-300x255.jpg\" \/>\n<meta name=\"twitter:card\" content=\"summary_large_image\" \/>\n<script type=\"application\/ld+json\" class=\"yoast-schema-graph\">{\"@context\":\"https:\\\/\\\/schema.org\",\"@graph\":[{\"@type\":\"WebPage\",\"@id\":\"https:\\\/\\\/www.tropiko.pl\\\/pl\\\/wybor-rozmiaru-tropiko\\\/\",\"url\":\"https:\\\/\\\/www.tropiko.pl\\\/pl\\\/wybor-rozmiaru-tropiko\\\/\",\"name\":\"Wyb\u00f3r rozmiaru TROPIKO &#8211; TROPIKO Polska\",\"isPartOf\":{\"@id\":\"https:\\\/\\\/www.tropiko.pl\\\/pl\\\/#website\"},\"primaryImageOfPage\":{\"@id\":\"https:\\\/\\\/www.tropiko.pl\\\/pl\\\/wybor-rozmiaru-tropiko\\\/#primaryimage\"},\"image\":{\"@id\":\"https:\\\/\\\/www.tropiko.pl\\\/pl\\\/wybor-rozmiaru-tropiko\\\/#primaryimage\"},\"thumbnailUrl\":\"http:\\\/\\\/www.tropiko.eu\\\/cz\\\/wp-content\\\/uploads\\\/tropiko-size-300x255.jpg\",\"datePublished\":\"2014-12-03T15:31:31+00:00\",\"dateModified\":\"2015-01-07T10:19:52+00:00\",\"breadcrumb\":{\"@id\":\"https:\\\/\\\/www.tropiko.pl\\\/pl\\\/wybor-rozmiaru-tropiko\\\/#breadcrumb\"},\"inLanguage\":\"pl-PL\",\"potentialAction\":[{\"@type\":\"ReadAction\",\"target\":[\"https:\\\/\\\/www.tropiko.pl\\\/pl\\\/wybor-rozmiaru-tropiko\\\/\"]}]},{\"@type\":\"ImageObject\",\"inLanguage\":\"pl-PL\",\"@id\":\"https:\\\/\\\/www.tropiko.pl\\\/pl\\\/wybor-rozmiaru-tropiko\\\/#primaryimage\",\"url\":\"http:\\\/\\\/www.tropiko.eu\\\/cz\\\/wp-content\\\/uploads\\\/tropiko-size-300x255.jpg\",\"contentUrl\":\"http:\\\/\\\/www.tropiko.eu\\\/cz\\\/wp-content\\\/uploads\\\/tropiko-size-300x255.jpg\"},{\"@type\":\"BreadcrumbList\",\"@id\":\"https:\\\/\\\/www.tropiko.pl\\\/pl\\\/wybor-rozmiaru-tropiko\\\/#breadcrumb\",\"itemListElement\":[{\"@type\":\"ListItem\",\"position\":1,\"name\":\"Dom\u016f\",\"item\":\"https:\\\/\\\/www.tropiko.pl\\\/pl\\\/\"},{\"@type\":\"ListItem\",\"position\":2,\"name\":\"Wyb\u00f3r rozmiaru TROPIKO\"}]},{\"@type\":\"WebSite\",\"@id\":\"https:\\\/\\\/www.tropiko.pl\\\/pl\\\/#website\",\"url\":\"https:\\\/\\\/www.tropiko.pl\\\/pl\\\/\",\"name\":\"TROPIKO Polska\",\"description\":\"\",\"publisher\":{\"@id\":\"https:\\\/\\\/www.tropiko.pl\\\/pl\\\/#organization\"},\"potentialAction\":[{\"@type\":\"SearchAction\",\"target\":{\"@type\":\"EntryPoint\",\"urlTemplate\":\"https:\\\/\\\/www.tropiko.pl\\\/pl\\\/?s={search_term_string}\"},\"query-input\":{\"@type\":\"PropertyValueSpecification\",\"valueRequired\":true,\"valueName\":\"search_term_string\"}}],\"inLanguage\":\"pl-PL\"},{\"@type\":\"Organization\",\"@id\":\"https:\\\/\\\/www.tropiko.pl\\\/pl\\\/#organization\",\"name\":\"TROPIKO Polska\",\"url\":\"https:\\\/\\\/www.tropiko.pl\\\/pl\\\/\",\"logo\":{\"@type\":\"ImageObject\",\"inLanguage\":\"pl-PL\",\"@id\":\"https:\\\/\\\/www.tropiko.pl\\\/pl\\\/#\\\/schema\\\/logo\\\/image\\\/\",\"url\":\"https:\\\/\\\/www.tropiko.pl\\\/pl\\\/wp-content\\\/uploads\\\/tropiko-logo2023-04.png\",\"contentUrl\":\"https:\\\/\\\/www.tropiko.pl\\\/pl\\\/wp-content\\\/uploads\\\/tropiko-logo2023-04.png\",\"width\":1680,\"height\":1080,\"caption\":\"TROPIKO Polska\"},\"image\":{\"@id\":\"https:\\\/\\\/www.tropiko.pl\\\/pl\\\/#\\\/schema\\\/logo\\\/image\\\/\"},\"sameAs\":[\"https:\\\/\\\/www.facebook.com\\\/TROPIKO.eu\"]}]}<\/script>\n<!-- \/ Yoast SEO plugin. -->","yoast_head_json":{"title":"Wyb\u00f3r rozmiaru TROPIKO &#8211; TROPIKO Polska","robots":{"index":"index","follow":"follow","max-snippet":"max-snippet:-1","max-image-preview":"max-image-preview:large","max-video-preview":"max-video-preview:-1"},"canonical":"https:\/\/www.tropiko.pl\/pl\/wybor-rozmiaru-tropiko\/","og_locale":"pl_PL","og_type":"article","og_title":"Wyb\u00f3r rozmiaru TROPIKO &#8211; TROPIKO Polska","og_description":"Je\u015bli zainstalujesz nasz zadaszenie na basen, dach zawsze wybra\u0107 \u015brednic\u0119 co najmniej 50 cm wy\u017cej. Do basen\u00f3w polozapu\u0161t\u011bn\u00fdch lub wolnostoj\u0105ce uwadze, \u017ce dach jest okr\u0105g\u0142a i zw\u0119\u017ca si\u0119 ku g\u00f3rze. Wymiary w tym wypadku obudowa mo\u017ce by\u0107 wystarczaj\u0105co wi\u0119ksza. Nie zapomnij o przestrze\u0144 dla skimmera i zaanga\u017cowania, pozycjonowanie filtracji. Tabela Por\u00f3wnanie wielko\u015bci zadaszenie na basen [...]","og_url":"https:\/\/www.tropiko.pl\/pl\/wybor-rozmiaru-tropiko\/","og_site_name":"TROPIKO Polska","article_publisher":"https:\/\/www.facebook.com\/TROPIKO.eu","article_modified_time":"2015-01-07T10:19:52+00:00","og_image":[{"url":"http:\/\/www.tropiko.eu\/cz\/wp-content\/uploads\/tropiko-size-300x255.jpg","type":"","width":"","height":""}],"twitter_card":"summary_large_image","schema":{"@context":"https:\/\/schema.org","@graph":[{"@type":"WebPage","@id":"https:\/\/www.tropiko.pl\/pl\/wybor-rozmiaru-tropiko\/","url":"https:\/\/www.tropiko.pl\/pl\/wybor-rozmiaru-tropiko\/","name":"Wyb\u00f3r rozmiaru TROPIKO &#8211; TROPIKO Polska","isPartOf":{"@id":"https:\/\/www.tropiko.pl\/pl\/#website"},"primaryImageOfPage":{"@id":"https:\/\/www.tropiko.pl\/pl\/wybor-rozmiaru-tropiko\/#primaryimage"},"image":{"@id":"https:\/\/www.tropiko.pl\/pl\/wybor-rozmiaru-tropiko\/#primaryimage"},"thumbnailUrl":"http:\/\/www.tropiko.eu\/cz\/wp-content\/uploads\/tropiko-size-300x255.jpg","datePublished":"2014-12-03T15:31:31+00:00","dateModified":"2015-01-07T10:19:52+00:00","breadcrumb":{"@id":"https:\/\/www.tropiko.pl\/pl\/wybor-rozmiaru-tropiko\/#breadcrumb"},"inLanguage":"pl-PL","potentialAction":[{"@type":"ReadAction","target":["https:\/\/www.tropiko.pl\/pl\/wybor-rozmiaru-tropiko\/"]}]},{"@type":"ImageObject","inLanguage":"pl-PL","@id":"https:\/\/www.tropiko.pl\/pl\/wybor-rozmiaru-tropiko\/#primaryimage","url":"http:\/\/www.tropiko.eu\/cz\/wp-content\/uploads\/tropiko-size-300x255.jpg","contentUrl":"http:\/\/www.tropiko.eu\/cz\/wp-content\/uploads\/tropiko-size-300x255.jpg"},{"@type":"BreadcrumbList","@id":"https:\/\/www.tropiko.pl\/pl\/wybor-rozmiaru-tropiko\/#breadcrumb","itemListElement":[{"@type":"ListItem","position":1,"name":"Dom\u016f","item":"https:\/\/www.tropiko.pl\/pl\/"},{"@type":"ListItem","position":2,"name":"Wyb\u00f3r rozmiaru TROPIKO"}]},{"@type":"WebSite","@id":"https:\/\/www.tropiko.pl\/pl\/#website","url":"https:\/\/www.tropiko.pl\/pl\/","name":"TROPIKO Polska","description":"","publisher":{"@id":"https:\/\/www.tropiko.pl\/pl\/#organization"},"potentialAction":[{"@type":"SearchAction","target":{"@type":"EntryPoint","urlTemplate":"https:\/\/www.tropiko.pl\/pl\/?s={search_term_string}"},"query-input":{"@type":"PropertyValueSpecification","valueRequired":true,"valueName":"search_term_string"}}],"inLanguage":"pl-PL"},{"@type":"Organization","@id":"https:\/\/www.tropiko.pl\/pl\/#organization","name":"TROPIKO Polska","url":"https:\/\/www.tropiko.pl\/pl\/","logo":{"@type":"ImageObject","inLanguage":"pl-PL","@id":"https:\/\/www.tropiko.pl\/pl\/#\/schema\/logo\/image\/","url":"https:\/\/www.tropiko.pl\/pl\/wp-content\/uploads\/tropiko-logo2023-04.png","contentUrl":"https:\/\/www.tropiko.pl\/pl\/wp-content\/uploads\/tropiko-logo2023-04.png","width":1680,"height":1080,"caption":"TROPIKO Polska"},"image":{"@id":"https:\/\/www.tropiko.pl\/pl\/#\/schema\/logo\/image\/"},"sameAs":["https:\/\/www.facebook.com\/TROPIKO.eu"]}]}},"_links":{"self":[{"href":"https:\/\/www.tropiko.pl\/pl\/wp-json\/wp\/v2\/pages\/17","targetHints":{"allow":["GET"]}}],"collection":[{"href":"https:\/\/www.tropiko.pl\/pl\/wp-json\/wp\/v2\/pages"}],"about":[{"href":"https:\/\/www.tropiko.pl\/pl\/wp-json\/wp\/v2\/types\/page"}],"author":[{"embeddable":true,"href":"https:\/\/www.tropiko.pl\/pl\/wp-json\/wp\/v2\/users\/1"}],"replies":[{"embeddable":true,"href":"https:\/\/www.tropiko.pl\/pl\/wp-json\/wp\/v2\/comments?post=17"}],"version-history":[{"count":0,"href":"https:\/\/www.tropiko.pl\/pl\/wp-json\/wp\/v2\/pages\/17\/revisions"}],"wp:attachment":[{"href":"https:\/\/www.tropiko.pl\/pl\/wp-json\/wp\/v2\/media?parent=17"}],"curies":[{"name":"wp","href":"https:\/\/api.w.org\/{rel}","templated":true}]}}