{"id":13,"date":"2014-12-03T15:28:57","date_gmt":"2014-12-03T15:28:57","guid":{"rendered":"http:\/\/www.tropiko.eu\/cz\/?page_id=13"},"modified":"2015-01-07T09:53:01","modified_gmt":"2015-01-07T09:53:01","slug":"100-otwarty-basen","status":"publish","type":"page","link":"https:\/\/www.tropiko.pl\/pl\/100-otwarty-basen\/","title":{"rendered":"100% otwarty basen"},"content":{"rendered":"<p><strong>Obchodzenie si\u0119 zadaszenie na basen<\/strong><br \/>\nPoszycie TROPIKO jest zaprojektowany tak, \u017ce mo\u017ce by\u0107 w 100% otwarcia.<br \/>\nOtwarcie uchwyt pokrywy jest zawsze jedna osoba. Po wydaniu dowolnego mocowania pokrywy jest podniesione w \u015brodku \u0142uku le\u017c\u0105cego na ziemi. Po otwarciu oko\u0142o dw\u00f3ch metr\u00f3w mog\u0105 obejmowa\u0107 d\u0142u\u017cej ryzyka &#8211; otw\u00f3r obudowy uzyskuje si\u0119 pod wp\u0142ywem w\u0142asnego ci\u0119\u017caru.<br \/>\nPokrycie dachowe jest r\u00f3wnie\u017c mo\u017cliwe, aby otworzy\u0107 tylko cz\u0119\u015bciowo, co jest mi\u0119dzy klientami bardzo popularne. Pokrywa otwiera si\u0119 tylko z ziemi, aby m\u00f3g\u0142 on wej\u015b\u0107 na basen. Aby ustali\u0107po\u0142o\u017cenie naszych klient\u00f3w, takich jak u\u017cywa\u0107 lin przymocowanych do pierwszego \u0142uku w oko i na chodniku lub w ziemi przed basenem.<br \/>\nPoprzez zr\u00f3wnowa\u017cenie \u0142uki dachowe mo\u017cna \u0142atwo manipulowa\u0107 tak, \u017ce mo\u017cna p\u0142ywa\u0107 z zamkni\u0119tym dachem i na vyl\u00e9z\u00e1n\u00ed \u0142atwo otworzy\u0107 od basenu.<br \/>\nZamkni\u0119cie pokrywy w pe\u0142ni otwarty (przeci\u0105gnij go na basenie, a je\u015bli jest to wymagane) s\u0105 w najwi\u0119kszej \u015brednicy musz\u0105 przeprowadza\u0107 dwie osoby.<\/p>\n<p>&nbsp;<\/p>\n<p><a href=\"http:\/\/www.tropiko.eu\/cz\/wp-content\/uploads\/tropiko-07.jpg\"><img loading=\"lazy\" decoding=\"async\" class=\"size-medium wp-image-95\" src=\"http:\/\/www.tropiko.eu\/cz\/wp-content\/uploads\/tropiko-07-300x225.jpg\" alt=\"Zast\u0159e\u0161en\u00ed baz\u00e9nu TROPIKO pro del\u0161\u00ed koup\u00e1n\u00ed, tepl\u00fd baz\u00e9n a \u010distou vodu jako azuro. Pro nadzemn\u00ed i zapu\u0161t\u011bn\u00e9 (kruhov\u00e9 \/ kulat\u00e9) zahradn\u00ed baz\u00e9ny.\" width=\"300\" height=\"225\" srcset=\"https:\/\/www.tropiko.pl\/pl\/wp-content\/uploads\/tropiko-07-300x225.jpg 300w, https:\/\/www.tropiko.pl\/pl\/wp-content\/uploads\/tropiko-07-768x576.jpg 768w, https:\/\/www.tropiko.pl\/pl\/wp-content\/uploads\/tropiko-07-1024x768.jpg 1024w, https:\/\/www.tropiko.pl\/pl\/wp-content\/uploads\/tropiko-07.jpg 1200w\" sizes=\"auto, (max-width: 300px) 100vw, 300px\" \/><\/a><\/p>\n<p class=\"wp-caption-dd\">otwarty TROPIKO mo\u017ce by\u0107 \u0142atwo<\/p>\n<p><a href=\"http:\/\/www.tropiko.eu\/cz\/wp-content\/uploads\/tropiko-08.jpg\"><img loading=\"lazy\" decoding=\"async\" class=\"size-medium wp-image-96\" src=\"http:\/\/www.tropiko.eu\/cz\/wp-content\/uploads\/tropiko-08-300x225.jpg\" alt=\"Zast\u0159e\u0161en\u00ed baz\u00e9nu TROPIKO pro del\u0161\u00ed koup\u00e1n\u00ed, tepl\u00fd baz\u00e9n a \u010distou vodu jako azuro. Pro nadzemn\u00ed i zapu\u0161t\u011bn\u00e9 (kruhov\u00e9 \/ kulat\u00e9) zahradn\u00ed baz\u00e9ny.\" width=\"300\" height=\"225\" srcset=\"https:\/\/www.tropiko.pl\/pl\/wp-content\/uploads\/tropiko-08-300x225.jpg 300w, https:\/\/www.tropiko.pl\/pl\/wp-content\/uploads\/tropiko-08-768x576.jpg 768w, https:\/\/www.tropiko.pl\/pl\/wp-content\/uploads\/tropiko-08-1024x768.jpg 1024w, https:\/\/www.tropiko.pl\/pl\/wp-content\/uploads\/tropiko-08.jpg 1200w\" sizes=\"auto, (max-width: 300px) 100vw, 300px\" \/><\/a><\/p>\n<p class=\"wp-caption-dd\">Na tym etapie mo\u017cliwe jest pu\u015bci\u0107 i niech pokrywa otworzy\u0107 sw\u00f3j w\u0142asny ci\u0119\u017car<\/p>\n<p><a href=\"http:\/\/www.tropiko.eu\/cz\/wp-content\/uploads\/tropiko-10.jpg\"><img loading=\"lazy\" decoding=\"async\" class=\"size-medium wp-image-98\" src=\"http:\/\/www.tropiko.eu\/cz\/wp-content\/uploads\/tropiko-10-300x133.jpg\" alt=\"Zast\u0159e\u0161en\u00ed baz\u00e9nu TROPIKO pro del\u0161\u00ed koup\u00e1n\u00ed, tepl\u00fd baz\u00e9n a \u010distou vodu jako azuro. Pro nadzemn\u00ed i zapu\u0161t\u011bn\u00e9 (kruhov\u00e9 \/ kulat\u00e9) zahradn\u00ed baz\u00e9ny.\" width=\"300\" height=\"133\" srcset=\"https:\/\/www.tropiko.pl\/pl\/wp-content\/uploads\/tropiko-10-300x133.jpg 300w, https:\/\/www.tropiko.pl\/pl\/wp-content\/uploads\/tropiko-10-768x340.jpg 768w, https:\/\/www.tropiko.pl\/pl\/wp-content\/uploads\/tropiko-10-1024x454.jpg 1024w, https:\/\/www.tropiko.pl\/pl\/wp-content\/uploads\/tropiko-10.jpg 1200w\" sizes=\"auto, (max-width: 300px) 100vw, 300px\" \/><\/a><\/p>\n<p class=\"wp-caption-dd\">w pe\u0142ni otworzy\u0107 zadaszenie,<br \/>\nbezp\u0142atny dost\u0119p do basenu,<br \/>\nniezak\u0142\u00f3cone p\u0142ywanie<\/p>\n<p><a href=\"http:\/\/www.tropiko.eu\/cz\/wp-content\/uploads\/tropiko-34.jpg\"><img loading=\"lazy\" decoding=\"async\" class=\"size-medium wp-image-122\" src=\"http:\/\/www.tropiko.eu\/cz\/wp-content\/uploads\/tropiko-34-300x225.jpg\" alt=\"Zast\u0159e\u0161en\u00ed baz\u00e9nu TROPIKO pro del\u0161\u00ed koup\u00e1n\u00ed, tepl\u00fd baz\u00e9n a \u010distou vodu jako azuro. Pro nadzemn\u00ed i zapu\u0161t\u011bn\u00e9 (kruhov\u00e9 \/ kulat\u00e9) zahradn\u00ed baz\u00e9ny.\" width=\"300\" height=\"225\" srcset=\"https:\/\/www.tropiko.pl\/pl\/wp-content\/uploads\/tropiko-34-300x225.jpg 300w, https:\/\/www.tropiko.pl\/pl\/wp-content\/uploads\/tropiko-34-768x576.jpg 768w, https:\/\/www.tropiko.pl\/pl\/wp-content\/uploads\/tropiko-34-1024x768.jpg 1024w, https:\/\/www.tropiko.pl\/pl\/wp-content\/uploads\/tropiko-34.jpg 1200w\" sizes=\"auto, (max-width: 300px) 100vw, 300px\" \/><\/a><\/p>\n<p class=\"wp-caption-dd\">Pokrywa zamyka ca\u0142kowicie otwarty<br \/>\nz najwi\u0119kszych \u015brednic wykona\u0107 dwie osoby<\/p>\n","protected":false},"excerpt":{"rendered":"<p>Obchodzenie si\u0119 zadaszenie na basen Poszycie TROPIKO jest zaprojektowany tak, \u017ce mo\u017ce by\u0107 w 100% otwarcia. Otwarcie uchwyt pokrywy jest zawsze jedna osoba. Po wydaniu dowolnego mocowania pokrywy jest podniesione w \u015brodku \u0142uku le\u017c\u0105cego na ziemi. Po otwarciu oko\u0142o dw\u00f3ch metr\u00f3w mog\u0105 obejmowa\u0107 d\u0142u\u017cej ryzyka &#8211; otw\u00f3r obudowy uzyskuje si\u0119 pod wp\u0142ywem w\u0142asnego ci\u0119\u017caru. Pokrycie [&#8230;]\n","protected":false},"author":1,"featured_media":0,"parent":0,"menu_order":0,"comment_status":"closed","ping_status":"open","template":"","meta":{"footnotes":""},"class_list":["post-13","page","type-page","status-publish","hentry"],"yoast_head":"<!-- This site is optimized with the Yoast SEO plugin v27.4 - https:\/\/yoast.com\/product\/yoast-seo-wordpress\/ -->\n<title>100% otwarty basen &#8211; TROPIKO Polska<\/title>\n<meta name=\"robots\" content=\"index, follow, max-snippet:-1, max-image-preview:large, max-video-preview:-1\" \/>\n<link rel=\"canonical\" href=\"https:\/\/www.tropiko.pl\/pl\/100-otwarty-basen\/\" \/>\n<meta property=\"og:locale\" content=\"pl_PL\" \/>\n<meta property=\"og:type\" content=\"article\" \/>\n<meta property=\"og:title\" content=\"100% otwarty basen &#8211; TROPIKO Polska\" \/>\n<meta property=\"og:description\" content=\"Obchodzenie si\u0119 zadaszenie na basen Poszycie TROPIKO jest zaprojektowany tak, \u017ce mo\u017ce by\u0107 w 100% otwarcia. Otwarcie uchwyt pokrywy jest zawsze jedna osoba. Po wydaniu dowolnego mocowania pokrywy jest podniesione w \u015brodku \u0142uku le\u017c\u0105cego na ziemi. Po otwarciu oko\u0142o dw\u00f3ch metr\u00f3w mog\u0105 obejmowa\u0107 d\u0142u\u017cej ryzyka &#8211; otw\u00f3r obudowy uzyskuje si\u0119 pod wp\u0142ywem w\u0142asnego ci\u0119\u017caru. Pokrycie [...]\" \/>\n<meta property=\"og:url\" content=\"https:\/\/www.tropiko.pl\/pl\/100-otwarty-basen\/\" \/>\n<meta property=\"og:site_name\" content=\"TROPIKO Polska\" \/>\n<meta property=\"article:publisher\" content=\"https:\/\/www.facebook.com\/TROPIKO.eu\" \/>\n<meta property=\"article:modified_time\" content=\"2015-01-07T09:53:01+00:00\" \/>\n<meta property=\"og:image\" content=\"http:\/\/www.tropiko.eu\/cz\/wp-content\/uploads\/tropiko-07-300x225.jpg\" \/>\n<meta name=\"twitter:card\" content=\"summary_large_image\" \/>\n<meta name=\"twitter:label1\" content=\"Szacowany czas czytania\" \/>\n\t<meta name=\"twitter:data1\" content=\"1 minuta\" \/>\n<script type=\"application\/ld+json\" class=\"yoast-schema-graph\">{\"@context\":\"https:\\\/\\\/schema.org\",\"@graph\":[{\"@type\":\"WebPage\",\"@id\":\"https:\\\/\\\/www.tropiko.pl\\\/pl\\\/100-otwarty-basen\\\/\",\"url\":\"https:\\\/\\\/www.tropiko.pl\\\/pl\\\/100-otwarty-basen\\\/\",\"name\":\"100% otwarty basen &#8211; TROPIKO Polska\",\"isPartOf\":{\"@id\":\"https:\\\/\\\/www.tropiko.pl\\\/pl\\\/#website\"},\"primaryImageOfPage\":{\"@id\":\"https:\\\/\\\/www.tropiko.pl\\\/pl\\\/100-otwarty-basen\\\/#primaryimage\"},\"image\":{\"@id\":\"https:\\\/\\\/www.tropiko.pl\\\/pl\\\/100-otwarty-basen\\\/#primaryimage\"},\"thumbnailUrl\":\"http:\\\/\\\/www.tropiko.eu\\\/cz\\\/wp-content\\\/uploads\\\/tropiko-07-300x225.jpg\",\"datePublished\":\"2014-12-03T15:28:57+00:00\",\"dateModified\":\"2015-01-07T09:53:01+00:00\",\"breadcrumb\":{\"@id\":\"https:\\\/\\\/www.tropiko.pl\\\/pl\\\/100-otwarty-basen\\\/#breadcrumb\"},\"inLanguage\":\"pl-PL\",\"potentialAction\":[{\"@type\":\"ReadAction\",\"target\":[\"https:\\\/\\\/www.tropiko.pl\\\/pl\\\/100-otwarty-basen\\\/\"]}]},{\"@type\":\"ImageObject\",\"inLanguage\":\"pl-PL\",\"@id\":\"https:\\\/\\\/www.tropiko.pl\\\/pl\\\/100-otwarty-basen\\\/#primaryimage\",\"url\":\"http:\\\/\\\/www.tropiko.eu\\\/cz\\\/wp-content\\\/uploads\\\/tropiko-07-300x225.jpg\",\"contentUrl\":\"http:\\\/\\\/www.tropiko.eu\\\/cz\\\/wp-content\\\/uploads\\\/tropiko-07-300x225.jpg\"},{\"@type\":\"BreadcrumbList\",\"@id\":\"https:\\\/\\\/www.tropiko.pl\\\/pl\\\/100-otwarty-basen\\\/#breadcrumb\",\"itemListElement\":[{\"@type\":\"ListItem\",\"position\":1,\"name\":\"Dom\u016f\",\"item\":\"https:\\\/\\\/www.tropiko.pl\\\/pl\\\/\"},{\"@type\":\"ListItem\",\"position\":2,\"name\":\"100% otwarty basen\"}]},{\"@type\":\"WebSite\",\"@id\":\"https:\\\/\\\/www.tropiko.pl\\\/pl\\\/#website\",\"url\":\"https:\\\/\\\/www.tropiko.pl\\\/pl\\\/\",\"name\":\"TROPIKO Polska\",\"description\":\"\",\"publisher\":{\"@id\":\"https:\\\/\\\/www.tropiko.pl\\\/pl\\\/#organization\"},\"potentialAction\":[{\"@type\":\"SearchAction\",\"target\":{\"@type\":\"EntryPoint\",\"urlTemplate\":\"https:\\\/\\\/www.tropiko.pl\\\/pl\\\/?s={search_term_string}\"},\"query-input\":{\"@type\":\"PropertyValueSpecification\",\"valueRequired\":true,\"valueName\":\"search_term_string\"}}],\"inLanguage\":\"pl-PL\"},{\"@type\":\"Organization\",\"@id\":\"https:\\\/\\\/www.tropiko.pl\\\/pl\\\/#organization\",\"name\":\"TROPIKO Polska\",\"url\":\"https:\\\/\\\/www.tropiko.pl\\\/pl\\\/\",\"logo\":{\"@type\":\"ImageObject\",\"inLanguage\":\"pl-PL\",\"@id\":\"https:\\\/\\\/www.tropiko.pl\\\/pl\\\/#\\\/schema\\\/logo\\\/image\\\/\",\"url\":\"https:\\\/\\\/www.tropiko.pl\\\/pl\\\/wp-content\\\/uploads\\\/tropiko-logo2023-04.png\",\"contentUrl\":\"https:\\\/\\\/www.tropiko.pl\\\/pl\\\/wp-content\\\/uploads\\\/tropiko-logo2023-04.png\",\"width\":1680,\"height\":1080,\"caption\":\"TROPIKO Polska\"},\"image\":{\"@id\":\"https:\\\/\\\/www.tropiko.pl\\\/pl\\\/#\\\/schema\\\/logo\\\/image\\\/\"},\"sameAs\":[\"https:\\\/\\\/www.facebook.com\\\/TROPIKO.eu\"]}]}<\/script>\n<!-- \/ Yoast SEO plugin. -->","yoast_head_json":{"title":"100% otwarty basen &#8211; TROPIKO Polska","robots":{"index":"index","follow":"follow","max-snippet":"max-snippet:-1","max-image-preview":"max-image-preview:large","max-video-preview":"max-video-preview:-1"},"canonical":"https:\/\/www.tropiko.pl\/pl\/100-otwarty-basen\/","og_locale":"pl_PL","og_type":"article","og_title":"100% otwarty basen &#8211; TROPIKO Polska","og_description":"Obchodzenie si\u0119 zadaszenie na basen Poszycie TROPIKO jest zaprojektowany tak, \u017ce mo\u017ce by\u0107 w 100% otwarcia. Otwarcie uchwyt pokrywy jest zawsze jedna osoba. Po wydaniu dowolnego mocowania pokrywy jest podniesione w \u015brodku \u0142uku le\u017c\u0105cego na ziemi. Po otwarciu oko\u0142o dw\u00f3ch metr\u00f3w mog\u0105 obejmowa\u0107 d\u0142u\u017cej ryzyka &#8211; otw\u00f3r obudowy uzyskuje si\u0119 pod wp\u0142ywem w\u0142asnego ci\u0119\u017caru. Pokrycie [...]","og_url":"https:\/\/www.tropiko.pl\/pl\/100-otwarty-basen\/","og_site_name":"TROPIKO Polska","article_publisher":"https:\/\/www.facebook.com\/TROPIKO.eu","article_modified_time":"2015-01-07T09:53:01+00:00","og_image":[{"url":"http:\/\/www.tropiko.eu\/cz\/wp-content\/uploads\/tropiko-07-300x225.jpg","type":"","width":"","height":""}],"twitter_card":"summary_large_image","twitter_misc":{"Szacowany czas czytania":"1 minuta"},"schema":{"@context":"https:\/\/schema.org","@graph":[{"@type":"WebPage","@id":"https:\/\/www.tropiko.pl\/pl\/100-otwarty-basen\/","url":"https:\/\/www.tropiko.pl\/pl\/100-otwarty-basen\/","name":"100% otwarty basen &#8211; TROPIKO Polska","isPartOf":{"@id":"https:\/\/www.tropiko.pl\/pl\/#website"},"primaryImageOfPage":{"@id":"https:\/\/www.tropiko.pl\/pl\/100-otwarty-basen\/#primaryimage"},"image":{"@id":"https:\/\/www.tropiko.pl\/pl\/100-otwarty-basen\/#primaryimage"},"thumbnailUrl":"http:\/\/www.tropiko.eu\/cz\/wp-content\/uploads\/tropiko-07-300x225.jpg","datePublished":"2014-12-03T15:28:57+00:00","dateModified":"2015-01-07T09:53:01+00:00","breadcrumb":{"@id":"https:\/\/www.tropiko.pl\/pl\/100-otwarty-basen\/#breadcrumb"},"inLanguage":"pl-PL","potentialAction":[{"@type":"ReadAction","target":["https:\/\/www.tropiko.pl\/pl\/100-otwarty-basen\/"]}]},{"@type":"ImageObject","inLanguage":"pl-PL","@id":"https:\/\/www.tropiko.pl\/pl\/100-otwarty-basen\/#primaryimage","url":"http:\/\/www.tropiko.eu\/cz\/wp-content\/uploads\/tropiko-07-300x225.jpg","contentUrl":"http:\/\/www.tropiko.eu\/cz\/wp-content\/uploads\/tropiko-07-300x225.jpg"},{"@type":"BreadcrumbList","@id":"https:\/\/www.tropiko.pl\/pl\/100-otwarty-basen\/#breadcrumb","itemListElement":[{"@type":"ListItem","position":1,"name":"Dom\u016f","item":"https:\/\/www.tropiko.pl\/pl\/"},{"@type":"ListItem","position":2,"name":"100% otwarty basen"}]},{"@type":"WebSite","@id":"https:\/\/www.tropiko.pl\/pl\/#website","url":"https:\/\/www.tropiko.pl\/pl\/","name":"TROPIKO Polska","description":"","publisher":{"@id":"https:\/\/www.tropiko.pl\/pl\/#organization"},"potentialAction":[{"@type":"SearchAction","target":{"@type":"EntryPoint","urlTemplate":"https:\/\/www.tropiko.pl\/pl\/?s={search_term_string}"},"query-input":{"@type":"PropertyValueSpecification","valueRequired":true,"valueName":"search_term_string"}}],"inLanguage":"pl-PL"},{"@type":"Organization","@id":"https:\/\/www.tropiko.pl\/pl\/#organization","name":"TROPIKO Polska","url":"https:\/\/www.tropiko.pl\/pl\/","logo":{"@type":"ImageObject","inLanguage":"pl-PL","@id":"https:\/\/www.tropiko.pl\/pl\/#\/schema\/logo\/image\/","url":"https:\/\/www.tropiko.pl\/pl\/wp-content\/uploads\/tropiko-logo2023-04.png","contentUrl":"https:\/\/www.tropiko.pl\/pl\/wp-content\/uploads\/tropiko-logo2023-04.png","width":1680,"height":1080,"caption":"TROPIKO Polska"},"image":{"@id":"https:\/\/www.tropiko.pl\/pl\/#\/schema\/logo\/image\/"},"sameAs":["https:\/\/www.facebook.com\/TROPIKO.eu"]}]}},"_links":{"self":[{"href":"https:\/\/www.tropiko.pl\/pl\/wp-json\/wp\/v2\/pages\/13","targetHints":{"allow":["GET"]}}],"collection":[{"href":"https:\/\/www.tropiko.pl\/pl\/wp-json\/wp\/v2\/pages"}],"about":[{"href":"https:\/\/www.tropiko.pl\/pl\/wp-json\/wp\/v2\/types\/page"}],"author":[{"embeddable":true,"href":"https:\/\/www.tropiko.pl\/pl\/wp-json\/wp\/v2\/users\/1"}],"replies":[{"embeddable":true,"href":"https:\/\/www.tropiko.pl\/pl\/wp-json\/wp\/v2\/comments?post=13"}],"version-history":[{"count":0,"href":"https:\/\/www.tropiko.pl\/pl\/wp-json\/wp\/v2\/pages\/13\/revisions"}],"wp:attachment":[{"href":"https:\/\/www.tropiko.pl\/pl\/wp-json\/wp\/v2\/media?parent=13"}],"curies":[{"name":"wp","href":"https:\/\/api.w.org\/{rel}","templated":true}]}}